{"id":2934,"date":"2020-03-28T10:47:19","date_gmt":"2020-03-28T09:47:19","guid":{"rendered":"https:\/\/florsivioles.marketingempresas.es\/?post_type=product&#038;p=2934"},"modified":"2024-01-16T18:42:10","modified_gmt":"2024-01-16T17:42:10","slug":"naranja-mesa","status":"publish","type":"product","link":"https:\/\/florsivioles.marketingempresas.es\/en\/product\/naranja-mesa\/","title":{"rendered":"Dessert Orange"},"content":{"rendered":"<p>En Flors i Violes, te invitamos a explorar por qu\u00e9 la Naranja de Mesa es una adici\u00f3n imprescindible en tus comidas. Nuestras naranjas, cultivadas org\u00e1nicamente bajo el sol mediterr\u00e1neo de Ibiza, ofrecen una experiencia culinaria \u00fanica que combina un sabor fresco con beneficios para la salud.<\/p>\n<p>La Naranja de Mesa es conocida por su equilibrio perfecto entre dulzura y acidez. Cada bocado es una explosi\u00f3n de sabor c\u00edtrico y jugoso que alegra tus sentidos. Son ideales para comer solas o para acompa\u00f1ar tus platos favoritos, desde desayunos hasta postres.<\/p>\n<p>Pero su valor va m\u00e1s all\u00e1 del sabor delicioso. Las naranjas son una excelente fuente de vitamina C, un antioxidante clave que refuerza tu sistema inmunol\u00f3gico y te llena de energ\u00eda. Adem\u00e1s, son una fuente natural de fibra diet\u00e9tica, que es beneficiosa para la digesti\u00f3n y la salud del coraz\u00f3n.<\/p>\n<p>En Flors i Violes, nos enorgullece ofrecerte Naranjas de Mesa de la m\u00e1s alta calidad, cultivadas org\u00e1nicamente y siguiendo pr\u00e1cticas sostenibles en Ibiza. Cuando eliges nuestras naranjas, est\u00e1s eligiendo un producto que respeta tanto tu salud como el medio ambiente.<\/p>\n<p>As\u00ed que, si buscas una forma deliciosa y saludable de disfrutar de la frescura y el sabor en tus comidas en Ibiza, la Naranja de Mesa de Flors i Violes es la elecci\u00f3n perfecta. Ya sea que las disfrutes como tentempi\u00e9 o como parte de tus recetas favoritas, experimentar\u00e1s su frescura y vitalidad en cada bocado. \u00a1Descubre la delicia org\u00e1nica de Ibiza en tu mesa!<\/p>","protected":false},"excerpt":{"rendered":"<p>Price per Kg<\/p>","protected":false},"featured_media":2935,"template":"","meta":{"_uag_custom_page_level_css":""},"product_brand":[],"product_cat":[16,21],"product_tag":[152,113,133,116,150,151],"taxonomy\/receta":[],"class_list":{"0":"post-2934","1":"product","2":"type-product","3":"status-publish","4":"has-post-thumbnail","6":"product_cat-convencional","7":"product_cat-frutas","8":"product_tag-envio-a-domicilio","9":"product_tag-envio-a-domicilio-en-ibiza","10":"product_tag-free-delivery","11":"product_tag-frutas-y-verduras-en-ibiza","12":"product_tag-naranja","13":"product_tag-orange","14":"product_shipping_class-envio-gratuito","16":"first","17":"instock","18":"taxable","19":"shipping-taxable","20":"purchasable","21":"product-type-simple"},"uagb_featured_image_src":{"full":["https:\/\/florsivioles.marketingempresas.es\/wp-content\/uploads\/2020\/08\/Naranja-de-Mesa.jpg",1920,1080,false],"thumbnail":["https:\/\/florsivioles.marketingempresas.es\/wp-content\/uploads\/2020\/08\/Naranja-de-Mesa-150x84.jpg",150,84,true],"medium":["https:\/\/florsivioles.marketingempresas.es\/wp-content\/uploads\/2020\/08\/Naranja-de-Mesa-364x205.jpg",364,205,true],"medium_large":["https:\/\/florsivioles.marketingempresas.es\/wp-content\/uploads\/2020\/08\/Naranja-de-Mesa-768x432.jpg",768,432,true],"large":["https:\/\/florsivioles.marketingempresas.es\/wp-content\/uploads\/2020\/08\/Naranja-de-Mesa-1024x576.jpg",1024,576,true],"1536x1536":["https:\/\/florsivioles.marketingempresas.es\/wp-content\/uploads\/2020\/08\/Naranja-de-Mesa-1536x864.jpg",1536,864,true],"2048x2048":["https:\/\/florsivioles.marketingempresas.es\/wp-content\/uploads\/2020\/08\/Naranja-de-Mesa.jpg",1920,1080,false],"trp-custom-language-flag":["https:\/\/florsivioles.marketingempresas.es\/wp-content\/uploads\/2020\/08\/Naranja-de-Mesa-18x10.jpg",18,10,true],"woocommerce_thumbnail":["https:\/\/florsivioles.marketingempresas.es\/wp-content\/uploads\/2020\/08\/Naranja-de-Mesa-260x260.jpg",260,260,true],"woocommerce_single":["https:\/\/florsivioles.marketingempresas.es\/wp-content\/uploads\/2020\/08\/Naranja-de-Mesa-360x203.jpg",360,203,true],"woocommerce_gallery_thumbnail":["https:\/\/florsivioles.marketingempresas.es\/wp-content\/uploads\/2020\/08\/Naranja-de-Mesa-100x100.jpg",100,100,true]},"uagb_author_info":{"display_name":"Christian Roig Brown","author_link":"https:\/\/florsivioles.marketingempresas.es\/en\/author\/"},"uagb_comment_info":0,"uagb_excerpt":"Precio por Kilo.","_links":{"self":[{"href":"https:\/\/florsivioles.marketingempresas.es\/en\/wp-json\/wp\/v2\/product\/2934","targetHints":{"allow":["GET"]}}],"collection":[{"href":"https:\/\/florsivioles.marketingempresas.es\/en\/wp-json\/wp\/v2\/product"}],"about":[{"href":"https:\/\/florsivioles.marketingempresas.es\/en\/wp-json\/wp\/v2\/types\/product"}],"wp:featuredmedia":[{"embeddable":true,"href":"https:\/\/florsivioles.marketingempresas.es\/en\/wp-json\/wp\/v2\/media\/2935"}],"wp:attachment":[{"href":"https:\/\/florsivioles.marketingempresas.es\/en\/wp-json\/wp\/v2\/media?parent=2934"}],"wp:term":[{"taxonomy":"product_brand","embeddable":true,"href":"https:\/\/florsivioles.marketingempresas.es\/en\/wp-json\/wp\/v2\/product_brand?post=2934"},{"taxonomy":"product_cat","embeddable":true,"href":"https:\/\/florsivioles.marketingempresas.es\/en\/wp-json\/wp\/v2\/product_cat?post=2934"},{"taxonomy":"product_tag","embeddable":true,"href":"https:\/\/florsivioles.marketingempresas.es\/en\/wp-json\/wp\/v2\/product_tag?post=2934"},{"taxonomy":"receta","embeddable":true,"href":"https:\/\/florsivioles.marketingempresas.es\/en\/wp-json\/wp\/v2\/taxonomy\/receta?post=2934"}],"curies":[{"name":"wp","href":"https:\/\/api.w.org\/{rel}","templated":true}]}}