{"id":2926,"date":"2020-03-28T11:04:52","date_gmt":"2020-03-28T10:04:52","guid":{"rendered":"https:\/\/florsivioles.marketingempresas.es\/?post_type=product&#038;p=2926"},"modified":"2024-01-16T18:40:43","modified_gmt":"2024-01-16T17:40:43","slug":"limon","status":"publish","type":"product","link":"https:\/\/florsivioles.marketingempresas.es\/en\/product\/limon\/","title":{"rendered":"Lemon"},"content":{"rendered":"<p>El Lim\u00f3n es una fruta rica en <strong>vitamina C<\/strong>, una vitamina esencial para reforzar nuestro sistema inmunol\u00f3gico y nuestras defensas, por eso es un escudo genial contra catarros y gripes. Adem\u00e1s, el lim\u00f3n es capaz de neutralizar y eliminar las toxinas de nuestro organismo, con lo que es un <strong>antioxidante natural<\/strong> muy potente, que te ayudar\u00e1 a depurar tu cuerpo. Tambi\u00e9n es rico en minerales, como el <strong>magnesio, el potasio o el hierro<\/strong>.<\/p>\n<p>El lim\u00f3n es una fruta muy utilizada en el mundo de la gastronom\u00eda, ya que tanto su zumo como su piel, se utilizan en numerosas recetas. Con estos limones podr\u00e1s hacer <strong>zumos (para aprovechar al m\u00e1ximo sus nutrientes), limonadas, helados, reposter\u00eda y postres<\/strong>. Tambi\u00e9n podr\u00e1s marinar tanto <strong>pescado<\/strong> como <strong>pollo<\/strong>, y preparar deliciosas vinagretas. No te olvides de a\u00f1adir estos limones a tu carrito. \u00a1Son un imprescindible en tu casa!<\/p>","protected":false},"excerpt":{"rendered":"<p>Price per Kg<\/p>","protected":false},"featured_media":2927,"template":"","meta":{"_uag_custom_page_level_css":""},"product_brand":[],"product_cat":[16,21],"product_tag":[164,410,71,162],"taxonomy\/receta":[],"class_list":{"0":"post-2926","1":"product","2":"type-product","3":"status-publish","4":"has-post-thumbnail","6":"product_cat-convencional","7":"product_cat-frutas","8":"product_tag-entrega-a-domicilio","9":"product_tag-limon","10":"product_tag-productos-bio-en-ibiza","11":"product_tag-productos-ecologicos","12":"product_shipping_class-envio-gratuito","14":"first","15":"instock","16":"taxable","17":"shipping-taxable","18":"purchasable","19":"product-type-simple"},"uagb_featured_image_src":{"full":["https:\/\/florsivioles.marketingempresas.es\/wp-content\/uploads\/2020\/08\/Limon-de-Importacion-scaled.jpg",1200,675,false],"thumbnail":["https:\/\/florsivioles.marketingempresas.es\/wp-content\/uploads\/2020\/08\/Limon-de-Importacion-scaled-150x84.jpg",150,84,true],"medium":["https:\/\/florsivioles.marketingempresas.es\/wp-content\/uploads\/2020\/08\/Limon-de-Importacion-scaled-364x205.jpg",364,205,true],"medium_large":["https:\/\/florsivioles.marketingempresas.es\/wp-content\/uploads\/2020\/08\/Limon-de-Importacion-scaled-768x432.jpg",768,432,true],"large":["https:\/\/florsivioles.marketingempresas.es\/wp-content\/uploads\/2020\/08\/Limon-de-Importacion-scaled-1024x576.jpg",1024,576,true],"1536x1536":["https:\/\/florsivioles.marketingempresas.es\/wp-content\/uploads\/2020\/08\/Limon-de-Importacion-1536x864.jpg",1536,864,true],"2048x2048":["https:\/\/florsivioles.marketingempresas.es\/wp-content\/uploads\/2020\/08\/Limon-de-Importacion-scaled.jpg",1200,675,false],"trp-custom-language-flag":["https:\/\/florsivioles.marketingempresas.es\/wp-content\/uploads\/2020\/08\/Limon-de-Importacion-scaled-18x10.jpg",18,10,true],"woocommerce_thumbnail":["https:\/\/florsivioles.marketingempresas.es\/wp-content\/uploads\/2020\/08\/Limon-de-Importacion-scaled-260x260.jpg",260,260,true],"woocommerce_single":["https:\/\/florsivioles.marketingempresas.es\/wp-content\/uploads\/2020\/08\/Limon-de-Importacion-scaled-360x203.jpg",360,203,true],"woocommerce_gallery_thumbnail":["https:\/\/florsivioles.marketingempresas.es\/wp-content\/uploads\/2020\/08\/Limon-de-Importacion-scaled-100x100.jpg",100,100,true]},"uagb_author_info":{"display_name":"Christian Roig Brown","author_link":"https:\/\/florsivioles.marketingempresas.es\/en\/author\/"},"uagb_comment_info":0,"uagb_excerpt":"Precio Por Kilo.","_links":{"self":[{"href":"https:\/\/florsivioles.marketingempresas.es\/en\/wp-json\/wp\/v2\/product\/2926","targetHints":{"allow":["GET"]}}],"collection":[{"href":"https:\/\/florsivioles.marketingempresas.es\/en\/wp-json\/wp\/v2\/product"}],"about":[{"href":"https:\/\/florsivioles.marketingempresas.es\/en\/wp-json\/wp\/v2\/types\/product"}],"wp:featuredmedia":[{"embeddable":true,"href":"https:\/\/florsivioles.marketingempresas.es\/en\/wp-json\/wp\/v2\/media\/2927"}],"wp:attachment":[{"href":"https:\/\/florsivioles.marketingempresas.es\/en\/wp-json\/wp\/v2\/media?parent=2926"}],"wp:term":[{"taxonomy":"product_brand","embeddable":true,"href":"https:\/\/florsivioles.marketingempresas.es\/en\/wp-json\/wp\/v2\/product_brand?post=2926"},{"taxonomy":"product_cat","embeddable":true,"href":"https:\/\/florsivioles.marketingempresas.es\/en\/wp-json\/wp\/v2\/product_cat?post=2926"},{"taxonomy":"product_tag","embeddable":true,"href":"https:\/\/florsivioles.marketingempresas.es\/en\/wp-json\/wp\/v2\/product_tag?post=2926"},{"taxonomy":"receta","embeddable":true,"href":"https:\/\/florsivioles.marketingempresas.es\/en\/wp-json\/wp\/v2\/taxonomy\/receta?post=2926"}],"curies":[{"name":"wp","href":"https:\/\/api.w.org\/{rel}","templated":true}]}}