{"id":2686,"date":"2020-03-28T11:01:16","date_gmt":"2020-03-28T10:01:16","guid":{"rendered":"https:\/\/florsivioles.marketingempresas.es\/?post_type=product&#038;p=2686"},"modified":"2023-07-25T20:44:10","modified_gmt":"2023-07-25T18:44:10","slug":"mango-avion","status":"publish","type":"product","link":"https:\/\/florsivioles.marketingempresas.es\/en\/product\/mango-avion\/","title":{"rendered":"Mango (by airplane)"},"content":{"rendered":"<p>El <strong>Mango (by airplane)<\/strong> madura en origen y es tra\u00eddo a Espa\u00f1a r\u00e1pidamente, en avi\u00f3n. Es ideal consumirlo como <strong>fruta fresca<\/strong>, ya que es delicioso por si solo, pero tambi\u00e9n quedar\u00e1 perfecto en tus\u00a0<strong>macedonias<\/strong>\u00a0y\u00a0<strong>ensaladas. Tambi\u00e9n es ideal para preparar <\/strong>batidos, helados y postres.<\/p>","protected":false},"excerpt":{"rendered":"<p>Price per unit<\/p>","protected":false},"featured_media":2687,"template":"","meta":{"_uag_custom_page_level_css":""},"product_brand":[],"product_cat":[16,21],"product_tag":[215,199,229,313,127,246,355,236],"taxonomy\/receta":[],"class_list":{"0":"post-2686","1":"product","2":"type-product","3":"status-publish","4":"has-post-thumbnail","6":"product_cat-convencional","7":"product_cat-frutas","8":"product_tag-cesta-frutas-y-verduras","9":"product_tag-delivery-ibiza-food","10":"product_tag-distribuidor-restaurantes-ibiza","11":"product_tag-fruit-store-in-ibiza","12":"product_tag-fruits-and-vegetables-in-ibiza","13":"product_tag-ibiza-food-delivery","14":"product_tag-mango-avion","15":"product_tag-vegetables-delivery","16":"product_shipping_class-envio-gratuito","18":"first","19":"instock","20":"taxable","21":"shipping-taxable","22":"purchasable","23":"product-type-simple"},"uagb_featured_image_src":{"full":["https:\/\/florsivioles.marketingempresas.es\/wp-content\/uploads\/2020\/06\/Mango-Avi\u00f3n.jpg",1920,1080,false],"thumbnail":["https:\/\/florsivioles.marketingempresas.es\/wp-content\/uploads\/2020\/06\/Mango-Avi\u00f3n-150x84.jpg",150,84,true],"medium":["https:\/\/florsivioles.marketingempresas.es\/wp-content\/uploads\/2020\/06\/Mango-Avi\u00f3n-364x205.jpg",364,205,true],"medium_large":["https:\/\/florsivioles.marketingempresas.es\/wp-content\/uploads\/2020\/06\/Mango-Avi\u00f3n-768x432.jpg",768,432,true],"large":["https:\/\/florsivioles.marketingempresas.es\/wp-content\/uploads\/2020\/06\/Mango-Avi\u00f3n-1024x576.jpg",1024,576,true],"1536x1536":["https:\/\/florsivioles.marketingempresas.es\/wp-content\/uploads\/2020\/06\/Mango-Avi\u00f3n-1536x864.jpg",1536,864,true],"2048x2048":["https:\/\/florsivioles.marketingempresas.es\/wp-content\/uploads\/2020\/06\/Mango-Avi\u00f3n.jpg",1920,1080,false],"trp-custom-language-flag":["https:\/\/florsivioles.marketingempresas.es\/wp-content\/uploads\/2020\/06\/Mango-Avi\u00f3n-18x10.jpg",18,10,true],"woocommerce_thumbnail":["https:\/\/florsivioles.marketingempresas.es\/wp-content\/uploads\/2020\/06\/Mango-Avi\u00f3n-260x260.jpg",260,260,true],"woocommerce_single":["https:\/\/florsivioles.marketingempresas.es\/wp-content\/uploads\/2020\/06\/Mango-Avi\u00f3n-360x203.jpg",360,203,true],"woocommerce_gallery_thumbnail":["https:\/\/florsivioles.marketingempresas.es\/wp-content\/uploads\/2020\/06\/Mango-Avi\u00f3n-100x100.jpg",100,100,true]},"uagb_author_info":{"display_name":"Christian Roig Brown","author_link":"https:\/\/florsivioles.marketingempresas.es\/en\/author\/"},"uagb_comment_info":0,"uagb_excerpt":"Precio por Unidad.","_links":{"self":[{"href":"https:\/\/florsivioles.marketingempresas.es\/en\/wp-json\/wp\/v2\/product\/2686","targetHints":{"allow":["GET"]}}],"collection":[{"href":"https:\/\/florsivioles.marketingempresas.es\/en\/wp-json\/wp\/v2\/product"}],"about":[{"href":"https:\/\/florsivioles.marketingempresas.es\/en\/wp-json\/wp\/v2\/types\/product"}],"wp:featuredmedia":[{"embeddable":true,"href":"https:\/\/florsivioles.marketingempresas.es\/en\/wp-json\/wp\/v2\/media\/2687"}],"wp:attachment":[{"href":"https:\/\/florsivioles.marketingempresas.es\/en\/wp-json\/wp\/v2\/media?parent=2686"}],"wp:term":[{"taxonomy":"product_brand","embeddable":true,"href":"https:\/\/florsivioles.marketingempresas.es\/en\/wp-json\/wp\/v2\/product_brand?post=2686"},{"taxonomy":"product_cat","embeddable":true,"href":"https:\/\/florsivioles.marketingempresas.es\/en\/wp-json\/wp\/v2\/product_cat?post=2686"},{"taxonomy":"product_tag","embeddable":true,"href":"https:\/\/florsivioles.marketingempresas.es\/en\/wp-json\/wp\/v2\/product_tag?post=2686"},{"taxonomy":"receta","embeddable":true,"href":"https:\/\/florsivioles.marketingempresas.es\/en\/wp-json\/wp\/v2\/taxonomy\/receta?post=2686"}],"curies":[{"name":"wp","href":"https:\/\/api.w.org\/{rel}","templated":true}]}}