{"id":2555,"date":"2020-03-28T10:51:48","date_gmt":"2020-03-28T09:51:48","guid":{"rendered":"https:\/\/florsivioles.marketingempresas.es\/?post_type=product&#038;p=2555"},"modified":"2023-07-25T20:44:58","modified_gmt":"2023-07-25T18:44:58","slug":"melon-biga","status":"publish","type":"product","link":"https:\/\/florsivioles.marketingempresas.es\/en\/product\/melon-biga\/","title":{"rendered":"Biga Melon"},"content":{"rendered":"<p>El<strong> Biga Melon <\/strong>se caracteriza por su interior amarillo verdoso,<strong> su sabor exquisito, condici\u00f3n refrescante y perfume penetrante<\/strong>, llevan a recordar experiencias sensoriales previas, adem\u00e1s de aportar a la nutrici\u00f3n y salud. Licuado es \u00f3ptimo para dietas, marida bien con comida salada, e incluso se consumen sus semillas como snacks.<\/p>","protected":false},"excerpt":{"rendered":"<p>Price per unit (2 Kg approx.)<\/p>","protected":false},"featured_media":2559,"template":"","meta":{"_uag_custom_page_level_css":""},"product_brand":[],"product_cat":[16,77,21],"product_tag":[127,209,205,65,185],"taxonomy\/receta":[],"class_list":{"0":"post-2555","1":"product","2":"type-product","3":"status-publish","4":"has-post-thumbnail","6":"product_cat-convencional","7":"product_cat-local-bio","8":"product_cat-frutas","9":"product_tag-fruits-and-vegetables-in-ibiza","10":"product_tag-frutas-y-verduras-a-domicilio","11":"product_tag-fruteria-y-verduleria-en-ibiza","12":"product_tag-producto-local","13":"product_tag-verduras-a-domicilio-en-ibiza","14":"product_shipping_class-envio-gratuito","16":"first","17":"instock","18":"taxable","19":"shipping-taxable","20":"purchasable","21":"product-type-simple"},"uagb_featured_image_src":{"full":["https:\/\/florsivioles.marketingempresas.es\/wp-content\/uploads\/2020\/05\/Mel\u00f3n-Galia.jpg",1920,1080,false],"thumbnail":["https:\/\/florsivioles.marketingempresas.es\/wp-content\/uploads\/2020\/05\/Mel\u00f3n-Galia-150x84.jpg",150,84,true],"medium":["https:\/\/florsivioles.marketingempresas.es\/wp-content\/uploads\/2020\/05\/Mel\u00f3n-Galia-364x205.jpg",364,205,true],"medium_large":["https:\/\/florsivioles.marketingempresas.es\/wp-content\/uploads\/2020\/05\/Mel\u00f3n-Galia-768x432.jpg",768,432,true],"large":["https:\/\/florsivioles.marketingempresas.es\/wp-content\/uploads\/2020\/05\/Mel\u00f3n-Galia-1024x576.jpg",1024,576,true],"1536x1536":["https:\/\/florsivioles.marketingempresas.es\/wp-content\/uploads\/2020\/05\/Mel\u00f3n-Galia-1536x864.jpg",1536,864,true],"2048x2048":["https:\/\/florsivioles.marketingempresas.es\/wp-content\/uploads\/2020\/05\/Mel\u00f3n-Galia.jpg",1920,1080,false],"trp-custom-language-flag":["https:\/\/florsivioles.marketingempresas.es\/wp-content\/uploads\/2020\/05\/Mel\u00f3n-Galia-18x10.jpg",18,10,true],"woocommerce_thumbnail":["https:\/\/florsivioles.marketingempresas.es\/wp-content\/uploads\/2020\/05\/Mel\u00f3n-Galia-260x260.jpg",260,260,true],"woocommerce_single":["https:\/\/florsivioles.marketingempresas.es\/wp-content\/uploads\/2020\/05\/Mel\u00f3n-Galia-360x203.jpg",360,203,true],"woocommerce_gallery_thumbnail":["https:\/\/florsivioles.marketingempresas.es\/wp-content\/uploads\/2020\/05\/Mel\u00f3n-Galia-100x100.jpg",100,100,true]},"uagb_author_info":{"display_name":"Christian Roig Brown","author_link":"https:\/\/florsivioles.marketingempresas.es\/en\/author\/"},"uagb_comment_info":0,"uagb_excerpt":"Precio por Unidad. Peso aproximado de 1,2 kilogramos.","_links":{"self":[{"href":"https:\/\/florsivioles.marketingempresas.es\/en\/wp-json\/wp\/v2\/product\/2555","targetHints":{"allow":["GET"]}}],"collection":[{"href":"https:\/\/florsivioles.marketingempresas.es\/en\/wp-json\/wp\/v2\/product"}],"about":[{"href":"https:\/\/florsivioles.marketingempresas.es\/en\/wp-json\/wp\/v2\/types\/product"}],"wp:featuredmedia":[{"embeddable":true,"href":"https:\/\/florsivioles.marketingempresas.es\/en\/wp-json\/wp\/v2\/media\/2559"}],"wp:attachment":[{"href":"https:\/\/florsivioles.marketingempresas.es\/en\/wp-json\/wp\/v2\/media?parent=2555"}],"wp:term":[{"taxonomy":"product_brand","embeddable":true,"href":"https:\/\/florsivioles.marketingempresas.es\/en\/wp-json\/wp\/v2\/product_brand?post=2555"},{"taxonomy":"product_cat","embeddable":true,"href":"https:\/\/florsivioles.marketingempresas.es\/en\/wp-json\/wp\/v2\/product_cat?post=2555"},{"taxonomy":"product_tag","embeddable":true,"href":"https:\/\/florsivioles.marketingempresas.es\/en\/wp-json\/wp\/v2\/product_tag?post=2555"},{"taxonomy":"receta","embeddable":true,"href":"https:\/\/florsivioles.marketingempresas.es\/en\/wp-json\/wp\/v2\/taxonomy\/receta?post=2555"}],"curies":[{"name":"wp","href":"https:\/\/api.w.org\/{rel}","templated":true}]}}