{"id":2536,"date":"2023-11-29T08:41:39","date_gmt":"2023-11-29T07:41:39","guid":{"rendered":"https:\/\/florsivioles.marketingempresas.es\/?post_type=product&#038;p=2536"},"modified":"2023-11-29T13:00:03","modified_gmt":"2023-11-29T12:00:03","slug":"tomate-cherry-pera-250gr-bio","status":"publish","type":"product","link":"https:\/\/florsivioles.marketingempresas.es\/en\/product\/tomate-cherry-pera-250gr-bio\/","title":{"rendered":"Bio Cherry Pear Tomato"},"content":{"rendered":"<p>El <strong>Cherry Pear Tomato<\/strong> es una variedad delicada y exquisita. \u00a0Su nombre proviene de su semejanza de color, tama\u00f1o y sabor dulce, con la cereza. Tiene un di\u00e1metro entre 1-3cm, y su peso oscila entre los 10 y 15 gr. Su sabor es menos \u00e1cido y m\u00e1s dulce que el tomate tradicional, por lo tanto, \u00a1son perfectos para a\u00f1adir a tus ensaladas convencionales o de pasta y lentejas!<\/p>\n<p>&nbsp;<\/p>\n<blockquote><p>IMPORTANTE: Nuestros productos B\u00edo son alimentos naturales y sanos, geniales por su gran calidad. Tienen todo el sabor y potencial porque se producen sin productos qu\u00edmicos, ni fertilizantes, ni pesticidas, ni antibi\u00f3ticos y no han sido modificados gen\u00e9ticamente. Adem\u00e1s, estos productos respetan el medio ambiente porque se obtienen respetando el ritmo de crecimiento de plantas.<\/p><\/blockquote>","protected":false},"excerpt":{"rendered":"<p>250gr<\/p>","protected":false},"featured_media":2535,"template":"","meta":{"_uag_custom_page_level_css":""},"product_brand":[],"product_cat":[27,45],"product_tag":[129,190,113,130,127,218,217,227,264,65,123,128],"taxonomy\/receta":[],"class_list":{"0":"post-2536","1":"product","2":"type-product","3":"status-publish","4":"has-post-thumbnail","6":"product_cat-bio","7":"product_cat-verduras-bio","8":"product_tag-cherry-tomato-pear","9":"product_tag-entrega-a-domicilio-en-ibiza","10":"product_tag-envio-a-domicilio-en-ibiza","11":"product_tag-free-delivery-in-ibiza","12":"product_tag-fruits-and-vegetables-in-ibiza","13":"product_tag-frutas-y-verduras-organicas","14":"product_tag-frutas-y-verduras-sin-pesticidas","15":"product_tag-local-product","16":"product_tag-local-products-in-ibiza","17":"product_tag-producto-local","18":"product_tag-tienda-online-en-ibiza","19":"product_tag-tomate-cherry-pera","20":"product_shipping_class-envio-gratuito","22":"first","23":"instock","24":"taxable","25":"shipping-taxable","26":"purchasable","27":"product-type-simple"},"uagb_featured_image_src":{"full":["https:\/\/florsivioles.marketingempresas.es\/wp-content\/uploads\/2020\/05\/Tomate-Cherry-Pera.jpg",1920,1080,false],"thumbnail":["https:\/\/florsivioles.marketingempresas.es\/wp-content\/uploads\/2020\/05\/Tomate-Cherry-Pera-150x84.jpg",150,84,true],"medium":["https:\/\/florsivioles.marketingempresas.es\/wp-content\/uploads\/2020\/05\/Tomate-Cherry-Pera-364x205.jpg",364,205,true],"medium_large":["https:\/\/florsivioles.marketingempresas.es\/wp-content\/uploads\/2020\/05\/Tomate-Cherry-Pera-768x432.jpg",768,432,true],"large":["https:\/\/florsivioles.marketingempresas.es\/wp-content\/uploads\/2020\/05\/Tomate-Cherry-Pera-1024x576.jpg",1024,576,true],"1536x1536":["https:\/\/florsivioles.marketingempresas.es\/wp-content\/uploads\/2020\/05\/Tomate-Cherry-Pera-1536x864.jpg",1536,864,true],"2048x2048":["https:\/\/florsivioles.marketingempresas.es\/wp-content\/uploads\/2020\/05\/Tomate-Cherry-Pera.jpg",1920,1080,false],"trp-custom-language-flag":["https:\/\/florsivioles.marketingempresas.es\/wp-content\/uploads\/2020\/05\/Tomate-Cherry-Pera-18x10.jpg",18,10,true],"woocommerce_thumbnail":["https:\/\/florsivioles.marketingempresas.es\/wp-content\/uploads\/2020\/05\/Tomate-Cherry-Pera-260x260.jpg",260,260,true],"woocommerce_single":["https:\/\/florsivioles.marketingempresas.es\/wp-content\/uploads\/2020\/05\/Tomate-Cherry-Pera-360x203.jpg",360,203,true],"woocommerce_gallery_thumbnail":["https:\/\/florsivioles.marketingempresas.es\/wp-content\/uploads\/2020\/05\/Tomate-Cherry-Pera-100x100.jpg",100,100,true]},"uagb_author_info":{"display_name":"Christian Roig Brown","author_link":"https:\/\/florsivioles.marketingempresas.es\/en\/author\/"},"uagb_comment_info":0,"uagb_excerpt":"250 gramos","_links":{"self":[{"href":"https:\/\/florsivioles.marketingempresas.es\/en\/wp-json\/wp\/v2\/product\/2536","targetHints":{"allow":["GET"]}}],"collection":[{"href":"https:\/\/florsivioles.marketingempresas.es\/en\/wp-json\/wp\/v2\/product"}],"about":[{"href":"https:\/\/florsivioles.marketingempresas.es\/en\/wp-json\/wp\/v2\/types\/product"}],"wp:featuredmedia":[{"embeddable":true,"href":"https:\/\/florsivioles.marketingempresas.es\/en\/wp-json\/wp\/v2\/media\/2535"}],"wp:attachment":[{"href":"https:\/\/florsivioles.marketingempresas.es\/en\/wp-json\/wp\/v2\/media?parent=2536"}],"wp:term":[{"taxonomy":"product_brand","embeddable":true,"href":"https:\/\/florsivioles.marketingempresas.es\/en\/wp-json\/wp\/v2\/product_brand?post=2536"},{"taxonomy":"product_cat","embeddable":true,"href":"https:\/\/florsivioles.marketingempresas.es\/en\/wp-json\/wp\/v2\/product_cat?post=2536"},{"taxonomy":"product_tag","embeddable":true,"href":"https:\/\/florsivioles.marketingempresas.es\/en\/wp-json\/wp\/v2\/product_tag?post=2536"},{"taxonomy":"receta","embeddable":true,"href":"https:\/\/florsivioles.marketingempresas.es\/en\/wp-json\/wp\/v2\/taxonomy\/receta?post=2536"}],"curies":[{"name":"wp","href":"https:\/\/api.w.org\/{rel}","templated":true}]}}