{"id":2533,"date":"2022-03-09T07:34:07","date_gmt":"2022-03-09T06:34:07","guid":{"rendered":"https:\/\/florsivioles.marketingempresas.es\/?post_type=product&#038;p=2533"},"modified":"2023-07-13T12:30:42","modified_gmt":"2023-07-13T10:30:42","slug":"patata-baby","status":"publish","type":"product","link":"https:\/\/florsivioles.marketingempresas.es\/en\/product\/patata-baby\/","title":{"rendered":"Baby Potato"},"content":{"rendered":"<p>La <strong>Patata Baby, <\/strong>de tama\u00f1o peque\u00f1o y piel blanca es ideal para el <strong>acompa\u00f1amiento de carnes o pescados&#8230; y tambi\u00e9n para frescas ensaladas de verano! <\/strong>Contiene mucha agua, calor\u00edas, almid\u00f3n, fibra y gl\u00facidos; as\u00ed como vitaminas C, A, B1, B2, B6 y PP; minerales, sobre todo\u00a0<strong>potasio<\/strong>\u00a0y\u00a0<strong>f\u00f3sforo<\/strong>. Es beneficiosa para la piel, es diur\u00e9tica, evita los problemas hep\u00e1ticos y estomacales; combate la cistitis, la prostatitis y los c\u00e1lculos renales.<\/p>\n<p>Conviene saber que<strong> la piel contiene muchas de sus propiedades<\/strong> por lo que es recomendable cocinarlas sin pelar.<\/p>","protected":false},"excerpt":{"rendered":"<p>Price per Kg<\/p>","protected":false},"featured_media":2539,"template":"","meta":{"_uag_custom_page_level_css":""},"product_brand":[],"product_cat":[16,26],"product_tag":[159,160,190,127,228,156,157,158,123,207,185],"taxonomy\/receta":[],"class_list":{"0":"post-2533","1":"product","2":"type-product","3":"status-publish","4":"has-post-thumbnail","6":"product_cat-convencional","7":"product_cat-verduras","8":"product_tag-baby-potato","9":"product_tag-delivery-en-ibiza","10":"product_tag-entrega-a-domicilio-en-ibiza","11":"product_tag-fruits-and-vegetables-in-ibiza","12":"product_tag-ibiza-delivery","13":"product_tag-patata-baby","14":"product_tag-patata-mini","15":"product_tag-patata-primor","16":"product_tag-tienda-online-en-ibiza","17":"product_tag-vegetables-delivery-in-ibiza","18":"product_tag-verduras-a-domicilio-en-ibiza","19":"product_shipping_class-envio-gratuito","21":"first","22":"instock","23":"taxable","24":"shipping-taxable","25":"purchasable","26":"product-type-simple"},"uagb_featured_image_src":{"full":["https:\/\/florsivioles.marketingempresas.es\/wp-content\/uploads\/2020\/05\/Patata-Baby.jpg",1920,1080,false],"thumbnail":["https:\/\/florsivioles.marketingempresas.es\/wp-content\/uploads\/2020\/05\/Patata-Baby-150x84.jpg",150,84,true],"medium":["https:\/\/florsivioles.marketingempresas.es\/wp-content\/uploads\/2020\/05\/Patata-Baby-364x205.jpg",364,205,true],"medium_large":["https:\/\/florsivioles.marketingempresas.es\/wp-content\/uploads\/2020\/05\/Patata-Baby-768x432.jpg",768,432,true],"large":["https:\/\/florsivioles.marketingempresas.es\/wp-content\/uploads\/2020\/05\/Patata-Baby-1024x576.jpg",1024,576,true],"1536x1536":["https:\/\/florsivioles.marketingempresas.es\/wp-content\/uploads\/2020\/05\/Patata-Baby-1536x864.jpg",1536,864,true],"2048x2048":["https:\/\/florsivioles.marketingempresas.es\/wp-content\/uploads\/2020\/05\/Patata-Baby.jpg",1920,1080,false],"trp-custom-language-flag":["https:\/\/florsivioles.marketingempresas.es\/wp-content\/uploads\/2020\/05\/Patata-Baby-18x10.jpg",18,10,true],"woocommerce_thumbnail":["https:\/\/florsivioles.marketingempresas.es\/wp-content\/uploads\/2020\/05\/Patata-Baby-260x260.jpg",260,260,true],"woocommerce_single":["https:\/\/florsivioles.marketingempresas.es\/wp-content\/uploads\/2020\/05\/Patata-Baby-360x203.jpg",360,203,true],"woocommerce_gallery_thumbnail":["https:\/\/florsivioles.marketingempresas.es\/wp-content\/uploads\/2020\/05\/Patata-Baby-100x100.jpg",100,100,true]},"uagb_author_info":{"display_name":"Christian Roig Brown","author_link":"https:\/\/florsivioles.marketingempresas.es\/en\/author\/"},"uagb_comment_info":0,"uagb_excerpt":"Precio por kilo.","_links":{"self":[{"href":"https:\/\/florsivioles.marketingempresas.es\/en\/wp-json\/wp\/v2\/product\/2533","targetHints":{"allow":["GET"]}}],"collection":[{"href":"https:\/\/florsivioles.marketingempresas.es\/en\/wp-json\/wp\/v2\/product"}],"about":[{"href":"https:\/\/florsivioles.marketingempresas.es\/en\/wp-json\/wp\/v2\/types\/product"}],"wp:featuredmedia":[{"embeddable":true,"href":"https:\/\/florsivioles.marketingempresas.es\/en\/wp-json\/wp\/v2\/media\/2539"}],"wp:attachment":[{"href":"https:\/\/florsivioles.marketingempresas.es\/en\/wp-json\/wp\/v2\/media?parent=2533"}],"wp:term":[{"taxonomy":"product_brand","embeddable":true,"href":"https:\/\/florsivioles.marketingempresas.es\/en\/wp-json\/wp\/v2\/product_brand?post=2533"},{"taxonomy":"product_cat","embeddable":true,"href":"https:\/\/florsivioles.marketingempresas.es\/en\/wp-json\/wp\/v2\/product_cat?post=2533"},{"taxonomy":"product_tag","embeddable":true,"href":"https:\/\/florsivioles.marketingempresas.es\/en\/wp-json\/wp\/v2\/product_tag?post=2533"},{"taxonomy":"receta","embeddable":true,"href":"https:\/\/florsivioles.marketingempresas.es\/en\/wp-json\/wp\/v2\/taxonomy\/receta?post=2533"}],"curies":[{"name":"wp","href":"https:\/\/api.w.org\/{rel}","templated":true}]}}