{"id":2476,"date":"2023-11-29T08:30:21","date_gmt":"2023-11-29T07:30:21","guid":{"rendered":"https:\/\/florsivioles.marketingempresas.es\/?post_type=product&#038;p=2476"},"modified":"2024-01-24T00:03:18","modified_gmt":"2024-01-23T23:03:18","slug":"zanahoria-manojo-bio","status":"publish","type":"product","link":"https:\/\/florsivioles.marketingempresas.es\/en\/product\/zanahoria-manojo-bio\/","title":{"rendered":"Carrot in a bunch Bio"},"content":{"rendered":"<p>La Zanahoria B\u00edo de Flors i Violes es un alimento muy saludable por sus elevados niveles de betacaroteno. Tambi\u00e9n tiene much\u00edsima vitamina B y C, que son muy beneficiosas para el sistema nervioso y como antioxidante. Tambi\u00e9n tiene hierro, calcio, magnesio, manganeso y yodo, las cuales ayudan al buen funcionamiento de todo el organismo.<\/p>\n<p>Todos los productos B\u00edo que proveemos son alimentos naturales y sanos, geniales por su gran calidad! Tienen todo el sabor natural y se producen sin productos qu\u00edmicos, ni fertilizantes, ni pesticidas, ni antibi\u00f3ticos y no han sido modificados gen\u00e9ticamente. Adem\u00e1s, crecen respetando su propio ritmo de crecimiento natural.<\/p>","protected":false},"excerpt":{"rendered":"<p>Manojo de 500 gr.<\/p>","protected":false},"featured_media":636,"template":"","meta":{"_uag_custom_page_level_css":""},"product_brand":[],"product_cat":[27,45],"product_tag":[83,84,80,81,71,78],"taxonomy\/receta":[],"class_list":{"0":"post-2476","1":"product","2":"type-product","3":"status-publish","4":"has-post-thumbnail","6":"product_cat-bio","7":"product_cat-verduras-bio","8":"product_tag-fruits-and-vegetables","9":"product_tag-frutas-y-verduras","10":"product_tag-local-products","11":"product_tag-organic-carrot","12":"product_tag-productos-bio-en-ibiza","13":"product_tag-zanahoria-bio","14":"product_shipping_class-envio-gratuito","16":"first","17":"instock","18":"taxable","19":"shipping-taxable","20":"purchasable","21":"product-type-simple"},"uagb_featured_image_src":{"full":["https:\/\/florsivioles.marketingempresas.es\/wp-content\/uploads\/2020\/03\/Zanahorias.jpg",480,320,false],"thumbnail":["https:\/\/florsivioles.marketingempresas.es\/wp-content\/uploads\/2020\/03\/Zanahorias-150x100.jpg",150,100,true],"medium":["https:\/\/florsivioles.marketingempresas.es\/wp-content\/uploads\/2020\/03\/Zanahorias-364x243.jpg",364,243,true],"medium_large":["https:\/\/florsivioles.marketingempresas.es\/wp-content\/uploads\/2020\/03\/Zanahorias.jpg",480,320,false],"large":["https:\/\/florsivioles.marketingempresas.es\/wp-content\/uploads\/2020\/03\/Zanahorias.jpg",480,320,false],"1536x1536":["https:\/\/florsivioles.marketingempresas.es\/wp-content\/uploads\/2020\/03\/Zanahorias.jpg",480,320,false],"2048x2048":["https:\/\/florsivioles.marketingempresas.es\/wp-content\/uploads\/2020\/03\/Zanahorias.jpg",480,320,false],"trp-custom-language-flag":["https:\/\/florsivioles.marketingempresas.es\/wp-content\/uploads\/2020\/03\/Zanahorias-18x12.jpg",18,12,true],"woocommerce_thumbnail":["https:\/\/florsivioles.marketingempresas.es\/wp-content\/uploads\/2020\/03\/Zanahorias-260x260.jpg",260,260,true],"woocommerce_single":["https:\/\/florsivioles.marketingempresas.es\/wp-content\/uploads\/2020\/03\/Zanahorias-360x240.jpg",360,240,true],"woocommerce_gallery_thumbnail":["https:\/\/florsivioles.marketingempresas.es\/wp-content\/uploads\/2020\/03\/Zanahorias-100x100.jpg",100,100,true]},"uagb_author_info":{"display_name":"Christian Roig Brown","author_link":"https:\/\/florsivioles.marketingempresas.es\/en\/author\/"},"uagb_comment_info":0,"uagb_excerpt":"Manojo de 500 gr.","_links":{"self":[{"href":"https:\/\/florsivioles.marketingempresas.es\/en\/wp-json\/wp\/v2\/product\/2476","targetHints":{"allow":["GET"]}}],"collection":[{"href":"https:\/\/florsivioles.marketingempresas.es\/en\/wp-json\/wp\/v2\/product"}],"about":[{"href":"https:\/\/florsivioles.marketingempresas.es\/en\/wp-json\/wp\/v2\/types\/product"}],"wp:featuredmedia":[{"embeddable":true,"href":"https:\/\/florsivioles.marketingempresas.es\/en\/wp-json\/wp\/v2\/media\/636"}],"wp:attachment":[{"href":"https:\/\/florsivioles.marketingempresas.es\/en\/wp-json\/wp\/v2\/media?parent=2476"}],"wp:term":[{"taxonomy":"product_brand","embeddable":true,"href":"https:\/\/florsivioles.marketingempresas.es\/en\/wp-json\/wp\/v2\/product_brand?post=2476"},{"taxonomy":"product_cat","embeddable":true,"href":"https:\/\/florsivioles.marketingempresas.es\/en\/wp-json\/wp\/v2\/product_cat?post=2476"},{"taxonomy":"product_tag","embeddable":true,"href":"https:\/\/florsivioles.marketingempresas.es\/en\/wp-json\/wp\/v2\/product_tag?post=2476"},{"taxonomy":"receta","embeddable":true,"href":"https:\/\/florsivioles.marketingempresas.es\/en\/wp-json\/wp\/v2\/taxonomy\/receta?post=2476"}],"curies":[{"name":"wp","href":"https:\/\/api.w.org\/{rel}","templated":true}]}}