{"id":2028,"date":"2023-11-29T08:40:10","date_gmt":"2023-11-29T07:40:10","guid":{"rendered":"https:\/\/florsivioles.marketingempresas.es\/producto\/import-placeholder-for-432\/"},"modified":"2023-11-29T12:59:45","modified_gmt":"2023-11-29T11:59:45","slug":"tomate-cherry-rama-bio","status":"publish","type":"product","link":"https:\/\/florsivioles.marketingempresas.es\/en\/product\/tomate-cherry-rama-bio\/","title":{"rendered":"Bio Cherry Tomato Branch"},"content":{"rendered":"<p>Si buscas darle un toque fresco y delicioso a tus platos, no hay mejor opci\u00f3n que el Tomate Cherry Rama B\u00edo. Pero espera, no es solo un tomate cualquiera. Este peque\u00f1o pero poderoso fruto es cultivado bajo pr\u00e1cticas de agricultura sostenible, lo que significa que es libre de pesticidas y OMG (Organismos Modificados Gen\u00e9ticamente). \ud83c\udf31<\/p>\n<p>Su sabor es intensamente dulce y jugoso, perfecto para ensaladas, tapas o incluso como un snack saludable. Adem\u00e1s, su presentaci\u00f3n en rama garantiza una frescura inigualable. \ud83c\udf45<\/p>\n<p>\u00bfTe preocupa tu salud? Estos tomates son una fuente rica de antioxidantes, vitaminas y minerales que contribuyen a un bienestar general. Son ideales para una dieta vegana o vegetariana y se alinean perfectamente con una alimentaci\u00f3n consciente y saludable.<\/p>\n<p>Y no olvidemos el factor &#8220;Zero waste&#8221;. Al ser un producto ecol\u00f3gico, su impacto ambiental es m\u00ednimo, lo que te permite disfrutar de una comida deliciosa mientras cuidas del planeta. \ud83c\udf0d<\/p>\n<p>As\u00ed que ya sabes, si quieres un ingrediente que sea tan bueno para ti como para la Tierra, el Tomate Cherry Rama B\u00edo es la elecci\u00f3n perfecta. \ud83c\udf1f<\/p>","protected":false},"excerpt":{"rendered":"<p>250gr tray<\/p>","protected":false},"featured_media":628,"template":"","meta":{"_uag_custom_page_level_css":""},"product_brand":[],"product_cat":[27,45],"product_tag":[113,130,1418,123,1515],"taxonomy\/receta":[],"class_list":{"0":"post-2028","1":"product","2":"type-product","3":"status-publish","4":"has-post-thumbnail","6":"product_cat-bio","7":"product_cat-verduras-bio","8":"product_tag-envio-a-domicilio-en-ibiza","9":"product_tag-free-delivery-in-ibiza","10":"product_tag-supermercado-online-en-ibiza","11":"product_tag-tienda-online-en-ibiza","12":"product_tag-tomate-cherry-rama-bio","13":"product_shipping_class-envio-gratuito","15":"first","16":"instock","17":"taxable","18":"shipping-taxable","19":"purchasable","20":"product-type-simple"},"uagb_featured_image_src":{"full":["https:\/\/florsivioles.marketingempresas.es\/wp-content\/uploads\/2020\/03\/Tomate-Cherry-Rama.jpg",479,320,false],"thumbnail":["https:\/\/florsivioles.marketingempresas.es\/wp-content\/uploads\/2020\/03\/Tomate-Cherry-Rama-150x100.jpg",150,100,true],"medium":["https:\/\/florsivioles.marketingempresas.es\/wp-content\/uploads\/2020\/03\/Tomate-Cherry-Rama-364x243.jpg",364,243,true],"medium_large":["https:\/\/florsivioles.marketingempresas.es\/wp-content\/uploads\/2020\/03\/Tomate-Cherry-Rama.jpg",479,320,false],"large":["https:\/\/florsivioles.marketingempresas.es\/wp-content\/uploads\/2020\/03\/Tomate-Cherry-Rama.jpg",479,320,false],"1536x1536":["https:\/\/florsivioles.marketingempresas.es\/wp-content\/uploads\/2020\/03\/Tomate-Cherry-Rama.jpg",479,320,false],"2048x2048":["https:\/\/florsivioles.marketingempresas.es\/wp-content\/uploads\/2020\/03\/Tomate-Cherry-Rama.jpg",479,320,false],"trp-custom-language-flag":["https:\/\/florsivioles.marketingempresas.es\/wp-content\/uploads\/2020\/03\/Tomate-Cherry-Rama-18x12.jpg",18,12,true],"woocommerce_thumbnail":["https:\/\/florsivioles.marketingempresas.es\/wp-content\/uploads\/2020\/03\/Tomate-Cherry-Rama-260x260.jpg",260,260,true],"woocommerce_single":["https:\/\/florsivioles.marketingempresas.es\/wp-content\/uploads\/2020\/03\/Tomate-Cherry-Rama-360x241.jpg",360,241,true],"woocommerce_gallery_thumbnail":["https:\/\/florsivioles.marketingempresas.es\/wp-content\/uploads\/2020\/03\/Tomate-Cherry-Rama-100x100.jpg",100,100,true]},"uagb_author_info":{"display_name":"Christian Roig Brown","author_link":"https:\/\/florsivioles.marketingempresas.es\/en\/author\/"},"uagb_comment_info":0,"uagb_excerpt":"Bandeja de 250 gramos.","_links":{"self":[{"href":"https:\/\/florsivioles.marketingempresas.es\/en\/wp-json\/wp\/v2\/product\/2028","targetHints":{"allow":["GET"]}}],"collection":[{"href":"https:\/\/florsivioles.marketingempresas.es\/en\/wp-json\/wp\/v2\/product"}],"about":[{"href":"https:\/\/florsivioles.marketingempresas.es\/en\/wp-json\/wp\/v2\/types\/product"}],"wp:featuredmedia":[{"embeddable":true,"href":"https:\/\/florsivioles.marketingempresas.es\/en\/wp-json\/wp\/v2\/media\/628"}],"wp:attachment":[{"href":"https:\/\/florsivioles.marketingempresas.es\/en\/wp-json\/wp\/v2\/media?parent=2028"}],"wp:term":[{"taxonomy":"product_brand","embeddable":true,"href":"https:\/\/florsivioles.marketingempresas.es\/en\/wp-json\/wp\/v2\/product_brand?post=2028"},{"taxonomy":"product_cat","embeddable":true,"href":"https:\/\/florsivioles.marketingempresas.es\/en\/wp-json\/wp\/v2\/product_cat?post=2028"},{"taxonomy":"product_tag","embeddable":true,"href":"https:\/\/florsivioles.marketingempresas.es\/en\/wp-json\/wp\/v2\/product_tag?post=2028"},{"taxonomy":"receta","embeddable":true,"href":"https:\/\/florsivioles.marketingempresas.es\/en\/wp-json\/wp\/v2\/taxonomy\/receta?post=2028"}],"curies":[{"name":"wp","href":"https:\/\/api.w.org\/{rel}","templated":true}]}}