{"id":1998,"date":"2023-11-29T10:04:46","date_gmt":"2023-11-29T09:04:46","guid":{"rendered":"https:\/\/florsivioles.marketingempresas.es\/producto\/import-placeholder-for-403\/"},"modified":"2023-12-04T10:01:57","modified_gmt":"2023-12-04T09:01:57","slug":"judia-plana-helda-bio","status":"publish","type":"product","link":"https:\/\/florsivioles.marketingempresas.es\/en\/product\/judia-plana-helda-bio\/","title":{"rendered":"Bio Flat Bean Helda"},"content":{"rendered":"<p>La Jud\u00eda Plana Helda B\u00edo es rica en fibra, vitaminas y minerales, mejora la digesti\u00f3n, apoya la salud cardiovascular, fortalece el sistema inmune y es baja en calor\u00edas.<\/p>","protected":false},"excerpt":{"rendered":"<p>500gr tray<\/p>","protected":false},"featured_media":567,"template":"","meta":{"_uag_custom_page_level_css":""},"product_brand":[],"product_cat":[27,45],"product_tag":[],"taxonomy\/receta":[],"class_list":{"0":"post-1998","1":"product","2":"type-product","3":"status-publish","4":"has-post-thumbnail","6":"product_cat-bio","7":"product_cat-verduras-bio","8":"product_shipping_class-envio-gratuito","10":"first","11":"instock","12":"taxable","13":"shipping-taxable","14":"purchasable","15":"product-type-simple"},"uagb_featured_image_src":{"full":["https:\/\/florsivioles.marketingempresas.es\/wp-content\/uploads\/2020\/03\/Jud\u00eda-Plana-Helda.jpg",480,320,false],"thumbnail":["https:\/\/florsivioles.marketingempresas.es\/wp-content\/uploads\/2020\/03\/Jud\u00eda-Plana-Helda-150x100.jpg",150,100,true],"medium":["https:\/\/florsivioles.marketingempresas.es\/wp-content\/uploads\/2020\/03\/Jud\u00eda-Plana-Helda-364x243.jpg",364,243,true],"medium_large":["https:\/\/florsivioles.marketingempresas.es\/wp-content\/uploads\/2020\/03\/Jud\u00eda-Plana-Helda.jpg",480,320,false],"large":["https:\/\/florsivioles.marketingempresas.es\/wp-content\/uploads\/2020\/03\/Jud\u00eda-Plana-Helda.jpg",480,320,false],"1536x1536":["https:\/\/florsivioles.marketingempresas.es\/wp-content\/uploads\/2020\/03\/Jud\u00eda-Plana-Helda.jpg",480,320,false],"2048x2048":["https:\/\/florsivioles.marketingempresas.es\/wp-content\/uploads\/2020\/03\/Jud\u00eda-Plana-Helda.jpg",480,320,false],"trp-custom-language-flag":["https:\/\/florsivioles.marketingempresas.es\/wp-content\/uploads\/2020\/03\/Jud\u00eda-Plana-Helda-18x12.jpg",18,12,true],"woocommerce_thumbnail":["https:\/\/florsivioles.marketingempresas.es\/wp-content\/uploads\/2020\/03\/Jud\u00eda-Plana-Helda-260x260.jpg",260,260,true],"woocommerce_single":["https:\/\/florsivioles.marketingempresas.es\/wp-content\/uploads\/2020\/03\/Jud\u00eda-Plana-Helda-360x240.jpg",360,240,true],"woocommerce_gallery_thumbnail":["https:\/\/florsivioles.marketingempresas.es\/wp-content\/uploads\/2020\/03\/Jud\u00eda-Plana-Helda-100x100.jpg",100,100,true]},"uagb_author_info":{"display_name":"Christian Roig Brown","author_link":"https:\/\/florsivioles.marketingempresas.es\/en\/author\/"},"uagb_comment_info":0,"uagb_excerpt":"Bandeja de 500 gramos","_links":{"self":[{"href":"https:\/\/florsivioles.marketingempresas.es\/en\/wp-json\/wp\/v2\/product\/1998","targetHints":{"allow":["GET"]}}],"collection":[{"href":"https:\/\/florsivioles.marketingempresas.es\/en\/wp-json\/wp\/v2\/product"}],"about":[{"href":"https:\/\/florsivioles.marketingempresas.es\/en\/wp-json\/wp\/v2\/types\/product"}],"wp:featuredmedia":[{"embeddable":true,"href":"https:\/\/florsivioles.marketingempresas.es\/en\/wp-json\/wp\/v2\/media\/567"}],"wp:attachment":[{"href":"https:\/\/florsivioles.marketingempresas.es\/en\/wp-json\/wp\/v2\/media?parent=1998"}],"wp:term":[{"taxonomy":"product_brand","embeddable":true,"href":"https:\/\/florsivioles.marketingempresas.es\/en\/wp-json\/wp\/v2\/product_brand?post=1998"},{"taxonomy":"product_cat","embeddable":true,"href":"https:\/\/florsivioles.marketingempresas.es\/en\/wp-json\/wp\/v2\/product_cat?post=1998"},{"taxonomy":"product_tag","embeddable":true,"href":"https:\/\/florsivioles.marketingempresas.es\/en\/wp-json\/wp\/v2\/product_tag?post=1998"},{"taxonomy":"receta","embeddable":true,"href":"https:\/\/florsivioles.marketingempresas.es\/en\/wp-json\/wp\/v2\/taxonomy\/receta?post=1998"}],"curies":[{"name":"wp","href":"https:\/\/api.w.org\/{rel}","templated":true}]}}