{"id":1967,"date":"2022-03-09T08:25:25","date_gmt":"2022-03-09T07:25:25","guid":{"rendered":"https:\/\/florsivioles.marketingempresas.es\/producto\/import-placeholder-for-372\/"},"modified":"2024-02-08T00:04:29","modified_gmt":"2024-02-07T23:04:29","slug":"berenjena-negra","status":"publish","type":"product","link":"https:\/\/florsivioles.marketingempresas.es\/en\/product\/berenjena-negra\/","title":{"rendered":"Black Aubergine"},"content":{"rendered":"<p>La <strong>Black Aubergine<\/strong> es un alimento muy saludable, de<strong>\u00a0f\u00e1cil digesti\u00f3n<\/strong> y bajo en calor\u00edas e hidratos de carbono. Contiene Vitaminas A, B1, B2, C y \u00e1cido f\u00f3lico, por lo que refuerza e sistema inmune y mejora la resistencia del organismo a enfermedades.\u00a0<strong>Muy rica en minerales como el potasio, magnesio, hierro, calcio o f\u00f3sforo<\/strong>\u00a0favorece la prevenci\u00f3n de enfermedades relacionadas con el paso de los a\u00f1os como la artritis o la osteoporosis. Adem\u00e1s, es la \u00fanica hortaliza que contiene nasunina, un potente antioxidante presente en su piel que ayuda a retardar el envejecimiento. Tambi\u00e9n posee \u00e1cido clorog\u00e9nico que ayuda a reducir el colesterol y a combatir los radicales libres a la vez que sus flavonoides protegen a las c\u00e9lulas de agentes da\u00f1inos.<\/p>","protected":false},"excerpt":{"rendered":"<p>Price per Kg<\/p>","protected":false},"featured_media":510,"template":"","meta":{"_uag_custom_page_level_css":""},"product_brand":[],"product_cat":[16,26],"product_tag":[397,175,160,199,398,190,113,130,127,197,282,116,218,226,333,123,236,185,174,173],"taxonomy\/receta":[],"class_list":{"0":"post-1967","1":"product","2":"type-product","3":"status-publish","4":"has-post-thumbnail","6":"product_cat-convencional","7":"product_cat-verduras","8":"product_tag-berenjena","9":"product_tag-comprar-verduras-online","10":"product_tag-delivery-en-ibiza","11":"product_tag-delivery-ibiza-food","12":"product_tag-eggplant","13":"product_tag-entrega-a-domicilio-en-ibiza","14":"product_tag-envio-a-domicilio-en-ibiza","15":"product_tag-free-delivery-in-ibiza","16":"product_tag-fruits-and-vegetables-in-ibiza","17":"product_tag-frutas-y-verduras-bio","18":"product_tag-frutas-y-verduras-ecologicas","19":"product_tag-frutas-y-verduras-en-ibiza","20":"product_tag-frutas-y-verduras-organicas","21":"product_tag-online-vegetables","22":"product_tag-tienda-online-de-frutas-y-verduras","23":"product_tag-tienda-online-en-ibiza","24":"product_tag-vegetables-delivery","25":"product_tag-verduras-a-domicilio-en-ibiza","26":"product_tag-verduras-ecologicas-online","27":"product_tag-verduras-online","28":"product_shipping_class-envio-gratuito","30":"first","31":"instock","32":"taxable","33":"shipping-taxable","34":"purchasable","35":"product-type-simple"},"uagb_featured_image_src":{"full":["https:\/\/florsivioles.marketingempresas.es\/wp-content\/uploads\/2020\/03\/Berenjena-Negra.jpg",480,320,false],"thumbnail":["https:\/\/florsivioles.marketingempresas.es\/wp-content\/uploads\/2020\/03\/Berenjena-Negra-150x100.jpg",150,100,true],"medium":["https:\/\/florsivioles.marketingempresas.es\/wp-content\/uploads\/2020\/03\/Berenjena-Negra-364x243.jpg",364,243,true],"medium_large":["https:\/\/florsivioles.marketingempresas.es\/wp-content\/uploads\/2020\/03\/Berenjena-Negra.jpg",480,320,false],"large":["https:\/\/florsivioles.marketingempresas.es\/wp-content\/uploads\/2020\/03\/Berenjena-Negra.jpg",480,320,false],"1536x1536":["https:\/\/florsivioles.marketingempresas.es\/wp-content\/uploads\/2020\/03\/Berenjena-Negra.jpg",480,320,false],"2048x2048":["https:\/\/florsivioles.marketingempresas.es\/wp-content\/uploads\/2020\/03\/Berenjena-Negra.jpg",480,320,false],"trp-custom-language-flag":["https:\/\/florsivioles.marketingempresas.es\/wp-content\/uploads\/2020\/03\/Berenjena-Negra-18x12.jpg",18,12,true],"woocommerce_thumbnail":["https:\/\/florsivioles.marketingempresas.es\/wp-content\/uploads\/2020\/03\/Berenjena-Negra-260x260.jpg",260,260,true],"woocommerce_single":["https:\/\/florsivioles.marketingempresas.es\/wp-content\/uploads\/2020\/03\/Berenjena-Negra-360x240.jpg",360,240,true],"woocommerce_gallery_thumbnail":["https:\/\/florsivioles.marketingempresas.es\/wp-content\/uploads\/2020\/03\/Berenjena-Negra-100x100.jpg",100,100,true]},"uagb_author_info":{"display_name":"Christian Roig Brown","author_link":"https:\/\/florsivioles.marketingempresas.es\/en\/author\/"},"uagb_comment_info":0,"uagb_excerpt":"Precio Por Kilo.","_links":{"self":[{"href":"https:\/\/florsivioles.marketingempresas.es\/en\/wp-json\/wp\/v2\/product\/1967","targetHints":{"allow":["GET"]}}],"collection":[{"href":"https:\/\/florsivioles.marketingempresas.es\/en\/wp-json\/wp\/v2\/product"}],"about":[{"href":"https:\/\/florsivioles.marketingempresas.es\/en\/wp-json\/wp\/v2\/types\/product"}],"wp:featuredmedia":[{"embeddable":true,"href":"https:\/\/florsivioles.marketingempresas.es\/en\/wp-json\/wp\/v2\/media\/510"}],"wp:attachment":[{"href":"https:\/\/florsivioles.marketingempresas.es\/en\/wp-json\/wp\/v2\/media?parent=1967"}],"wp:term":[{"taxonomy":"product_brand","embeddable":true,"href":"https:\/\/florsivioles.marketingempresas.es\/en\/wp-json\/wp\/v2\/product_brand?post=1967"},{"taxonomy":"product_cat","embeddable":true,"href":"https:\/\/florsivioles.marketingempresas.es\/en\/wp-json\/wp\/v2\/product_cat?post=1967"},{"taxonomy":"product_tag","embeddable":true,"href":"https:\/\/florsivioles.marketingempresas.es\/en\/wp-json\/wp\/v2\/product_tag?post=1967"},{"taxonomy":"receta","embeddable":true,"href":"https:\/\/florsivioles.marketingempresas.es\/en\/wp-json\/wp\/v2\/taxonomy\/receta?post=1967"}],"curies":[{"name":"wp","href":"https:\/\/api.w.org\/{rel}","templated":true}]}}