{"id":1960,"date":"2023-11-29T10:46:23","date_gmt":"2023-11-29T09:46:23","guid":{"rendered":"https:\/\/florsivioles.marketingempresas.es\/producto\/import-placeholder-for-365\/"},"modified":"2023-11-29T13:24:52","modified_gmt":"2023-11-29T12:24:52","slug":"ajo-morado-bio","status":"publish","type":"product","link":"https:\/\/florsivioles.marketingempresas.es\/en\/product\/ajo-morado-bio\/","title":{"rendered":"Bio Purple Garlic"},"content":{"rendered":"<p class=\"MuiTypography-root MuiTypography-body1 MuiTypography-paragraph\">El <strong>Ajo Morado<\/strong> es un ajo de Categor\u00eda I. Es de cuello duro, emana un aroma delicado y brinda un sabor picante y ligero al paladar. Es adem\u00e1s la especie perfecta para la preparaci\u00f3n de mariscos y pescados. El ajo morado posee mucho aceite y por lo tanto, una gran cantidad de alicina.<\/p>\n<p class=\"MuiTypography-root MuiTypography-body1 MuiTypography-paragraph\">El <strong>ajo es un buen remedio para el resfriado<\/strong>, posee potencialidades antibi\u00f3ticas capaces de combatir las bacterias, par\u00e1sitos intestinales y los virus. Puede bajar la presi\u00f3n arterial y el colesterol en la sangre, desalienta la coagulaci\u00f3n de la sangre y baja el riesgo de tener c\u00e1ncer. act\u00faa como descongestionante, expectorante, antiespasm\u00f3dico, y como agente antinflamatorio. Tambi\u00e9n tiene acci\u00f3n antidiarreica, y diru\u00e9tica, as\u00ed como tambi\u00e9n parece levantar el estado de \u00e1nimo. En definitiva, que <strong>si comes ajo tu cuerpo lo agradecer\u00e1<\/strong>&#8230; \u00a1aunque tu aliento no tanto!<\/p>","protected":false},"excerpt":{"rendered":"<p>3 units<\/p>","protected":false},"featured_media":496,"template":"","meta":{"_uag_custom_page_level_css":""},"product_brand":[],"product_cat":[27,45],"product_tag":[251,252,190,222,146,226,123,207,211,185,173],"taxonomy\/receta":[],"class_list":{"0":"post-1960","1":"product","2":"type-product","3":"status-publish","4":"has-post-thumbnail","6":"product_cat-bio","7":"product_cat-verduras-bio","8":"product_tag-ajo-morado-bio","9":"product_tag-distribuidora-ibiza","10":"product_tag-entrega-a-domicilio-en-ibiza","11":"product_tag-fruits-and-vegetables-near-me","12":"product_tag-garlic","13":"product_tag-online-vegetables","14":"product_tag-tienda-online-en-ibiza","15":"product_tag-vegetables-delivery-in-ibiza","16":"product_tag-verdura-organica","17":"product_tag-verduras-a-domicilio-en-ibiza","18":"product_tag-verduras-online","19":"product_shipping_class-envio-gratuito","21":"first","22":"instock","23":"taxable","24":"shipping-taxable","25":"purchasable","26":"product-type-simple"},"uagb_featured_image_src":{"full":["https:\/\/florsivioles.marketingempresas.es\/wp-content\/uploads\/2020\/03\/Ajo-Morado.jpg",468,320,false],"thumbnail":["https:\/\/florsivioles.marketingempresas.es\/wp-content\/uploads\/2020\/03\/Ajo-Morado-150x103.jpg",150,103,true],"medium":["https:\/\/florsivioles.marketingempresas.es\/wp-content\/uploads\/2020\/03\/Ajo-Morado-364x249.jpg",364,249,true],"medium_large":["https:\/\/florsivioles.marketingempresas.es\/wp-content\/uploads\/2020\/03\/Ajo-Morado.jpg",468,320,false],"large":["https:\/\/florsivioles.marketingempresas.es\/wp-content\/uploads\/2020\/03\/Ajo-Morado.jpg",468,320,false],"1536x1536":["https:\/\/florsivioles.marketingempresas.es\/wp-content\/uploads\/2020\/03\/Ajo-Morado.jpg",468,320,false],"2048x2048":["https:\/\/florsivioles.marketingempresas.es\/wp-content\/uploads\/2020\/03\/Ajo-Morado.jpg",468,320,false],"trp-custom-language-flag":["https:\/\/florsivioles.marketingempresas.es\/wp-content\/uploads\/2020\/03\/Ajo-Morado-18x12.jpg",18,12,true],"woocommerce_thumbnail":["https:\/\/florsivioles.marketingempresas.es\/wp-content\/uploads\/2020\/03\/Ajo-Morado-260x260.jpg",260,260,true],"woocommerce_single":["https:\/\/florsivioles.marketingempresas.es\/wp-content\/uploads\/2020\/03\/Ajo-Morado-360x246.jpg",360,246,true],"woocommerce_gallery_thumbnail":["https:\/\/florsivioles.marketingempresas.es\/wp-content\/uploads\/2020\/03\/Ajo-Morado-100x100.jpg",100,100,true]},"uagb_author_info":{"display_name":"Christian Roig Brown","author_link":"https:\/\/florsivioles.marketingempresas.es\/en\/author\/"},"uagb_comment_info":0,"uagb_excerpt":"3 Unidades","_links":{"self":[{"href":"https:\/\/florsivioles.marketingempresas.es\/en\/wp-json\/wp\/v2\/product\/1960","targetHints":{"allow":["GET"]}}],"collection":[{"href":"https:\/\/florsivioles.marketingempresas.es\/en\/wp-json\/wp\/v2\/product"}],"about":[{"href":"https:\/\/florsivioles.marketingempresas.es\/en\/wp-json\/wp\/v2\/types\/product"}],"wp:featuredmedia":[{"embeddable":true,"href":"https:\/\/florsivioles.marketingempresas.es\/en\/wp-json\/wp\/v2\/media\/496"}],"wp:attachment":[{"href":"https:\/\/florsivioles.marketingempresas.es\/en\/wp-json\/wp\/v2\/media?parent=1960"}],"wp:term":[{"taxonomy":"product_brand","embeddable":true,"href":"https:\/\/florsivioles.marketingempresas.es\/en\/wp-json\/wp\/v2\/product_brand?post=1960"},{"taxonomy":"product_cat","embeddable":true,"href":"https:\/\/florsivioles.marketingempresas.es\/en\/wp-json\/wp\/v2\/product_cat?post=1960"},{"taxonomy":"product_tag","embeddable":true,"href":"https:\/\/florsivioles.marketingempresas.es\/en\/wp-json\/wp\/v2\/product_tag?post=1960"},{"taxonomy":"receta","embeddable":true,"href":"https:\/\/florsivioles.marketingempresas.es\/en\/wp-json\/wp\/v2\/taxonomy\/receta?post=1960"}],"curies":[{"name":"wp","href":"https:\/\/api.w.org\/{rel}","templated":true}]}}