{"id":1941,"date":"2023-11-29T07:36:54","date_gmt":"2023-11-29T06:36:54","guid":{"rendered":"https:\/\/florsivioles.marketingempresas.es\/producto\/import-placeholder-for-346\/"},"modified":"2023-12-19T00:11:41","modified_gmt":"2023-12-18T23:11:41","slug":"platano-de-canarias-bio","status":"publish","type":"product","link":"https:\/\/florsivioles.marketingempresas.es\/en\/product\/platano-de-canarias-bio\/","title":{"rendered":"Bio Canary Islands Banana"},"content":{"rendered":"<p class=\"MuiTypography-root MuiTypography-body1 MuiTypography-paragraph\">El <strong>Canary Islands Banana <\/strong>es un alimento muy destacable por sus niveles de <strong>hidratos de carbono, sacarosa y fibra<\/strong>. Todos ellos hacen que sea muy beneficioso para todo el organismo y sobretodo, para regular la absorci\u00f3n de az\u00facar, que contribuye a dar mucha energ\u00eda al cuerpo. Est\u00e1 indicado especialmente para la dieta de los ni\u00f1os por su dulce sabor y su textura blanda, por lo que es f\u00e1cil que les guste. Tambi\u00e9n est\u00e1 indicado para deportistas. Aunque es una fruta y la puedes comer &#8216;tal cual&#8217;, tambi\u00e9n existen distintas recetas que lo incluyen, por ejemplo: smoothies, pl\u00e1tano rebozado&#8230; \u00a1Atr\u00e9vete a innovar con este alimento!<\/p>\n<blockquote><p>IMPORTANTE: Nuestros productos B\u00edo son alimentos naturales y sanos, geniales por su gran calidad. Tienen todo el sabor y potencial porque se producen sin productos qu\u00edmicos, ni fertilizantes, ni pesticidas, ni antibi\u00f3ticos y no han sido modificados gen\u00e9ticamente. Adem\u00e1s, estos productos respetan el medio ambiente porque se obtienen respetando el ritmo de crecimiento de plantas.<\/p><\/blockquote>","protected":false},"excerpt":{"rendered":"<p>Price per Kg<\/p>","protected":false},"featured_media":614,"template":"","meta":{"_uag_custom_page_level_css":""},"product_brand":[],"product_cat":[27,35],"product_tag":[267,190,220,268,269,266,265,238],"taxonomy\/receta":[],"class_list":{"0":"post-1941","1":"product","2":"type-product","3":"status-publish","4":"has-post-thumbnail","6":"product_cat-bio","7":"product_cat-frutas-bio","8":"product_tag-comprar-frutas-online-en-ibiza","9":"product_tag-entrega-a-domicilio-en-ibiza","10":"product_tag-fruta-ecologica","11":"product_tag-frutas-ecologicas-en-ibiza","12":"product_tag-frutas-y-verduras-frescas","13":"product_tag-fruteria-a-domicilio-en-ibiza","14":"product_tag-platano-de-canarias-bio","15":"product_tag-venta-de-verduras-y-frutas","16":"product_shipping_class-envio-gratuito","18":"first","19":"instock","20":"taxable","21":"shipping-taxable","22":"purchasable","23":"product-type-simple"},"uagb_featured_image_src":{"full":["https:\/\/florsivioles.marketingempresas.es\/wp-content\/uploads\/2020\/03\/Pl\u00e1tano-Canarias.jpg",530,320,false],"thumbnail":["https:\/\/florsivioles.marketingempresas.es\/wp-content\/uploads\/2020\/03\/Pl\u00e1tano-Canarias-150x91.jpg",150,91,true],"medium":["https:\/\/florsivioles.marketingempresas.es\/wp-content\/uploads\/2020\/03\/Pl\u00e1tano-Canarias-364x220.jpg",364,220,true],"medium_large":["https:\/\/florsivioles.marketingempresas.es\/wp-content\/uploads\/2020\/03\/Pl\u00e1tano-Canarias.jpg",530,320,false],"large":["https:\/\/florsivioles.marketingempresas.es\/wp-content\/uploads\/2020\/03\/Pl\u00e1tano-Canarias.jpg",530,320,false],"1536x1536":["https:\/\/florsivioles.marketingempresas.es\/wp-content\/uploads\/2020\/03\/Pl\u00e1tano-Canarias.jpg",530,320,false],"2048x2048":["https:\/\/florsivioles.marketingempresas.es\/wp-content\/uploads\/2020\/03\/Pl\u00e1tano-Canarias.jpg",530,320,false],"trp-custom-language-flag":["https:\/\/florsivioles.marketingempresas.es\/wp-content\/uploads\/2020\/03\/Pl\u00e1tano-Canarias-18x12.jpg",18,12,true],"woocommerce_thumbnail":["https:\/\/florsivioles.marketingempresas.es\/wp-content\/uploads\/2020\/03\/Pl\u00e1tano-Canarias-260x260.jpg",260,260,true],"woocommerce_single":["https:\/\/florsivioles.marketingempresas.es\/wp-content\/uploads\/2020\/03\/Pl\u00e1tano-Canarias-360x217.jpg",360,217,true],"woocommerce_gallery_thumbnail":["https:\/\/florsivioles.marketingempresas.es\/wp-content\/uploads\/2020\/03\/Pl\u00e1tano-Canarias-100x100.jpg",100,100,true]},"uagb_author_info":{"display_name":"Christian Roig Brown","author_link":"https:\/\/florsivioles.marketingempresas.es\/en\/author\/"},"uagb_comment_info":0,"uagb_excerpt":"Precio Por Kilo.","_links":{"self":[{"href":"https:\/\/florsivioles.marketingempresas.es\/en\/wp-json\/wp\/v2\/product\/1941","targetHints":{"allow":["GET"]}}],"collection":[{"href":"https:\/\/florsivioles.marketingempresas.es\/en\/wp-json\/wp\/v2\/product"}],"about":[{"href":"https:\/\/florsivioles.marketingempresas.es\/en\/wp-json\/wp\/v2\/types\/product"}],"wp:featuredmedia":[{"embeddable":true,"href":"https:\/\/florsivioles.marketingempresas.es\/en\/wp-json\/wp\/v2\/media\/614"}],"wp:attachment":[{"href":"https:\/\/florsivioles.marketingempresas.es\/en\/wp-json\/wp\/v2\/media?parent=1941"}],"wp:term":[{"taxonomy":"product_brand","embeddable":true,"href":"https:\/\/florsivioles.marketingempresas.es\/en\/wp-json\/wp\/v2\/product_brand?post=1941"},{"taxonomy":"product_cat","embeddable":true,"href":"https:\/\/florsivioles.marketingempresas.es\/en\/wp-json\/wp\/v2\/product_cat?post=1941"},{"taxonomy":"product_tag","embeddable":true,"href":"https:\/\/florsivioles.marketingempresas.es\/en\/wp-json\/wp\/v2\/product_tag?post=1941"},{"taxonomy":"receta","embeddable":true,"href":"https:\/\/florsivioles.marketingempresas.es\/en\/wp-json\/wp\/v2\/taxonomy\/receta?post=1941"}],"curies":[{"name":"wp","href":"https:\/\/api.w.org\/{rel}","templated":true}]}}