{"id":1938,"date":"2023-11-29T07:40:53","date_gmt":"2023-11-29T06:40:53","guid":{"rendered":"https:\/\/florsivioles.marketingempresas.es\/producto\/import-placeholder-for-343\/"},"modified":"2024-01-16T18:21:04","modified_gmt":"2024-01-16T17:21:04","slug":"pera-conferencia-bio","status":"publish","type":"product","link":"https:\/\/florsivioles.marketingempresas.es\/en\/product\/pera-conferencia-bio\/","title":{"rendered":"Bio Conference Pear"},"content":{"rendered":"<p>La\u00a0<strong>pera Conferencia <\/strong>es la reina de las peras. Es una pera de textura fina, crujiente y firme, de sabor dulce y jugosa. Perfecta tambi\u00e9n para tus batidos m\u00e1s refrescantes o para preparar salsas que adornen tus carnes y pescados.<\/p>\n<p>&nbsp;<\/p>\n<blockquote><p>IMPORTANTE: Nuestros productos B\u00edo son alimentos naturales y sanos, geniales por su gran calidad. Tienen todo el sabor y potencial porque se producen sin productos qu\u00edmicos, ni fertilizantes, ni pesticidas, ni antibi\u00f3ticos y no han sido modificados gen\u00e9ticamente. Adem\u00e1s, estos productos respetan el medio ambiente porque se obtienen respetando el ritmo de crecimiento de plantas.<\/p><\/blockquote>","protected":false},"excerpt":{"rendered":"<p>Price per unit<\/p>","protected":false},"featured_media":602,"template":"","meta":{"_uag_custom_page_level_css":""},"product_brand":[],"product_cat":[27,35],"product_tag":[164,170,73,171,168],"taxonomy\/receta":[],"class_list":{"0":"post-1938","1":"product","2":"type-product","3":"status-publish","4":"has-post-thumbnail","6":"product_cat-bio","7":"product_cat-frutas-bio","8":"product_tag-entrega-a-domicilio","9":"product_tag-frutas-bio","10":"product_tag-frutas-bio-en-ibiza","11":"product_tag-frutas-ecologicas","12":"product_tag-pera-conferencia","13":"product_shipping_class-envio-gratuito","15":"first","16":"instock","17":"taxable","18":"shipping-taxable","19":"purchasable","20":"product-type-simple"},"uagb_featured_image_src":{"full":["https:\/\/florsivioles.marketingempresas.es\/wp-content\/uploads\/2020\/03\/Pera-Conferencia-02.jpg",480,320,false],"thumbnail":["https:\/\/florsivioles.marketingempresas.es\/wp-content\/uploads\/2020\/03\/Pera-Conferencia-02-150x100.jpg",150,100,true],"medium":["https:\/\/florsivioles.marketingempresas.es\/wp-content\/uploads\/2020\/03\/Pera-Conferencia-02-364x243.jpg",364,243,true],"medium_large":["https:\/\/florsivioles.marketingempresas.es\/wp-content\/uploads\/2020\/03\/Pera-Conferencia-02.jpg",480,320,false],"large":["https:\/\/florsivioles.marketingempresas.es\/wp-content\/uploads\/2020\/03\/Pera-Conferencia-02.jpg",480,320,false],"1536x1536":["https:\/\/florsivioles.marketingempresas.es\/wp-content\/uploads\/2020\/03\/Pera-Conferencia-02.jpg",480,320,false],"2048x2048":["https:\/\/florsivioles.marketingempresas.es\/wp-content\/uploads\/2020\/03\/Pera-Conferencia-02.jpg",480,320,false],"trp-custom-language-flag":["https:\/\/florsivioles.marketingempresas.es\/wp-content\/uploads\/2020\/03\/Pera-Conferencia-02-18x12.jpg",18,12,true],"woocommerce_thumbnail":["https:\/\/florsivioles.marketingempresas.es\/wp-content\/uploads\/2020\/03\/Pera-Conferencia-02-260x260.jpg",260,260,true],"woocommerce_single":["https:\/\/florsivioles.marketingempresas.es\/wp-content\/uploads\/2020\/03\/Pera-Conferencia-02-360x240.jpg",360,240,true],"woocommerce_gallery_thumbnail":["https:\/\/florsivioles.marketingempresas.es\/wp-content\/uploads\/2020\/03\/Pera-Conferencia-02-100x100.jpg",100,100,true]},"uagb_author_info":{"display_name":"Christian Roig Brown","author_link":"https:\/\/florsivioles.marketingempresas.es\/en\/author\/"},"uagb_comment_info":0,"uagb_excerpt":"Precio por unidad","_links":{"self":[{"href":"https:\/\/florsivioles.marketingempresas.es\/en\/wp-json\/wp\/v2\/product\/1938","targetHints":{"allow":["GET"]}}],"collection":[{"href":"https:\/\/florsivioles.marketingempresas.es\/en\/wp-json\/wp\/v2\/product"}],"about":[{"href":"https:\/\/florsivioles.marketingempresas.es\/en\/wp-json\/wp\/v2\/types\/product"}],"wp:featuredmedia":[{"embeddable":true,"href":"https:\/\/florsivioles.marketingempresas.es\/en\/wp-json\/wp\/v2\/media\/602"}],"wp:attachment":[{"href":"https:\/\/florsivioles.marketingempresas.es\/en\/wp-json\/wp\/v2\/media?parent=1938"}],"wp:term":[{"taxonomy":"product_brand","embeddable":true,"href":"https:\/\/florsivioles.marketingempresas.es\/en\/wp-json\/wp\/v2\/product_brand?post=1938"},{"taxonomy":"product_cat","embeddable":true,"href":"https:\/\/florsivioles.marketingempresas.es\/en\/wp-json\/wp\/v2\/product_cat?post=1938"},{"taxonomy":"product_tag","embeddable":true,"href":"https:\/\/florsivioles.marketingempresas.es\/en\/wp-json\/wp\/v2\/product_tag?post=1938"},{"taxonomy":"receta","embeddable":true,"href":"https:\/\/florsivioles.marketingempresas.es\/en\/wp-json\/wp\/v2\/taxonomy\/receta?post=1938"}],"curies":[{"name":"wp","href":"https:\/\/api.w.org\/{rel}","templated":true}]}}