{"id":1929,"date":"2023-11-29T07:53:51","date_gmt":"2023-11-29T06:53:51","guid":{"rendered":"https:\/\/florsivioles.marketingempresas.es\/producto\/import-placeholder-for-334\/"},"modified":"2023-11-29T11:50:56","modified_gmt":"2023-11-29T10:50:56","slug":"manzana-royal-gala-bio","status":"publish","type":"product","link":"https:\/\/florsivioles.marketingempresas.es\/en\/product\/manzana-royal-gala-bio\/","title":{"rendered":"Bio Royal Gala Apple"},"content":{"rendered":"<h2>Bio Royal Gala Apple<\/h2>\n<p>La Manzana Royal Gala B\u00edo es una variedad de manzanas que surgi\u00f3 de la fusi\u00f3n de una Kidd&#8217;s Orange Red con una Golden Delicious. Estas manzanas tienen la piel con estr\u00edas rojas y naranjas sobre un fondo amarillo verdoso, y la carne blanca, crujiente y consistente. Su sabor es muy arom\u00e1tico, dulce y poco \u00e1cido, y su textura muy jugosa.<\/p>\n<p>La Manzana Royal Gala B\u00edo es ideal para asar al horno y para preparar pur\u00e9s, postres, pasteles, mermeladas y compotas.\u00a0 Se considera una de las frutas m\u00e1s completas desde del punto de vista nutritivo, ya que contiene una gran cantidad de sales minerales y vitaminas. Adem\u00e1s, la manzana facilita la digesti\u00f3n, y por su alto contenido en celulosa, ayuda a regular el tr\u00e1nsito intestinal.<\/p>\n<p>&nbsp;<\/p>\n<blockquote><p>IMPORTANTE: Nuestros productos B\u00edo son alimentos naturales y sanos, geniales por su gran calidad. Tienen todo el sabor y potencial porque se producen sin productos qu\u00edmicos, ni fertilizantes, ni pesticidas, ni antibi\u00f3ticos y no han sido modificados gen\u00e9ticamente. Adem\u00e1s, estos productos respetan el medio ambiente porque se obtienen respetando el ritmo de crecimiento de plantas.<\/p><\/blockquote>","protected":false},"excerpt":{"rendered":"<p>Price per Kg<\/p>","protected":false},"featured_media":583,"template":"","meta":{"_uag_custom_page_level_css":""},"product_brand":[],"product_cat":[27,35],"product_tag":[214,209,197,202,188,203,213,212,940],"taxonomy\/receta":[],"class_list":{"0":"post-1929","1":"product","2":"type-product","3":"status-publish","4":"has-post-thumbnail","6":"product_cat-bio","7":"product_cat-frutas-bio","8":"product_tag-cesta-de-frutas-y-verduras","9":"product_tag-frutas-y-verduras-a-domicilio","10":"product_tag-frutas-y-verduras-bio","11":"product_tag-frutas-y-verduras-cerca","12":"product_tag-frutas-y-verduras-de-temporada","13":"product_tag-fruteria-a-domicilio","14":"product_tag-fruteria-online","15":"product_tag-manzana-royal-gala","16":"product_tag-manzana-royal-gala-bio","17":"product_shipping_class-envio-gratuito","19":"first","20":"instock","21":"taxable","22":"shipping-taxable","23":"purchasable","24":"product-type-simple"},"uagb_featured_image_src":{"full":["https:\/\/florsivioles.marketingempresas.es\/wp-content\/uploads\/2020\/03\/Manzana-Royal-Gala.jpg",480,320,false],"thumbnail":["https:\/\/florsivioles.marketingempresas.es\/wp-content\/uploads\/2020\/03\/Manzana-Royal-Gala-150x100.jpg",150,100,true],"medium":["https:\/\/florsivioles.marketingempresas.es\/wp-content\/uploads\/2020\/03\/Manzana-Royal-Gala-364x243.jpg",364,243,true],"medium_large":["https:\/\/florsivioles.marketingempresas.es\/wp-content\/uploads\/2020\/03\/Manzana-Royal-Gala.jpg",480,320,false],"large":["https:\/\/florsivioles.marketingempresas.es\/wp-content\/uploads\/2020\/03\/Manzana-Royal-Gala.jpg",480,320,false],"1536x1536":["https:\/\/florsivioles.marketingempresas.es\/wp-content\/uploads\/2020\/03\/Manzana-Royal-Gala.jpg",480,320,false],"2048x2048":["https:\/\/florsivioles.marketingempresas.es\/wp-content\/uploads\/2020\/03\/Manzana-Royal-Gala.jpg",480,320,false],"trp-custom-language-flag":["https:\/\/florsivioles.marketingempresas.es\/wp-content\/uploads\/2020\/03\/Manzana-Royal-Gala-18x12.jpg",18,12,true],"woocommerce_thumbnail":["https:\/\/florsivioles.marketingempresas.es\/wp-content\/uploads\/2020\/03\/Manzana-Royal-Gala-260x260.jpg",260,260,true],"woocommerce_single":["https:\/\/florsivioles.marketingempresas.es\/wp-content\/uploads\/2020\/03\/Manzana-Royal-Gala-360x240.jpg",360,240,true],"woocommerce_gallery_thumbnail":["https:\/\/florsivioles.marketingempresas.es\/wp-content\/uploads\/2020\/03\/Manzana-Royal-Gala-100x100.jpg",100,100,true]},"uagb_author_info":{"display_name":"Christian Roig Brown","author_link":"https:\/\/florsivioles.marketingempresas.es\/en\/author\/"},"uagb_comment_info":0,"uagb_excerpt":"Precio Por Kilo.","_links":{"self":[{"href":"https:\/\/florsivioles.marketingempresas.es\/en\/wp-json\/wp\/v2\/product\/1929","targetHints":{"allow":["GET"]}}],"collection":[{"href":"https:\/\/florsivioles.marketingempresas.es\/en\/wp-json\/wp\/v2\/product"}],"about":[{"href":"https:\/\/florsivioles.marketingempresas.es\/en\/wp-json\/wp\/v2\/types\/product"}],"wp:featuredmedia":[{"embeddable":true,"href":"https:\/\/florsivioles.marketingempresas.es\/en\/wp-json\/wp\/v2\/media\/583"}],"wp:attachment":[{"href":"https:\/\/florsivioles.marketingempresas.es\/en\/wp-json\/wp\/v2\/media?parent=1929"}],"wp:term":[{"taxonomy":"product_brand","embeddable":true,"href":"https:\/\/florsivioles.marketingempresas.es\/en\/wp-json\/wp\/v2\/product_brand?post=1929"},{"taxonomy":"product_cat","embeddable":true,"href":"https:\/\/florsivioles.marketingempresas.es\/en\/wp-json\/wp\/v2\/product_cat?post=1929"},{"taxonomy":"product_tag","embeddable":true,"href":"https:\/\/florsivioles.marketingempresas.es\/en\/wp-json\/wp\/v2\/product_tag?post=1929"},{"taxonomy":"receta","embeddable":true,"href":"https:\/\/florsivioles.marketingempresas.es\/en\/wp-json\/wp\/v2\/taxonomy\/receta?post=1929"}],"curies":[{"name":"wp","href":"https:\/\/api.w.org\/{rel}","templated":true}]}}