{"id":1926,"date":"2023-11-29T07:57:50","date_gmt":"2023-11-29T06:57:50","guid":{"rendered":"https:\/\/florsivioles.marketingempresas.es\/producto\/import-placeholder-for-331\/"},"modified":"2023-11-29T11:49:54","modified_gmt":"2023-11-29T10:49:54","slug":"manzana-golden-bio","status":"publish","type":"product","link":"https:\/\/florsivioles.marketingempresas.es\/en\/product\/manzana-golden-bio\/","title":{"rendered":"Bio Golden Apple"},"content":{"rendered":"<p>La <strong>Bio Golden Apple<\/strong> procede del\u00a0<strong>cultivo ecol\u00f3gico<\/strong>. Su piel es amarilla verdosa y su carne jugosa, crujiente y arom\u00e1tica. Es refrescante e hidratante, posee <strong>vitamina E y C, potasio y es antioxidante<\/strong>.<\/p>\n<p>Recuerda: One apple a day, keep the doctor away! ?<\/p>\n<p>&nbsp;<\/p>\n<blockquote><p>IMPORTANTE: Nuestros productos B\u00edo son alimentos naturales y sanos, geniales por su gran calidad. Tienen todo el sabor y potencial porque se producen sin productos qu\u00edmicos, ni fertilizantes, ni pesticidas, ni antibi\u00f3ticos y no han sido modificados gen\u00e9ticamente. Adem\u00e1s, estos productos respetan el medio ambiente porque se obtienen respetando el ritmo de crecimiento de plantas.<\/p><\/blockquote>","protected":false},"excerpt":{"rendered":"<p>Price per Kg<\/p>","protected":false},"featured_media":581,"template":"","meta":{"_uag_custom_page_level_css":""},"product_brand":[],"product_cat":[27,35],"product_tag":[179,190,195,197,196,194,123,174,173],"taxonomy\/receta":[],"class_list":{"0":"post-1926","1":"product","2":"type-product","3":"status-publish","4":"has-post-thumbnail","6":"product_cat-bio","7":"product_cat-frutas-bio","8":"product_tag-cesta-ecologica","9":"product_tag-entrega-a-domicilio-en-ibiza","10":"product_tag-frutas-y-vegetales","11":"product_tag-frutas-y-verduras-bio","12":"product_tag-frutas-y-verduras-cerca-de-mi","13":"product_tag-manzana-golden-bio","14":"product_tag-tienda-online-en-ibiza","15":"product_tag-verduras-ecologicas-online","16":"product_tag-verduras-online","17":"product_shipping_class-envio-gratuito","19":"first","20":"instock","21":"taxable","22":"shipping-taxable","23":"purchasable","24":"product-type-simple"},"uagb_featured_image_src":{"full":["https:\/\/florsivioles.marketingempresas.es\/wp-content\/uploads\/2020\/03\/Manzana-Golden.jpg",480,320,false],"thumbnail":["https:\/\/florsivioles.marketingempresas.es\/wp-content\/uploads\/2020\/03\/Manzana-Golden-150x100.jpg",150,100,true],"medium":["https:\/\/florsivioles.marketingempresas.es\/wp-content\/uploads\/2020\/03\/Manzana-Golden-364x243.jpg",364,243,true],"medium_large":["https:\/\/florsivioles.marketingempresas.es\/wp-content\/uploads\/2020\/03\/Manzana-Golden.jpg",480,320,false],"large":["https:\/\/florsivioles.marketingempresas.es\/wp-content\/uploads\/2020\/03\/Manzana-Golden.jpg",480,320,false],"1536x1536":["https:\/\/florsivioles.marketingempresas.es\/wp-content\/uploads\/2020\/03\/Manzana-Golden.jpg",480,320,false],"2048x2048":["https:\/\/florsivioles.marketingempresas.es\/wp-content\/uploads\/2020\/03\/Manzana-Golden.jpg",480,320,false],"trp-custom-language-flag":["https:\/\/florsivioles.marketingempresas.es\/wp-content\/uploads\/2020\/03\/Manzana-Golden-18x12.jpg",18,12,true],"woocommerce_thumbnail":["https:\/\/florsivioles.marketingempresas.es\/wp-content\/uploads\/2020\/03\/Manzana-Golden-260x260.jpg",260,260,true],"woocommerce_single":["https:\/\/florsivioles.marketingempresas.es\/wp-content\/uploads\/2020\/03\/Manzana-Golden-360x240.jpg",360,240,true],"woocommerce_gallery_thumbnail":["https:\/\/florsivioles.marketingempresas.es\/wp-content\/uploads\/2020\/03\/Manzana-Golden-100x100.jpg",100,100,true]},"uagb_author_info":{"display_name":"Christian Roig Brown","author_link":"https:\/\/florsivioles.marketingempresas.es\/en\/author\/"},"uagb_comment_info":0,"uagb_excerpt":"Precio Por Kilo.","_links":{"self":[{"href":"https:\/\/florsivioles.marketingempresas.es\/en\/wp-json\/wp\/v2\/product\/1926","targetHints":{"allow":["GET"]}}],"collection":[{"href":"https:\/\/florsivioles.marketingempresas.es\/en\/wp-json\/wp\/v2\/product"}],"about":[{"href":"https:\/\/florsivioles.marketingempresas.es\/en\/wp-json\/wp\/v2\/types\/product"}],"wp:featuredmedia":[{"embeddable":true,"href":"https:\/\/florsivioles.marketingempresas.es\/en\/wp-json\/wp\/v2\/media\/581"}],"wp:attachment":[{"href":"https:\/\/florsivioles.marketingempresas.es\/en\/wp-json\/wp\/v2\/media?parent=1926"}],"wp:term":[{"taxonomy":"product_brand","embeddable":true,"href":"https:\/\/florsivioles.marketingempresas.es\/en\/wp-json\/wp\/v2\/product_brand?post=1926"},{"taxonomy":"product_cat","embeddable":true,"href":"https:\/\/florsivioles.marketingempresas.es\/en\/wp-json\/wp\/v2\/product_cat?post=1926"},{"taxonomy":"product_tag","embeddable":true,"href":"https:\/\/florsivioles.marketingempresas.es\/en\/wp-json\/wp\/v2\/product_tag?post=1926"},{"taxonomy":"receta","embeddable":true,"href":"https:\/\/florsivioles.marketingempresas.es\/en\/wp-json\/wp\/v2\/taxonomy\/receta?post=1926"}],"curies":[{"name":"wp","href":"https:\/\/api.w.org\/{rel}","templated":true}]}}