{"id":1921,"date":"2023-11-29T08:02:39","date_gmt":"2023-11-29T07:02:39","guid":{"rendered":"https:\/\/florsivioles.marketingempresas.es\/producto\/import-placeholder-for-326\/"},"modified":"2024-01-24T00:03:18","modified_gmt":"2024-01-23T23:03:18","slug":"limon-fino-bio","status":"publish","type":"product","link":"https:\/\/florsivioles.marketingempresas.es\/en\/product\/limon-fino-bio\/","title":{"rendered":"Bio Fine Lemon"},"content":{"rendered":"<p>El lim\u00f3n es una fruta rica en <strong>vitamina C<\/strong>, una vitamina esencial para reforzar nuestro sistema inmunol\u00f3gico y nuestras defensas, por eso es un escudo genial contra catarros y gripes. Adem\u00e1s, el lim\u00f3n es capaz de neutralizar y eliminar las toxinas de nuestro organismo, con lo que es un <strong>antioxidante natural<\/strong> muy potente, que te ayudar\u00e1 a depurar tu cuerpo. Tambi\u00e9n es rico en minerales, como el <strong>magnesio, el potasio o el hierro<\/strong>.<\/p>\n<p>El lim\u00f3n es una fruta muy utilizada en el mundo de la gastronom\u00eda, ya que tanto su zumo como su piel, se utilizan en numerosas recetas. Con estos limones podr\u00e1s hacer <strong>zumos (para aprovechar al m\u00e1ximo sus nutrientes), limonadas, helados, reposter\u00eda y postres<\/strong>. Tambi\u00e9n podr\u00e1s marinar tanto <strong>pescado<\/strong> como <strong>pollo<\/strong>, y preparar deliciosas vinagretas. No te olvides de a\u00f1adir estos limones a tu carrito. \u00a1Son un imprescindible en tu casa!<\/p>\n<p>&nbsp;<\/p>\n<p>IMPORTANTE: Nuestros productos B\u00edo son alimentos naturales y sanos, geniales por su gran calidad. Tienen todo el sabor y potencial porque se producen sin productos qu\u00edmicos, ni fertilizantes, ni pesticidas, ni antibi\u00f3ticos y no han sido modificados gen\u00e9ticamente. Adem\u00e1s, estos productos respetan el medio ambiente porque se obtienen respetando el ritmo de crecimiento de plantas.<\/p>","protected":false},"excerpt":{"rendered":"<p>Price per Kg<\/p>","protected":false},"featured_media":575,"template":"","meta":{"_uag_custom_page_level_css":""},"product_brand":[],"product_cat":[27,35],"product_tag":[164,163,71,162],"taxonomy\/receta":[],"class_list":{"0":"post-1921","1":"product","2":"type-product","3":"status-publish","4":"has-post-thumbnail","6":"product_cat-bio","7":"product_cat-frutas-bio","8":"product_tag-entrega-a-domicilio","9":"product_tag-limon-ecologico","10":"product_tag-productos-bio-en-ibiza","11":"product_tag-productos-ecologicos","12":"product_shipping_class-envio-gratuito","14":"first","15":"instock","16":"taxable","17":"shipping-taxable","18":"purchasable","19":"product-type-simple"},"uagb_featured_image_src":{"full":["https:\/\/florsivioles.marketingempresas.es\/wp-content\/uploads\/2020\/03\/Lim\u00f3n-Fino.jpg",480,320,false],"thumbnail":["https:\/\/florsivioles.marketingempresas.es\/wp-content\/uploads\/2020\/03\/Lim\u00f3n-Fino-150x100.jpg",150,100,true],"medium":["https:\/\/florsivioles.marketingempresas.es\/wp-content\/uploads\/2020\/03\/Lim\u00f3n-Fino-364x243.jpg",364,243,true],"medium_large":["https:\/\/florsivioles.marketingempresas.es\/wp-content\/uploads\/2020\/03\/Lim\u00f3n-Fino.jpg",480,320,false],"large":["https:\/\/florsivioles.marketingempresas.es\/wp-content\/uploads\/2020\/03\/Lim\u00f3n-Fino.jpg",480,320,false],"1536x1536":["https:\/\/florsivioles.marketingempresas.es\/wp-content\/uploads\/2020\/03\/Lim\u00f3n-Fino.jpg",480,320,false],"2048x2048":["https:\/\/florsivioles.marketingempresas.es\/wp-content\/uploads\/2020\/03\/Lim\u00f3n-Fino.jpg",480,320,false],"trp-custom-language-flag":["https:\/\/florsivioles.marketingempresas.es\/wp-content\/uploads\/2020\/03\/Lim\u00f3n-Fino-18x12.jpg",18,12,true],"woocommerce_thumbnail":["https:\/\/florsivioles.marketingempresas.es\/wp-content\/uploads\/2020\/03\/Lim\u00f3n-Fino-260x260.jpg",260,260,true],"woocommerce_single":["https:\/\/florsivioles.marketingempresas.es\/wp-content\/uploads\/2020\/03\/Lim\u00f3n-Fino-360x240.jpg",360,240,true],"woocommerce_gallery_thumbnail":["https:\/\/florsivioles.marketingempresas.es\/wp-content\/uploads\/2020\/03\/Lim\u00f3n-Fino-100x100.jpg",100,100,true]},"uagb_author_info":{"display_name":"Christian Roig Brown","author_link":"https:\/\/florsivioles.marketingempresas.es\/en\/author\/"},"uagb_comment_info":0,"uagb_excerpt":"Precio Por Kilo.","_links":{"self":[{"href":"https:\/\/florsivioles.marketingempresas.es\/en\/wp-json\/wp\/v2\/product\/1921","targetHints":{"allow":["GET"]}}],"collection":[{"href":"https:\/\/florsivioles.marketingempresas.es\/en\/wp-json\/wp\/v2\/product"}],"about":[{"href":"https:\/\/florsivioles.marketingempresas.es\/en\/wp-json\/wp\/v2\/types\/product"}],"wp:featuredmedia":[{"embeddable":true,"href":"https:\/\/florsivioles.marketingempresas.es\/en\/wp-json\/wp\/v2\/media\/575"}],"wp:attachment":[{"href":"https:\/\/florsivioles.marketingempresas.es\/en\/wp-json\/wp\/v2\/media?parent=1921"}],"wp:term":[{"taxonomy":"product_brand","embeddable":true,"href":"https:\/\/florsivioles.marketingempresas.es\/en\/wp-json\/wp\/v2\/product_brand?post=1921"},{"taxonomy":"product_cat","embeddable":true,"href":"https:\/\/florsivioles.marketingempresas.es\/en\/wp-json\/wp\/v2\/product_cat?post=1921"},{"taxonomy":"product_tag","embeddable":true,"href":"https:\/\/florsivioles.marketingempresas.es\/en\/wp-json\/wp\/v2\/product_tag?post=1921"},{"taxonomy":"receta","embeddable":true,"href":"https:\/\/florsivioles.marketingempresas.es\/en\/wp-json\/wp\/v2\/taxonomy\/receta?post=1921"}],"curies":[{"name":"wp","href":"https:\/\/api.w.org\/{rel}","templated":true}]}}