{"id":1869,"date":"2022-03-08T20:31:12","date_gmt":"2022-03-08T19:31:12","guid":{"rendered":"https:\/\/florsivioles.marketingempresas.es\/producto\/import-placeholder-for-274\/"},"modified":"2023-07-25T18:38:12","modified_gmt":"2023-07-25T16:38:12","slug":"huevos-bio","status":"publish","type":"product","link":"https:\/\/florsivioles.marketingempresas.es\/en\/product\/huevos-bio\/","title":{"rendered":"Fresh eggs Bio"},"content":{"rendered":"<p class=\"MuiTypography-root MuiTypography-body1 MuiTypography-paragraph\">Los <strong>Fresh eggs Bio<\/strong> provienen de gallinas que han sido criadas al aire libre con alimentos procedentes de la agricultura ecol\u00f3gica y en los que se encuentra restringida la administraci\u00f3n de medicamentos como antibi\u00f3ticos. No son lavados, limpiados, ni sometidos a tratamientos de conservaci\u00f3n.<\/p>\n<p class=\"MuiTypography-root MuiTypography-body1 MuiTypography-paragraph\">\u00bfC\u00f3mo podemos saber que se trata de un\u00a0<strong>huevo ecol\u00f3gico<\/strong>? Por su\u00a0<strong>aspecto<\/strong>, su color es diferente al del resto de huevos y su\u00a0<strong>sabor<\/strong>\u00a0tambi\u00e9n lo es. El hecho de\u00a0<strong>alimentar a las gallinas<\/strong> con productos naturales en vez de transg\u00e9nicos y que \u00e9stas tienen una vida m\u00e1s saludable y no tan estresante, hace que se a\u00f1ada valor y calidad a este producto.<\/p>\n<p>&nbsp;<\/p>\n<blockquote><p>IMPORTANTE: Nuestros productos B\u00edo son alimentos naturales y sanos, geniales por su gran calidad. Tienen todo el sabor y potencial porque se producen sin productos qu\u00edmicos, ni fertilizantes, ni pesticidas, ni antibi\u00f3ticos y no han sido modificados gen\u00e9ticamente. Adem\u00e1s, estos productos respetan el medio ambiente porque se obtienen respetando el ritmo de crecimiento de plantas.<\/p><\/blockquote>","protected":false},"excerpt":{"rendered":"<p>Half a dozen<\/p>","protected":false},"featured_media":564,"template":"","meta":{"_uag_custom_page_level_css":""},"product_brand":[],"product_cat":[27,64],"product_tag":[274,178,85,276,273,86,275],"taxonomy\/receta":[],"class_list":{"0":"post-1869","1":"product","2":"type-product","3":"status-publish","4":"has-post-thumbnail","6":"product_cat-bio","7":"product_cat-huevos-bio","8":"product_tag-dlivery-ibiza","9":"product_tag-fruta-y-verdura-ecologica-a-domicilio","10":"product_tag-huevos-bio","11":"product_tag-huevos-ecologicos-en-ibiza","12":"product_tag-huevos-organicos","13":"product_tag-organic-eggs","14":"product_tag-verduleria-online-en-ibiza","15":"product_shipping_class-envio-gratuito","17":"first","18":"instock","19":"taxable","20":"shipping-taxable","21":"purchasable","22":"product-type-simple"},"uagb_featured_image_src":{"full":["https:\/\/florsivioles.marketingempresas.es\/wp-content\/uploads\/2020\/03\/Huevos-B\u00edo.jpg",479,320,false],"thumbnail":["https:\/\/florsivioles.marketingempresas.es\/wp-content\/uploads\/2020\/03\/Huevos-B\u00edo-150x100.jpg",150,100,true],"medium":["https:\/\/florsivioles.marketingempresas.es\/wp-content\/uploads\/2020\/03\/Huevos-B\u00edo-364x243.jpg",364,243,true],"medium_large":["https:\/\/florsivioles.marketingempresas.es\/wp-content\/uploads\/2020\/03\/Huevos-B\u00edo.jpg",479,320,false],"large":["https:\/\/florsivioles.marketingempresas.es\/wp-content\/uploads\/2020\/03\/Huevos-B\u00edo.jpg",479,320,false],"1536x1536":["https:\/\/florsivioles.marketingempresas.es\/wp-content\/uploads\/2020\/03\/Huevos-B\u00edo.jpg",479,320,false],"2048x2048":["https:\/\/florsivioles.marketingempresas.es\/wp-content\/uploads\/2020\/03\/Huevos-B\u00edo.jpg",479,320,false],"trp-custom-language-flag":["https:\/\/florsivioles.marketingempresas.es\/wp-content\/uploads\/2020\/03\/Huevos-B\u00edo-18x12.jpg",18,12,true],"woocommerce_thumbnail":["https:\/\/florsivioles.marketingempresas.es\/wp-content\/uploads\/2020\/03\/Huevos-B\u00edo-260x260.jpg",260,260,true],"woocommerce_single":["https:\/\/florsivioles.marketingempresas.es\/wp-content\/uploads\/2020\/03\/Huevos-B\u00edo-360x241.jpg",360,241,true],"woocommerce_gallery_thumbnail":["https:\/\/florsivioles.marketingempresas.es\/wp-content\/uploads\/2020\/03\/Huevos-B\u00edo-100x100.jpg",100,100,true]},"uagb_author_info":{"display_name":"Christian Roig Brown","author_link":"https:\/\/florsivioles.marketingempresas.es\/en\/author\/"},"uagb_comment_info":0,"uagb_excerpt":"Media docena.","_links":{"self":[{"href":"https:\/\/florsivioles.marketingempresas.es\/en\/wp-json\/wp\/v2\/product\/1869","targetHints":{"allow":["GET"]}}],"collection":[{"href":"https:\/\/florsivioles.marketingempresas.es\/en\/wp-json\/wp\/v2\/product"}],"about":[{"href":"https:\/\/florsivioles.marketingempresas.es\/en\/wp-json\/wp\/v2\/types\/product"}],"wp:featuredmedia":[{"embeddable":true,"href":"https:\/\/florsivioles.marketingempresas.es\/en\/wp-json\/wp\/v2\/media\/564"}],"wp:attachment":[{"href":"https:\/\/florsivioles.marketingempresas.es\/en\/wp-json\/wp\/v2\/media?parent=1869"}],"wp:term":[{"taxonomy":"product_brand","embeddable":true,"href":"https:\/\/florsivioles.marketingempresas.es\/en\/wp-json\/wp\/v2\/product_brand?post=1869"},{"taxonomy":"product_cat","embeddable":true,"href":"https:\/\/florsivioles.marketingempresas.es\/en\/wp-json\/wp\/v2\/product_cat?post=1869"},{"taxonomy":"product_tag","embeddable":true,"href":"https:\/\/florsivioles.marketingempresas.es\/en\/wp-json\/wp\/v2\/product_tag?post=1869"},{"taxonomy":"receta","embeddable":true,"href":"https:\/\/florsivioles.marketingempresas.es\/en\/wp-json\/wp\/v2\/taxonomy\/receta?post=1869"}],"curies":[{"name":"wp","href":"https:\/\/api.w.org\/{rel}","templated":true}]}}