{"id":1850,"date":"2022-03-09T07:15:54","date_gmt":"2022-03-09T06:15:54","guid":{"rendered":"https:\/\/florsivioles.marketingempresas.es\/producto\/import-placeholder-for-255\/"},"modified":"2023-01-12T10:56:59","modified_gmt":"2023-01-12T09:56:59","slug":"pimiento-verde-italiano","status":"publish","type":"product","link":"https:\/\/florsivioles.marketingempresas.es\/en\/product\/pimiento-verde-italiano\/","title":{"rendered":"Italian Green Pepper"},"content":{"rendered":"<p class=\"MuiTypography-root MuiTypography-body1 MuiTypography-paragraph\">El\u00a0<strong>Italian Green Pepper<\/strong>\u00a0destaca por su alto contenido en\u00a0<strong>vitamina C<\/strong>\u00a0y\u00a0<strong>vitamina B6<\/strong>, la cual es fundamental para el sistema nervioso central. Destaca tambi\u00e9n su alto contenido en\u00a0<strong>betacaroteno<\/strong>, que al entrar en el organismo se transforman en vitamina A y vitaminas del grupo B2. Por ello es ideal para prevenir la aparici\u00f3n de enfermedades degenerativas y cr\u00f3nicas. Especialmente, el betacaroteno ayuda a prevenir el c\u00e1ncer, las hemorragias cerebrales, las cataratas y las enfermedades card\u00edacas.<\/p>\n<p class=\"MuiTypography-root MuiTypography-body1 MuiTypography-paragraph\">El pimiento tiene una digesti\u00f3n un poco lenta, ya que permanece unas tres horas en el est\u00f3mago. Igualmente, estimula la secreci\u00f3n g\u00e1strica.<\/p>","protected":false},"excerpt":{"rendered":"<p>Price per Kg<\/p>","protected":false},"featured_media":2654,"template":"","meta":{"_uag_custom_page_level_css":""},"product_brand":[],"product_cat":[16,26],"product_tag":[232,226,231,65,207],"taxonomy\/receta":[],"class_list":{"0":"post-1850","1":"product","2":"type-product","3":"status-publish","4":"has-post-thumbnail","6":"product_cat-convencional","7":"product_cat-verduras","8":"product_tag-italian-green-pepper","9":"product_tag-online-vegetables","10":"product_tag-pimiento-verde-italiano","11":"product_tag-producto-local","12":"product_tag-vegetables-delivery-in-ibiza","13":"product_shipping_class-envio-gratuito","15":"first","16":"instock","17":"taxable","18":"shipping-taxable","19":"purchasable","20":"product-type-simple"},"uagb_featured_image_src":{"full":["https:\/\/florsivioles.marketingempresas.es\/wp-content\/uploads\/2020\/03\/Pimiento-Italiano-Verde.jpg",1920,1080,false],"thumbnail":["https:\/\/florsivioles.marketingempresas.es\/wp-content\/uploads\/2020\/03\/Pimiento-Italiano-Verde-150x84.jpg",150,84,true],"medium":["https:\/\/florsivioles.marketingempresas.es\/wp-content\/uploads\/2020\/03\/Pimiento-Italiano-Verde-364x205.jpg",364,205,true],"medium_large":["https:\/\/florsivioles.marketingempresas.es\/wp-content\/uploads\/2020\/03\/Pimiento-Italiano-Verde-768x432.jpg",768,432,true],"large":["https:\/\/florsivioles.marketingempresas.es\/wp-content\/uploads\/2020\/03\/Pimiento-Italiano-Verde-1024x576.jpg",1024,576,true],"1536x1536":["https:\/\/florsivioles.marketingempresas.es\/wp-content\/uploads\/2020\/03\/Pimiento-Italiano-Verde-1536x864.jpg",1536,864,true],"2048x2048":["https:\/\/florsivioles.marketingempresas.es\/wp-content\/uploads\/2020\/03\/Pimiento-Italiano-Verde.jpg",1920,1080,false],"trp-custom-language-flag":["https:\/\/florsivioles.marketingempresas.es\/wp-content\/uploads\/2020\/03\/Pimiento-Italiano-Verde-18x10.jpg",18,10,true],"woocommerce_thumbnail":["https:\/\/florsivioles.marketingempresas.es\/wp-content\/uploads\/2020\/03\/Pimiento-Italiano-Verde-260x260.jpg",260,260,true],"woocommerce_single":["https:\/\/florsivioles.marketingempresas.es\/wp-content\/uploads\/2020\/03\/Pimiento-Italiano-Verde-360x203.jpg",360,203,true],"woocommerce_gallery_thumbnail":["https:\/\/florsivioles.marketingempresas.es\/wp-content\/uploads\/2020\/03\/Pimiento-Italiano-Verde-100x100.jpg",100,100,true]},"uagb_author_info":{"display_name":"Christian Roig Brown","author_link":"https:\/\/florsivioles.marketingempresas.es\/en\/author\/"},"uagb_comment_info":0,"uagb_excerpt":"Precio por Kilo.","_links":{"self":[{"href":"https:\/\/florsivioles.marketingempresas.es\/en\/wp-json\/wp\/v2\/product\/1850","targetHints":{"allow":["GET"]}}],"collection":[{"href":"https:\/\/florsivioles.marketingempresas.es\/en\/wp-json\/wp\/v2\/product"}],"about":[{"href":"https:\/\/florsivioles.marketingempresas.es\/en\/wp-json\/wp\/v2\/types\/product"}],"wp:featuredmedia":[{"embeddable":true,"href":"https:\/\/florsivioles.marketingempresas.es\/en\/wp-json\/wp\/v2\/media\/2654"}],"wp:attachment":[{"href":"https:\/\/florsivioles.marketingempresas.es\/en\/wp-json\/wp\/v2\/media?parent=1850"}],"wp:term":[{"taxonomy":"product_brand","embeddable":true,"href":"https:\/\/florsivioles.marketingempresas.es\/en\/wp-json\/wp\/v2\/product_brand?post=1850"},{"taxonomy":"product_cat","embeddable":true,"href":"https:\/\/florsivioles.marketingempresas.es\/en\/wp-json\/wp\/v2\/product_cat?post=1850"},{"taxonomy":"product_tag","embeddable":true,"href":"https:\/\/florsivioles.marketingempresas.es\/en\/wp-json\/wp\/v2\/product_tag?post=1850"},{"taxonomy":"receta","embeddable":true,"href":"https:\/\/florsivioles.marketingempresas.es\/en\/wp-json\/wp\/v2\/taxonomy\/receta?post=1850"}],"curies":[{"name":"wp","href":"https:\/\/api.w.org\/{rel}","templated":true}]}}