{"id":1845,"date":"2022-03-09T07:20:51","date_gmt":"2022-03-09T06:20:51","guid":{"rendered":"https:\/\/florsivioles.marketingempresas.es\/producto\/import-placeholder-for-250\/"},"modified":"2023-07-25T20:06:55","modified_gmt":"2023-07-25T18:06:55","slug":"pimiento-jalapeno-rojo","status":"publish","type":"product","link":"https:\/\/florsivioles.marketingempresas.es\/en\/product\/pimiento-jalapeno-rojo\/","title":{"rendered":"Pimiento Jalape\u00f1o Rojo"},"content":{"rendered":"<p>El <strong>Pimiento Jalape\u00f1o Rojo <\/strong>es el chile m\u00e1s conocido y consumido en el mundo. Es picante pero dentro de la escala de chiles es de los m\u00e1s suaves. Esto ha permitido su expansi\u00f3n por el mundo, ya que los paladares poco acostumbrados al picante pueden soportar perfectamente el picor de un jalape\u00f1o. La mayor parte del picante del jalape\u00f1o se concentra en las semillas y las venas que tiene en su interior, id\u00e9nticas a las que tiene un pimiento verde. Si las retiramos el jalape\u00f1o pr\u00e1cticamente se convierte en un inofensivo pimiento con un cierto toque picante.<\/p>","protected":false},"excerpt":{"rendered":"<p>100 gr container<\/p>","protected":false},"featured_media":4698,"template":"","meta":{"_uag_custom_page_level_css":""},"product_brand":[],"product_cat":[16,26],"product_tag":[],"taxonomy\/receta":[],"class_list":{"0":"post-1845","1":"product","2":"type-product","3":"status-publish","4":"has-post-thumbnail","6":"product_cat-convencional","7":"product_cat-verduras","8":"product_shipping_class-envio-gratuito","10":"first","11":"instock","12":"taxable","13":"shipping-taxable","14":"purchasable","15":"product-type-simple"},"uagb_featured_image_src":{"full":["https:\/\/florsivioles.marketingempresas.es\/wp-content\/uploads\/2020\/03\/jalapeno-rojo.jpeg",600,375,false],"thumbnail":["https:\/\/florsivioles.marketingempresas.es\/wp-content\/uploads\/2020\/03\/jalapeno-rojo-150x94.jpeg",150,94,true],"medium":["https:\/\/florsivioles.marketingempresas.es\/wp-content\/uploads\/2020\/03\/jalapeno-rojo-364x228.jpeg",364,228,true],"medium_large":["https:\/\/florsivioles.marketingempresas.es\/wp-content\/uploads\/2020\/03\/jalapeno-rojo.jpeg",600,375,false],"large":["https:\/\/florsivioles.marketingempresas.es\/wp-content\/uploads\/2020\/03\/jalapeno-rojo.jpeg",600,375,false],"1536x1536":["https:\/\/florsivioles.marketingempresas.es\/wp-content\/uploads\/2020\/03\/jalapeno-rojo.jpeg",600,375,false],"2048x2048":["https:\/\/florsivioles.marketingempresas.es\/wp-content\/uploads\/2020\/03\/jalapeno-rojo.jpeg",600,375,false],"trp-custom-language-flag":["https:\/\/florsivioles.marketingempresas.es\/wp-content\/uploads\/2020\/03\/jalapeno-rojo-18x12.jpeg",18,12,true],"woocommerce_thumbnail":["https:\/\/florsivioles.marketingempresas.es\/wp-content\/uploads\/2020\/03\/jalapeno-rojo-260x260.jpeg",260,260,true],"woocommerce_single":["https:\/\/florsivioles.marketingempresas.es\/wp-content\/uploads\/2020\/03\/jalapeno-rojo-360x225.jpeg",360,225,true],"woocommerce_gallery_thumbnail":["https:\/\/florsivioles.marketingempresas.es\/wp-content\/uploads\/2020\/03\/jalapeno-rojo-100x100.jpeg",100,100,true]},"uagb_author_info":{"display_name":"Christian Roig Brown","author_link":"https:\/\/florsivioles.marketingempresas.es\/en\/author\/"},"uagb_comment_info":0,"uagb_excerpt":"Paquete de 100 gramos.","_links":{"self":[{"href":"https:\/\/florsivioles.marketingempresas.es\/en\/wp-json\/wp\/v2\/product\/1845","targetHints":{"allow":["GET"]}}],"collection":[{"href":"https:\/\/florsivioles.marketingempresas.es\/en\/wp-json\/wp\/v2\/product"}],"about":[{"href":"https:\/\/florsivioles.marketingempresas.es\/en\/wp-json\/wp\/v2\/types\/product"}],"wp:featuredmedia":[{"embeddable":true,"href":"https:\/\/florsivioles.marketingempresas.es\/en\/wp-json\/wp\/v2\/media\/4698"}],"wp:attachment":[{"href":"https:\/\/florsivioles.marketingempresas.es\/en\/wp-json\/wp\/v2\/media?parent=1845"}],"wp:term":[{"taxonomy":"product_brand","embeddable":true,"href":"https:\/\/florsivioles.marketingempresas.es\/en\/wp-json\/wp\/v2\/product_brand?post=1845"},{"taxonomy":"product_cat","embeddable":true,"href":"https:\/\/florsivioles.marketingempresas.es\/en\/wp-json\/wp\/v2\/product_cat?post=1845"},{"taxonomy":"product_tag","embeddable":true,"href":"https:\/\/florsivioles.marketingempresas.es\/en\/wp-json\/wp\/v2\/product_tag?post=1845"},{"taxonomy":"receta","embeddable":true,"href":"https:\/\/florsivioles.marketingempresas.es\/en\/wp-json\/wp\/v2\/taxonomy\/receta?post=1845"}],"curies":[{"name":"wp","href":"https:\/\/api.w.org\/{rel}","templated":true}]}}