{"id":1834,"date":"2022-03-09T10:45:38","date_gmt":"2022-03-09T09:45:38","guid":{"rendered":"https:\/\/florsivioles.marketingempresas.es\/producto\/import-placeholder-for-240\/"},"modified":"2023-11-16T13:05:22","modified_gmt":"2023-11-16T12:05:22","slug":"lechuga-romana","status":"publish","type":"product","link":"https:\/\/florsivioles.marketingempresas.es\/en\/product\/lechuga-romana\/","title":{"rendered":"Romaine Lettuce"},"content":{"rendered":"<p>La <strong>Romaine Lettuce<\/strong> tiene hojas alargadas, con bordes enteros y nervio central muy ancho. La lechuga en todas sus variedades, pero en especial la romana, es muy rica en prote\u00ednas (aproximadamente el 15 o 10%). Esto la hace una verdura ideal como base de las ensaladas. Adem\u00e1s otro de sus atributos es que tiene un alto contenido de amino\u00e1cidos, adem\u00e1s de vitamina C (incluso m\u00e1s que una naranja) y calcio.<\/p>\n<p>La lechuga debe preparase momentos antes de servir y empezar a lavarla muy bien con agua fr\u00eda. Las hojas un poco marchitas se recobrar\u00e1n sumergi\u00e9ndolas en agua fr\u00eda con hielo por algunos minutos. No corte ni aderece la lechuga mucho antes de servirla, aparte de deteriorar la vitamina C pierde sus aspecto y sabor crujiente r\u00e1pidamente.<\/p>","protected":false},"excerpt":{"rendered":"<p>Price per unit<\/p>","protected":false},"featured_media":4690,"template":"","meta":{"_uag_custom_page_level_css":""},"product_brand":[],"product_cat":[1549,16,1548],"product_tag":[127,331,323,319,262,65,324,123,236,92,185],"taxonomy\/receta":[],"class_list":{"0":"post-1834","1":"product","2":"type-product","3":"status-publish","4":"has-post-thumbnail","6":"product_cat-ensaladas","7":"product_cat-convencional","8":"product_cat-frutas-y-verduras","9":"product_tag-fruits-and-vegetables-in-ibiza","10":"product_tag-greengrocery-delivery-in-ibiza","11":"product_tag-lechuga-romana","12":"product_tag-local-vegetables-in-ibiza","13":"product_tag-online-vegetables-in-ibiza","14":"product_tag-producto-local","15":"product_tag-romaine-lettuce","16":"product_tag-tienda-online-en-ibiza","17":"product_tag-vegetables-delivery","18":"product_tag-verduras-a-domicilio","19":"product_tag-verduras-a-domicilio-en-ibiza","20":"product_shipping_class-envio-gratuito","22":"first","23":"instock","24":"taxable","25":"shipping-taxable","26":"purchasable","27":"product-type-simple"},"uagb_featured_image_src":{"full":["https:\/\/florsivioles.marketingempresas.es\/wp-content\/uploads\/2020\/03\/lechuga-romana-.jpg",600,315,false],"thumbnail":["https:\/\/florsivioles.marketingempresas.es\/wp-content\/uploads\/2020\/03\/lechuga-romana--150x79.jpg",150,79,true],"medium":["https:\/\/florsivioles.marketingempresas.es\/wp-content\/uploads\/2020\/03\/lechuga-romana--364x191.jpg",364,191,true],"medium_large":["https:\/\/florsivioles.marketingempresas.es\/wp-content\/uploads\/2020\/03\/lechuga-romana-.jpg",600,315,false],"large":["https:\/\/florsivioles.marketingempresas.es\/wp-content\/uploads\/2020\/03\/lechuga-romana-.jpg",600,315,false],"1536x1536":["https:\/\/florsivioles.marketingempresas.es\/wp-content\/uploads\/2020\/03\/lechuga-romana-.jpg",600,315,false],"2048x2048":["https:\/\/florsivioles.marketingempresas.es\/wp-content\/uploads\/2020\/03\/lechuga-romana-.jpg",600,315,false],"trp-custom-language-flag":["https:\/\/florsivioles.marketingempresas.es\/wp-content\/uploads\/2020\/03\/lechuga-romana--18x9.jpg",18,9,true],"woocommerce_thumbnail":["https:\/\/florsivioles.marketingempresas.es\/wp-content\/uploads\/2020\/03\/lechuga-romana--260x260.jpg",260,260,true],"woocommerce_single":["https:\/\/florsivioles.marketingempresas.es\/wp-content\/uploads\/2020\/03\/lechuga-romana--360x189.jpg",360,189,true],"woocommerce_gallery_thumbnail":["https:\/\/florsivioles.marketingempresas.es\/wp-content\/uploads\/2020\/03\/lechuga-romana--100x100.jpg",100,100,true]},"uagb_author_info":{"display_name":"Christian Roig Brown","author_link":"https:\/\/florsivioles.marketingempresas.es\/en\/author\/"},"uagb_comment_info":0,"uagb_excerpt":"Precio por unidad.","_links":{"self":[{"href":"https:\/\/florsivioles.marketingempresas.es\/en\/wp-json\/wp\/v2\/product\/1834","targetHints":{"allow":["GET"]}}],"collection":[{"href":"https:\/\/florsivioles.marketingempresas.es\/en\/wp-json\/wp\/v2\/product"}],"about":[{"href":"https:\/\/florsivioles.marketingempresas.es\/en\/wp-json\/wp\/v2\/types\/product"}],"wp:featuredmedia":[{"embeddable":true,"href":"https:\/\/florsivioles.marketingempresas.es\/en\/wp-json\/wp\/v2\/media\/4690"}],"wp:attachment":[{"href":"https:\/\/florsivioles.marketingempresas.es\/en\/wp-json\/wp\/v2\/media?parent=1834"}],"wp:term":[{"taxonomy":"product_brand","embeddable":true,"href":"https:\/\/florsivioles.marketingempresas.es\/en\/wp-json\/wp\/v2\/product_brand?post=1834"},{"taxonomy":"product_cat","embeddable":true,"href":"https:\/\/florsivioles.marketingempresas.es\/en\/wp-json\/wp\/v2\/product_cat?post=1834"},{"taxonomy":"product_tag","embeddable":true,"href":"https:\/\/florsivioles.marketingempresas.es\/en\/wp-json\/wp\/v2\/product_tag?post=1834"},{"taxonomy":"receta","embeddable":true,"href":"https:\/\/florsivioles.marketingempresas.es\/en\/wp-json\/wp\/v2\/taxonomy\/receta?post=1834"}],"curies":[{"name":"wp","href":"https:\/\/api.w.org\/{rel}","templated":true}]}}