{"id":1831,"date":"2022-03-09T10:51:37","date_gmt":"2022-03-09T09:51:37","guid":{"rendered":"https:\/\/florsivioles.marketingempresas.es\/producto\/import-placeholder-for-237\/"},"modified":"2023-11-16T13:04:48","modified_gmt":"2023-11-16T12:04:48","slug":"lechuga-hoja-de-roble","status":"publish","type":"product","link":"https:\/\/florsivioles.marketingempresas.es\/en\/product\/lechuga-hoja-de-roble\/","title":{"rendered":"Oak Leaf Lettuce"},"content":{"rendered":"<p>La <strong>Lechuga Hoja de Roble<\/strong> es una de las lechugas m\u00e1s apreciadas dentro de las ensaladas variadas conocidas como M\u00e9zclum. Adem\u00e1s de proporcionar vol\u00famen al plato por sus hojas rizadas, ofrece una textura tierna y ligeramente crujiente, adem\u00e1s de un sabor delicado y dulz\u00f3n.<\/p>","protected":false},"excerpt":{"rendered":"<p>Price per unit<\/p>","protected":false},"featured_media":573,"template":"","meta":{"_uag_custom_page_level_css":""},"product_brand":[],"product_cat":[1549,16,1548,580],"product_tag":[325,264,326,65,333],"taxonomy\/receta":[],"class_list":{"0":"post-1831","1":"product","2":"type-product","3":"status-publish","4":"has-post-thumbnail","6":"product_cat-ensaladas","7":"product_cat-convencional","8":"product_cat-frutas-y-verduras","9":"product_cat-local","10":"product_tag-lechuga-hoja-de-roble","11":"product_tag-local-products-in-ibiza","12":"product_tag-oak-leaf-lettuce","13":"product_tag-producto-local","14":"product_tag-tienda-online-de-frutas-y-verduras","15":"product_shipping_class-envio-gratuito","17":"first","18":"instock","19":"taxable","20":"shipping-taxable","21":"purchasable","22":"product-type-simple"},"uagb_featured_image_src":{"full":["https:\/\/florsivioles.marketingempresas.es\/wp-content\/uploads\/2020\/03\/Lechuga-Hoja-Roble-Verde.jpg",468,320,false],"thumbnail":["https:\/\/florsivioles.marketingempresas.es\/wp-content\/uploads\/2020\/03\/Lechuga-Hoja-Roble-Verde-150x103.jpg",150,103,true],"medium":["https:\/\/florsivioles.marketingempresas.es\/wp-content\/uploads\/2020\/03\/Lechuga-Hoja-Roble-Verde-364x249.jpg",364,249,true],"medium_large":["https:\/\/florsivioles.marketingempresas.es\/wp-content\/uploads\/2020\/03\/Lechuga-Hoja-Roble-Verde.jpg",468,320,false],"large":["https:\/\/florsivioles.marketingempresas.es\/wp-content\/uploads\/2020\/03\/Lechuga-Hoja-Roble-Verde.jpg",468,320,false],"1536x1536":["https:\/\/florsivioles.marketingempresas.es\/wp-content\/uploads\/2020\/03\/Lechuga-Hoja-Roble-Verde.jpg",468,320,false],"2048x2048":["https:\/\/florsivioles.marketingempresas.es\/wp-content\/uploads\/2020\/03\/Lechuga-Hoja-Roble-Verde.jpg",468,320,false],"trp-custom-language-flag":["https:\/\/florsivioles.marketingempresas.es\/wp-content\/uploads\/2020\/03\/Lechuga-Hoja-Roble-Verde-18x12.jpg",18,12,true],"woocommerce_thumbnail":["https:\/\/florsivioles.marketingempresas.es\/wp-content\/uploads\/2020\/03\/Lechuga-Hoja-Roble-Verde-260x260.jpg",260,260,true],"woocommerce_single":["https:\/\/florsivioles.marketingempresas.es\/wp-content\/uploads\/2020\/03\/Lechuga-Hoja-Roble-Verde-360x246.jpg",360,246,true],"woocommerce_gallery_thumbnail":["https:\/\/florsivioles.marketingempresas.es\/wp-content\/uploads\/2020\/03\/Lechuga-Hoja-Roble-Verde-100x100.jpg",100,100,true]},"uagb_author_info":{"display_name":"Christian Roig Brown","author_link":"https:\/\/florsivioles.marketingempresas.es\/en\/author\/"},"uagb_comment_info":0,"uagb_excerpt":"Precio por unidad.","_links":{"self":[{"href":"https:\/\/florsivioles.marketingempresas.es\/en\/wp-json\/wp\/v2\/product\/1831","targetHints":{"allow":["GET"]}}],"collection":[{"href":"https:\/\/florsivioles.marketingempresas.es\/en\/wp-json\/wp\/v2\/product"}],"about":[{"href":"https:\/\/florsivioles.marketingempresas.es\/en\/wp-json\/wp\/v2\/types\/product"}],"wp:featuredmedia":[{"embeddable":true,"href":"https:\/\/florsivioles.marketingempresas.es\/en\/wp-json\/wp\/v2\/media\/573"}],"wp:attachment":[{"href":"https:\/\/florsivioles.marketingempresas.es\/en\/wp-json\/wp\/v2\/media?parent=1831"}],"wp:term":[{"taxonomy":"product_brand","embeddable":true,"href":"https:\/\/florsivioles.marketingempresas.es\/en\/wp-json\/wp\/v2\/product_brand?post=1831"},{"taxonomy":"product_cat","embeddable":true,"href":"https:\/\/florsivioles.marketingempresas.es\/en\/wp-json\/wp\/v2\/product_cat?post=1831"},{"taxonomy":"product_tag","embeddable":true,"href":"https:\/\/florsivioles.marketingempresas.es\/en\/wp-json\/wp\/v2\/product_tag?post=1831"},{"taxonomy":"receta","embeddable":true,"href":"https:\/\/florsivioles.marketingempresas.es\/en\/wp-json\/wp\/v2\/taxonomy\/receta?post=1831"}],"curies":[{"name":"wp","href":"https:\/\/api.w.org\/{rel}","templated":true}]}}