{"id":1830,"date":"2022-03-09T07:50:37","date_gmt":"2022-03-09T06:50:37","guid":{"rendered":"https:\/\/florsivioles.marketingempresas.es\/producto\/import-placeholder-for-236\/"},"modified":"2024-01-16T18:39:22","modified_gmt":"2024-01-16T17:39:22","slug":"judia-perona","status":"publish","type":"product","link":"https:\/\/florsivioles.marketingempresas.es\/en\/product\/judia-perona\/","title":{"rendered":"Flat Bean"},"content":{"rendered":"<p>Jud\u00eda Perona: la reina de las legumbres. Rica en prote\u00ednas y fibra, es ideal para guisos y ensaladas. \u00a1Sabor y nutrici\u00f3n en cada jud\u00eda! #ComidaSaludable #Nutrici\u00f3nHol\u00edstica&#8221; \ud83c\udf31\ud83c\udf72<\/p>","protected":false},"excerpt":{"rendered":"<p>500 gr tray<\/p>","protected":false},"featured_media":566,"template":"","meta":{"_uag_custom_page_level_css":""},"product_brand":[],"product_cat":[16,26],"product_tag":[],"taxonomy\/receta":[],"class_list":{"0":"post-1830","1":"product","2":"type-product","3":"status-publish","4":"has-post-thumbnail","6":"product_cat-convencional","7":"product_cat-verduras","8":"product_shipping_class-envio-gratuito","10":"first","11":"instock","12":"taxable","13":"shipping-taxable","14":"purchasable","15":"product-type-simple"},"uagb_featured_image_src":{"full":["https:\/\/florsivioles.marketingempresas.es\/wp-content\/uploads\/2020\/03\/Jud\u00eda-Perona.jpg",569,320,false],"thumbnail":["https:\/\/florsivioles.marketingempresas.es\/wp-content\/uploads\/2020\/03\/Jud\u00eda-Perona-150x84.jpg",150,84,true],"medium":["https:\/\/florsivioles.marketingempresas.es\/wp-content\/uploads\/2020\/03\/Jud\u00eda-Perona-364x205.jpg",364,205,true],"medium_large":["https:\/\/florsivioles.marketingempresas.es\/wp-content\/uploads\/2020\/03\/Jud\u00eda-Perona.jpg",569,320,false],"large":["https:\/\/florsivioles.marketingempresas.es\/wp-content\/uploads\/2020\/03\/Jud\u00eda-Perona.jpg",569,320,false],"1536x1536":["https:\/\/florsivioles.marketingempresas.es\/wp-content\/uploads\/2020\/03\/Jud\u00eda-Perona.jpg",569,320,false],"2048x2048":["https:\/\/florsivioles.marketingempresas.es\/wp-content\/uploads\/2020\/03\/Jud\u00eda-Perona.jpg",569,320,false],"trp-custom-language-flag":["https:\/\/florsivioles.marketingempresas.es\/wp-content\/uploads\/2020\/03\/Jud\u00eda-Perona-18x10.jpg",18,10,true],"woocommerce_thumbnail":["https:\/\/florsivioles.marketingempresas.es\/wp-content\/uploads\/2020\/03\/Jud\u00eda-Perona-260x260.jpg",260,260,true],"woocommerce_single":["https:\/\/florsivioles.marketingempresas.es\/wp-content\/uploads\/2020\/03\/Jud\u00eda-Perona-360x202.jpg",360,202,true],"woocommerce_gallery_thumbnail":["https:\/\/florsivioles.marketingempresas.es\/wp-content\/uploads\/2020\/03\/Jud\u00eda-Perona-100x100.jpg",100,100,true]},"uagb_author_info":{"display_name":"Christian Roig Brown","author_link":"https:\/\/florsivioles.marketingempresas.es\/en\/author\/"},"uagb_comment_info":0,"uagb_excerpt":"Bandeja de 500 gr","_links":{"self":[{"href":"https:\/\/florsivioles.marketingempresas.es\/en\/wp-json\/wp\/v2\/product\/1830","targetHints":{"allow":["GET"]}}],"collection":[{"href":"https:\/\/florsivioles.marketingempresas.es\/en\/wp-json\/wp\/v2\/product"}],"about":[{"href":"https:\/\/florsivioles.marketingempresas.es\/en\/wp-json\/wp\/v2\/types\/product"}],"wp:featuredmedia":[{"embeddable":true,"href":"https:\/\/florsivioles.marketingempresas.es\/en\/wp-json\/wp\/v2\/media\/566"}],"wp:attachment":[{"href":"https:\/\/florsivioles.marketingempresas.es\/en\/wp-json\/wp\/v2\/media?parent=1830"}],"wp:term":[{"taxonomy":"product_brand","embeddable":true,"href":"https:\/\/florsivioles.marketingempresas.es\/en\/wp-json\/wp\/v2\/product_brand?post=1830"},{"taxonomy":"product_cat","embeddable":true,"href":"https:\/\/florsivioles.marketingempresas.es\/en\/wp-json\/wp\/v2\/product_cat?post=1830"},{"taxonomy":"product_tag","embeddable":true,"href":"https:\/\/florsivioles.marketingempresas.es\/en\/wp-json\/wp\/v2\/product_tag?post=1830"},{"taxonomy":"receta","embeddable":true,"href":"https:\/\/florsivioles.marketingempresas.es\/en\/wp-json\/wp\/v2\/taxonomy\/receta?post=1830"}],"curies":[{"name":"wp","href":"https:\/\/api.w.org\/{rel}","templated":true}]}}