{"id":1820,"date":"2022-03-09T08:02:34","date_gmt":"2022-03-09T07:02:34","guid":{"rendered":"https:\/\/florsivioles.marketingempresas.es\/producto\/import-placeholder-for-226\/"},"modified":"2023-07-25T20:03:31","modified_gmt":"2023-07-25T18:03:31","slug":"endivia-morada","status":"publish","type":"product","link":"https:\/\/florsivioles.marketingempresas.es\/en\/product\/endivia-morada\/","title":{"rendered":"Purple Endive"},"content":{"rendered":"<p>La Endivia Morada es una fuente de vitamina A. Tambi\u00e9n contiene fibra, hierro y potasio. Entre las muchas propiedades que tiene la endivia, destacaremos que es laxante, depurativa, diur\u00e9tica, t\u00f3nica y que abre el apetito. Hazlas gratinadas, rellenas de salm\u00f3n o en una deliciosa ensalada!<\/p>","protected":false},"excerpt":{"rendered":"<p>3 units tray<\/p>","protected":false},"featured_media":2785,"template":"","meta":{"_uag_custom_page_level_css":""},"product_brand":[],"product_cat":[16,26],"product_tag":[376],"taxonomy\/receta":[],"class_list":{"0":"post-1820","1":"product","2":"type-product","3":"status-publish","4":"has-post-thumbnail","6":"product_cat-convencional","7":"product_cat-verduras","8":"product_tag-endivia-morada","9":"product_shipping_class-envio-gratuito","11":"first","12":"instock","13":"taxable","14":"shipping-taxable","15":"purchasable","16":"product-type-simple"},"uagb_featured_image_src":{"full":["https:\/\/florsivioles.marketingempresas.es\/wp-content\/uploads\/2020\/07\/Endivia-Roja.jpg",1920,1080,false],"thumbnail":["https:\/\/florsivioles.marketingempresas.es\/wp-content\/uploads\/2020\/07\/Endivia-Roja-150x84.jpg",150,84,true],"medium":["https:\/\/florsivioles.marketingempresas.es\/wp-content\/uploads\/2020\/07\/Endivia-Roja-364x205.jpg",364,205,true],"medium_large":["https:\/\/florsivioles.marketingempresas.es\/wp-content\/uploads\/2020\/07\/Endivia-Roja-768x432.jpg",768,432,true],"large":["https:\/\/florsivioles.marketingempresas.es\/wp-content\/uploads\/2020\/07\/Endivia-Roja-1024x576.jpg",1024,576,true],"1536x1536":["https:\/\/florsivioles.marketingempresas.es\/wp-content\/uploads\/2020\/07\/Endivia-Roja-1536x864.jpg",1536,864,true],"2048x2048":["https:\/\/florsivioles.marketingempresas.es\/wp-content\/uploads\/2020\/07\/Endivia-Roja.jpg",1920,1080,false],"trp-custom-language-flag":["https:\/\/florsivioles.marketingempresas.es\/wp-content\/uploads\/2020\/07\/Endivia-Roja-18x10.jpg",18,10,true],"woocommerce_thumbnail":["https:\/\/florsivioles.marketingempresas.es\/wp-content\/uploads\/2020\/07\/Endivia-Roja-260x260.jpg",260,260,true],"woocommerce_single":["https:\/\/florsivioles.marketingempresas.es\/wp-content\/uploads\/2020\/07\/Endivia-Roja-360x203.jpg",360,203,true],"woocommerce_gallery_thumbnail":["https:\/\/florsivioles.marketingempresas.es\/wp-content\/uploads\/2020\/07\/Endivia-Roja-100x100.jpg",100,100,true]},"uagb_author_info":{"display_name":"Christian Roig Brown","author_link":"https:\/\/florsivioles.marketingempresas.es\/en\/author\/"},"uagb_comment_info":0,"uagb_excerpt":"Bandeja de 3 unidades.","_links":{"self":[{"href":"https:\/\/florsivioles.marketingempresas.es\/en\/wp-json\/wp\/v2\/product\/1820","targetHints":{"allow":["GET"]}}],"collection":[{"href":"https:\/\/florsivioles.marketingempresas.es\/en\/wp-json\/wp\/v2\/product"}],"about":[{"href":"https:\/\/florsivioles.marketingempresas.es\/en\/wp-json\/wp\/v2\/types\/product"}],"wp:featuredmedia":[{"embeddable":true,"href":"https:\/\/florsivioles.marketingempresas.es\/en\/wp-json\/wp\/v2\/media\/2785"}],"wp:attachment":[{"href":"https:\/\/florsivioles.marketingempresas.es\/en\/wp-json\/wp\/v2\/media?parent=1820"}],"wp:term":[{"taxonomy":"product_brand","embeddable":true,"href":"https:\/\/florsivioles.marketingempresas.es\/en\/wp-json\/wp\/v2\/product_brand?post=1820"},{"taxonomy":"product_cat","embeddable":true,"href":"https:\/\/florsivioles.marketingempresas.es\/en\/wp-json\/wp\/v2\/product_cat?post=1820"},{"taxonomy":"product_tag","embeddable":true,"href":"https:\/\/florsivioles.marketingempresas.es\/en\/wp-json\/wp\/v2\/product_tag?post=1820"},{"taxonomy":"receta","embeddable":true,"href":"https:\/\/florsivioles.marketingempresas.es\/en\/wp-json\/wp\/v2\/taxonomy\/receta?post=1820"}],"curies":[{"name":"wp","href":"https:\/\/api.w.org\/{rel}","templated":true}]}}