{"id":1810,"date":"2022-03-09T08:12:31","date_gmt":"2022-03-09T07:12:31","guid":{"rendered":"https:\/\/florsivioles.marketingempresas.es\/producto\/import-placeholder-for-216\/"},"modified":"2024-01-16T18:31:13","modified_gmt":"2024-01-16T17:31:13","slug":"cebolla-tierna","status":"publish","type":"product","link":"https:\/\/florsivioles.marketingempresas.es\/en\/product\/cebolla-tierna\/","title":{"rendered":"Spring Onion"},"content":{"rendered":"<p>La\u00a0<strong>cebolla tierna<\/strong>\u00a0ofrece un sabor y un aroma muy similar al de la\u00a0<strong>cebolla<\/strong>, pero sin el bulbo. Por otro lado, la\u00a0<strong>cebolla tierna<\/strong> es la misma que la que conocemos como cebolla seca, tambi\u00e9n con los tallos verdes pero con el bulbo caracter\u00edstico que da forma a las cebollas. Tambi\u00e9n se la conoce como cebolleta, cebolla de verdeo, cebolla fresca o verde, se recolecta en la fase de desarrollo y su sabor es m\u00e1s suave y menos picante que el de la cebolla seca.<\/p>","protected":false},"excerpt":{"rendered":"<p>3 units bunch<\/p>","protected":false},"featured_media":4669,"template":"","meta":{"_uag_custom_page_level_css":""},"product_brand":[],"product_cat":[16,26],"product_tag":[327,328,332,65,329,207],"taxonomy\/receta":[],"class_list":{"0":"post-1810","1":"product","2":"type-product","3":"status-publish","4":"has-post-thumbnail","6":"product_cat-convencional","7":"product_cat-verduras","8":"product_tag-cebolla-tierna","9":"product_tag-cebolleta","10":"product_tag-local-products-delivery","11":"product_tag-producto-local","12":"product_tag-spring-onion","13":"product_tag-vegetables-delivery-in-ibiza","14":"product_shipping_class-envio-gratuito","16":"first","17":"instock","18":"taxable","19":"shipping-taxable","20":"purchasable","21":"product-type-simple"},"uagb_featured_image_src":{"full":["https:\/\/florsivioles.marketingempresas.es\/wp-content\/uploads\/2020\/03\/CEBOLLA-TIERNA-600x600-1.jpg",600,600,false],"thumbnail":["https:\/\/florsivioles.marketingempresas.es\/wp-content\/uploads\/2020\/03\/CEBOLLA-TIERNA-600x600-1-150x150.jpg",150,150,true],"medium":["https:\/\/florsivioles.marketingempresas.es\/wp-content\/uploads\/2020\/03\/CEBOLLA-TIERNA-600x600-1-364x364.jpg",364,364,true],"medium_large":["https:\/\/florsivioles.marketingempresas.es\/wp-content\/uploads\/2020\/03\/CEBOLLA-TIERNA-600x600-1.jpg",600,600,false],"large":["https:\/\/florsivioles.marketingempresas.es\/wp-content\/uploads\/2020\/03\/CEBOLLA-TIERNA-600x600-1.jpg",600,600,false],"1536x1536":["https:\/\/florsivioles.marketingempresas.es\/wp-content\/uploads\/2020\/03\/CEBOLLA-TIERNA-600x600-1.jpg",600,600,false],"2048x2048":["https:\/\/florsivioles.marketingempresas.es\/wp-content\/uploads\/2020\/03\/CEBOLLA-TIERNA-600x600-1.jpg",600,600,false],"trp-custom-language-flag":["https:\/\/florsivioles.marketingempresas.es\/wp-content\/uploads\/2020\/03\/CEBOLLA-TIERNA-600x600-1-12x12.jpg",12,12,true],"woocommerce_thumbnail":["https:\/\/florsivioles.marketingempresas.es\/wp-content\/uploads\/2020\/03\/CEBOLLA-TIERNA-600x600-1-260x260.jpg",260,260,true],"woocommerce_single":["https:\/\/florsivioles.marketingempresas.es\/wp-content\/uploads\/2020\/03\/CEBOLLA-TIERNA-600x600-1-360x360.jpg",360,360,true],"woocommerce_gallery_thumbnail":["https:\/\/florsivioles.marketingempresas.es\/wp-content\/uploads\/2020\/03\/CEBOLLA-TIERNA-600x600-1-100x100.jpg",100,100,true]},"uagb_author_info":{"display_name":"Christian Roig Brown","author_link":"https:\/\/florsivioles.marketingempresas.es\/en\/author\/"},"uagb_comment_info":0,"uagb_excerpt":"Manojo de 3 unidades.","_links":{"self":[{"href":"https:\/\/florsivioles.marketingempresas.es\/en\/wp-json\/wp\/v2\/product\/1810","targetHints":{"allow":["GET"]}}],"collection":[{"href":"https:\/\/florsivioles.marketingempresas.es\/en\/wp-json\/wp\/v2\/product"}],"about":[{"href":"https:\/\/florsivioles.marketingempresas.es\/en\/wp-json\/wp\/v2\/types\/product"}],"wp:featuredmedia":[{"embeddable":true,"href":"https:\/\/florsivioles.marketingempresas.es\/en\/wp-json\/wp\/v2\/media\/4669"}],"wp:attachment":[{"href":"https:\/\/florsivioles.marketingempresas.es\/en\/wp-json\/wp\/v2\/media?parent=1810"}],"wp:term":[{"taxonomy":"product_brand","embeddable":true,"href":"https:\/\/florsivioles.marketingempresas.es\/en\/wp-json\/wp\/v2\/product_brand?post=1810"},{"taxonomy":"product_cat","embeddable":true,"href":"https:\/\/florsivioles.marketingempresas.es\/en\/wp-json\/wp\/v2\/product_cat?post=1810"},{"taxonomy":"product_tag","embeddable":true,"href":"https:\/\/florsivioles.marketingempresas.es\/en\/wp-json\/wp\/v2\/product_tag?post=1810"},{"taxonomy":"receta","embeddable":true,"href":"https:\/\/florsivioles.marketingempresas.es\/en\/wp-json\/wp\/v2\/taxonomy\/receta?post=1810"}],"curies":[{"name":"wp","href":"https:\/\/api.w.org\/{rel}","templated":true}]}}