{"id":1807,"date":"2022-03-09T08:15:30","date_gmt":"2022-03-09T07:15:30","guid":{"rendered":"https:\/\/florsivioles.marketingempresas.es\/producto\/import-placeholder-for-213\/"},"modified":"2023-07-25T20:01:43","modified_gmt":"2023-07-25T18:01:43","slug":"cebolla-fina-japonesa","status":"publish","type":"product","link":"https:\/\/florsivioles.marketingempresas.es\/en\/product\/cebolla-fina-japonesa\/","title":{"rendered":"Japanese Thin Onion"},"content":{"rendered":"<p>La Cebolla fina japonesa se encuentra entre los ingredientes m\u00e1s vers\u00e1tiles de la cocina asi\u00e1tica. Se usa en la elaboraci\u00f3n de muchos de platos, como en la sopa miso o en el takoyaki. Es alargada y de poco grosor. Sus hojas y tallos son huecos y delgados y su sabor es m\u00e1s dulce y delicado que el de la cebolla. Por eso, el gusto de los platos se vuelve m\u00e1s refinado ante la presencia de sus hojas de verde intenso y buen aroma.<\/p>\n<p>Una vez limpia y lavada, es recomendable aprovechar s\u00f3lo su parte blanca y tres o cuatro cent\u00edmetros de su parte verde; el resto debe ser desechado.<\/p>\n<p>Su conservaci\u00f3n no va m\u00e1s all\u00e1 de guardarla en la nevera o congelarla para que dure m\u00e1s tiempo.<\/p>","protected":false},"excerpt":{"rendered":"<p>Price per bunch<\/p>","protected":false},"featured_media":3513,"template":"","meta":{"_uag_custom_page_level_css":""},"product_brand":[],"product_cat":[16,26],"product_tag":[495,496,498,497],"taxonomy\/receta":[],"class_list":{"0":"post-1807","1":"product","2":"type-product","3":"status-publish","4":"has-post-thumbnail","6":"product_cat-convencional","7":"product_cat-verduras","8":"product_tag-cebolla-fina-japonesa","9":"product_tag-cocina-asiatica","10":"product_tag-free-dilevery","11":"product_tag-sopa-miso","12":"product_shipping_class-envio-gratuito","14":"first","15":"instock","16":"taxable","17":"shipping-taxable","18":"purchasable","19":"product-type-simple"},"uagb_featured_image_src":{"full":["https:\/\/florsivioles.marketingempresas.es\/wp-content\/uploads\/2020\/03\/cebolla-fi-jap.jpg",600,600,false],"thumbnail":["https:\/\/florsivioles.marketingempresas.es\/wp-content\/uploads\/2020\/03\/cebolla-fi-jap-150x150.jpg",150,150,true],"medium":["https:\/\/florsivioles.marketingempresas.es\/wp-content\/uploads\/2020\/03\/cebolla-fi-jap-364x364.jpg",364,364,true],"medium_large":["https:\/\/florsivioles.marketingempresas.es\/wp-content\/uploads\/2020\/03\/cebolla-fi-jap.jpg",600,600,false],"large":["https:\/\/florsivioles.marketingempresas.es\/wp-content\/uploads\/2020\/03\/cebolla-fi-jap.jpg",600,600,false],"1536x1536":["https:\/\/florsivioles.marketingempresas.es\/wp-content\/uploads\/2020\/03\/cebolla-fi-jap.jpg",600,600,false],"2048x2048":["https:\/\/florsivioles.marketingempresas.es\/wp-content\/uploads\/2020\/03\/cebolla-fi-jap.jpg",600,600,false],"trp-custom-language-flag":["https:\/\/florsivioles.marketingempresas.es\/wp-content\/uploads\/2020\/03\/cebolla-fi-jap-12x12.jpg",12,12,true],"woocommerce_thumbnail":["https:\/\/florsivioles.marketingempresas.es\/wp-content\/uploads\/2020\/03\/cebolla-fi-jap-260x260.jpg",260,260,true],"woocommerce_single":["https:\/\/florsivioles.marketingempresas.es\/wp-content\/uploads\/2020\/03\/cebolla-fi-jap-360x360.jpg",360,360,true],"woocommerce_gallery_thumbnail":["https:\/\/florsivioles.marketingempresas.es\/wp-content\/uploads\/2020\/03\/cebolla-fi-jap-100x100.jpg",100,100,true]},"uagb_author_info":{"display_name":"Christian Roig Brown","author_link":"https:\/\/florsivioles.marketingempresas.es\/en\/author\/"},"uagb_comment_info":0,"uagb_excerpt":"Precio por manojo","_links":{"self":[{"href":"https:\/\/florsivioles.marketingempresas.es\/en\/wp-json\/wp\/v2\/product\/1807","targetHints":{"allow":["GET"]}}],"collection":[{"href":"https:\/\/florsivioles.marketingempresas.es\/en\/wp-json\/wp\/v2\/product"}],"about":[{"href":"https:\/\/florsivioles.marketingempresas.es\/en\/wp-json\/wp\/v2\/types\/product"}],"wp:featuredmedia":[{"embeddable":true,"href":"https:\/\/florsivioles.marketingempresas.es\/en\/wp-json\/wp\/v2\/media\/3513"}],"wp:attachment":[{"href":"https:\/\/florsivioles.marketingempresas.es\/en\/wp-json\/wp\/v2\/media?parent=1807"}],"wp:term":[{"taxonomy":"product_brand","embeddable":true,"href":"https:\/\/florsivioles.marketingempresas.es\/en\/wp-json\/wp\/v2\/product_brand?post=1807"},{"taxonomy":"product_cat","embeddable":true,"href":"https:\/\/florsivioles.marketingempresas.es\/en\/wp-json\/wp\/v2\/product_cat?post=1807"},{"taxonomy":"product_tag","embeddable":true,"href":"https:\/\/florsivioles.marketingempresas.es\/en\/wp-json\/wp\/v2\/product_tag?post=1807"},{"taxonomy":"receta","embeddable":true,"href":"https:\/\/florsivioles.marketingempresas.es\/en\/wp-json\/wp\/v2\/taxonomy\/receta?post=1807"}],"curies":[{"name":"wp","href":"https:\/\/api.w.org\/{rel}","templated":true}]}}