{"id":1804,"date":"2022-03-09T08:20:19","date_gmt":"2022-03-09T07:20:19","guid":{"rendered":"https:\/\/florsivioles.marketingempresas.es\/producto\/import-placeholder-for-210\/"},"modified":"2024-01-16T18:30:21","modified_gmt":"2024-01-16T17:30:21","slug":"calabacin","status":"publish","type":"product","link":"https:\/\/florsivioles.marketingempresas.es\/en\/product\/calabacin\/","title":{"rendered":"Zucchini"},"content":{"rendered":"<p>Una de las caracter\u00edsticas alimenticias que convierte al calabac\u00edn en un alimento tan recomendable es su alto contenido en <strong>vitamina C<\/strong>. Hasta tal punto es as\u00ed que puede decirse que una porci\u00f3n de 100 gr de calabacines ligeramente hervidos suministra una cuarta parte del requerimiento diario de esta fundamental fuente de vida. Del mismo modo, ricos en\u00a0<strong>\u00e1cido f\u00f3lico<\/strong>, tan necesario para la divisi\u00f3n celular, la formaci\u00f3n de ADN y las prote\u00ednas del organismo. Contiene\u00a0<strong>betacarotenos<\/strong>, que el organismo transforma en Vitamina A m\u00e1s un elevado contenido en\u00a0<strong>fibra<\/strong>, hace del calabac\u00edn una muy buena elecci\u00f3n.<\/p>","protected":false},"excerpt":{"rendered":"<p>Price per unit<\/p>","protected":false},"featured_media":517,"template":"","meta":{"_uag_custom_page_level_css":""},"product_brand":[],"product_cat":[77,16,26],"product_tag":[147,190,149,264,99,65,123,207,148],"taxonomy\/receta":[],"class_list":{"0":"post-1804","1":"product","2":"type-product","3":"status-publish","4":"has-post-thumbnail","6":"product_cat-local-bio","7":"product_cat-convencional","8":"product_cat-verduras","9":"product_tag-calabacin","10":"product_tag-entrega-a-domicilio-en-ibiza","11":"product_tag-envio-gratis","12":"product_tag-local-products-in-ibiza","13":"product_tag-online-shop-in-ibiza","14":"product_tag-producto-local","15":"product_tag-tienda-online-en-ibiza","16":"product_tag-vegetables-delivery-in-ibiza","17":"product_tag-zucchini","18":"product_shipping_class-envio-gratuito","20":"first","21":"instock","22":"taxable","23":"shipping-taxable","24":"purchasable","25":"product-type-simple"},"uagb_featured_image_src":{"full":["https:\/\/florsivioles.marketingempresas.es\/wp-content\/uploads\/2020\/03\/Calabac\u00edn.jpg",480,320,false],"thumbnail":["https:\/\/florsivioles.marketingempresas.es\/wp-content\/uploads\/2020\/03\/Calabac\u00edn-150x100.jpg",150,100,true],"medium":["https:\/\/florsivioles.marketingempresas.es\/wp-content\/uploads\/2020\/03\/Calabac\u00edn-364x243.jpg",364,243,true],"medium_large":["https:\/\/florsivioles.marketingempresas.es\/wp-content\/uploads\/2020\/03\/Calabac\u00edn.jpg",480,320,false],"large":["https:\/\/florsivioles.marketingempresas.es\/wp-content\/uploads\/2020\/03\/Calabac\u00edn.jpg",480,320,false],"1536x1536":["https:\/\/florsivioles.marketingempresas.es\/wp-content\/uploads\/2020\/03\/Calabac\u00edn.jpg",480,320,false],"2048x2048":["https:\/\/florsivioles.marketingempresas.es\/wp-content\/uploads\/2020\/03\/Calabac\u00edn.jpg",480,320,false],"trp-custom-language-flag":["https:\/\/florsivioles.marketingempresas.es\/wp-content\/uploads\/2020\/03\/Calabac\u00edn-18x12.jpg",18,12,true],"woocommerce_thumbnail":["https:\/\/florsivioles.marketingempresas.es\/wp-content\/uploads\/2020\/03\/Calabac\u00edn-260x260.jpg",260,260,true],"woocommerce_single":["https:\/\/florsivioles.marketingempresas.es\/wp-content\/uploads\/2020\/03\/Calabac\u00edn-360x240.jpg",360,240,true],"woocommerce_gallery_thumbnail":["https:\/\/florsivioles.marketingempresas.es\/wp-content\/uploads\/2020\/03\/Calabac\u00edn-100x100.jpg",100,100,true]},"uagb_author_info":{"display_name":"Christian Roig Brown","author_link":"https:\/\/florsivioles.marketingempresas.es\/en\/author\/"},"uagb_comment_info":0,"uagb_excerpt":"Precio por Unidad","_links":{"self":[{"href":"https:\/\/florsivioles.marketingempresas.es\/en\/wp-json\/wp\/v2\/product\/1804","targetHints":{"allow":["GET"]}}],"collection":[{"href":"https:\/\/florsivioles.marketingempresas.es\/en\/wp-json\/wp\/v2\/product"}],"about":[{"href":"https:\/\/florsivioles.marketingempresas.es\/en\/wp-json\/wp\/v2\/types\/product"}],"wp:featuredmedia":[{"embeddable":true,"href":"https:\/\/florsivioles.marketingempresas.es\/en\/wp-json\/wp\/v2\/media\/517"}],"wp:attachment":[{"href":"https:\/\/florsivioles.marketingempresas.es\/en\/wp-json\/wp\/v2\/media?parent=1804"}],"wp:term":[{"taxonomy":"product_brand","embeddable":true,"href":"https:\/\/florsivioles.marketingempresas.es\/en\/wp-json\/wp\/v2\/product_brand?post=1804"},{"taxonomy":"product_cat","embeddable":true,"href":"https:\/\/florsivioles.marketingempresas.es\/en\/wp-json\/wp\/v2\/product_cat?post=1804"},{"taxonomy":"product_tag","embeddable":true,"href":"https:\/\/florsivioles.marketingempresas.es\/en\/wp-json\/wp\/v2\/product_tag?post=1804"},{"taxonomy":"receta","embeddable":true,"href":"https:\/\/florsivioles.marketingempresas.es\/en\/wp-json\/wp\/v2\/taxonomy\/receta?post=1804"}],"curies":[{"name":"wp","href":"https:\/\/api.w.org\/{rel}","templated":true}]}}