{"id":1750,"date":"2020-03-28T11:36:55","date_gmt":"2020-03-28T10:36:55","guid":{"rendered":"https:\/\/florsivioles.marketingempresas.es\/producto\/import-placeholder-for-156\/"},"modified":"2023-11-16T13:06:19","modified_gmt":"2023-11-16T12:06:19","slug":"rucula-kilo","status":"publish","type":"product","link":"https:\/\/florsivioles.marketingempresas.es\/en\/product\/rucula-kilo\/","title":{"rendered":"R\u00facula"},"content":{"rendered":"<p>R\u00facula: el verde con actitud. Llena de sabor y antioxidantes, es perfecta para ensaladas y pizzas. Frescura y nutrici\u00f3n en cada hoja. \u00a1Un b\u00e1sico saludable! #ComidaSaludable #Alimentaci\u00f3nConsciente&#8221; \ud83c\udf3f\ud83c\udf55<\/p>","protected":false},"excerpt":{"rendered":"<p>1 Kg box<\/p>","protected":false},"featured_media":8306,"template":"","meta":{"_uag_custom_page_level_css":""},"product_brand":[],"product_cat":[1549,16,1548],"product_tag":[],"taxonomy\/receta":[],"class_list":{"0":"post-1750","1":"product","2":"type-product","3":"status-publish","4":"has-post-thumbnail","6":"product_cat-ensaladas","7":"product_cat-convencional","8":"product_cat-frutas-y-verduras","9":"product_shipping_class-envio-gratuito","11":"first","12":"instock","13":"taxable","14":"shipping-taxable","15":"purchasable","16":"product-type-simple"},"uagb_featured_image_src":{"full":["https:\/\/florsivioles.marketingempresas.es\/wp-content\/uploads\/2020\/03\/Rucula-Selvatica.jpg",666,500,false],"thumbnail":["https:\/\/florsivioles.marketingempresas.es\/wp-content\/uploads\/2020\/03\/Rucula-Selvatica-150x113.jpg",150,113,true],"medium":["https:\/\/florsivioles.marketingempresas.es\/wp-content\/uploads\/2020\/03\/Rucula-Selvatica-364x273.jpg",364,273,true],"medium_large":["https:\/\/florsivioles.marketingempresas.es\/wp-content\/uploads\/2020\/03\/Rucula-Selvatica.jpg",666,500,false],"large":["https:\/\/florsivioles.marketingempresas.es\/wp-content\/uploads\/2020\/03\/Rucula-Selvatica.jpg",666,500,false],"1536x1536":["https:\/\/florsivioles.marketingempresas.es\/wp-content\/uploads\/2020\/03\/Rucula-Selvatica.jpg",666,500,false],"2048x2048":["https:\/\/florsivioles.marketingempresas.es\/wp-content\/uploads\/2020\/03\/Rucula-Selvatica.jpg",666,500,false],"trp-custom-language-flag":["https:\/\/florsivioles.marketingempresas.es\/wp-content\/uploads\/2020\/03\/Rucula-Selvatica-16x12.jpg",16,12,true],"woocommerce_thumbnail":["https:\/\/florsivioles.marketingempresas.es\/wp-content\/uploads\/2020\/03\/Rucula-Selvatica-260x260.jpg",260,260,true],"woocommerce_single":["https:\/\/florsivioles.marketingempresas.es\/wp-content\/uploads\/2020\/03\/Rucula-Selvatica-360x270.jpg",360,270,true],"woocommerce_gallery_thumbnail":["https:\/\/florsivioles.marketingempresas.es\/wp-content\/uploads\/2020\/03\/Rucula-Selvatica-100x100.jpg",100,100,true]},"uagb_author_info":{"display_name":"Christian Roig Brown","author_link":"https:\/\/florsivioles.marketingempresas.es\/en\/author\/"},"uagb_comment_info":0,"uagb_excerpt":"Caja de 1 Kilo","_links":{"self":[{"href":"https:\/\/florsivioles.marketingempresas.es\/en\/wp-json\/wp\/v2\/product\/1750","targetHints":{"allow":["GET"]}}],"collection":[{"href":"https:\/\/florsivioles.marketingempresas.es\/en\/wp-json\/wp\/v2\/product"}],"about":[{"href":"https:\/\/florsivioles.marketingempresas.es\/en\/wp-json\/wp\/v2\/types\/product"}],"wp:featuredmedia":[{"embeddable":true,"href":"https:\/\/florsivioles.marketingempresas.es\/en\/wp-json\/wp\/v2\/media\/8306"}],"wp:attachment":[{"href":"https:\/\/florsivioles.marketingempresas.es\/en\/wp-json\/wp\/v2\/media?parent=1750"}],"wp:term":[{"taxonomy":"product_brand","embeddable":true,"href":"https:\/\/florsivioles.marketingempresas.es\/en\/wp-json\/wp\/v2\/product_brand?post=1750"},{"taxonomy":"product_cat","embeddable":true,"href":"https:\/\/florsivioles.marketingempresas.es\/en\/wp-json\/wp\/v2\/product_cat?post=1750"},{"taxonomy":"product_tag","embeddable":true,"href":"https:\/\/florsivioles.marketingempresas.es\/en\/wp-json\/wp\/v2\/product_tag?post=1750"},{"taxonomy":"receta","embeddable":true,"href":"https:\/\/florsivioles.marketingempresas.es\/en\/wp-json\/wp\/v2\/taxonomy\/receta?post=1750"}],"curies":[{"name":"wp","href":"https:\/\/api.w.org\/{rel}","templated":true}]}}