{"id":1742,"date":"2022-03-09T10:41:42","date_gmt":"2022-03-09T09:41:42","guid":{"rendered":"https:\/\/florsivioles.marketingempresas.es\/producto\/import-placeholder-for-148\/"},"modified":"2023-11-16T13:05:35","modified_gmt":"2023-11-16T12:05:35","slug":"mezclum-bandeja","status":"publish","type":"product","link":"https:\/\/florsivioles.marketingempresas.es\/en\/product\/mezclum-bandeja\/","title":{"rendered":"Mezclum tray"},"content":{"rendered":"<p>Disfruta de unas ensaladas ricas y nutritivas con este M\u00e9zclum compuesto de r\u00facula, escarola rizada, radicchio, can\u00f3nigos y brotes de espinaca y lechuga roja que le aportar\u00e1 a tus platos un toque de distinci\u00f3n y frescura. Tambi\u00e9n puede usarse para acompa\u00f1ar a otros platos, como un buen filete, un carpaccio, o una pieza de pescado al vapor.<\/p>","protected":false},"excerpt":{"rendered":"<p>100gr tray<\/p>","protected":false},"featured_media":3518,"template":"","meta":{"_uag_custom_page_level_css":""},"product_brand":[],"product_cat":[1549,16,1548],"product_tag":[247,500,127,222,204,205,246,240,123,238,185],"taxonomy\/receta":[],"class_list":{"0":"post-1742","1":"product","2":"type-product","3":"status-publish","4":"has-post-thumbnail","6":"product_cat-ensaladas","7":"product_cat-convencional","8":"product_cat-frutas-y-verduras","9":"product_tag-delivery-ibiza","10":"product_tag-ensaladas","11":"product_tag-fruits-and-vegetables-in-ibiza","12":"product_tag-fruits-and-vegetables-near-me","13":"product_tag-fruteria-y-verduleria","14":"product_tag-fruteria-y-verduleria-en-ibiza","15":"product_tag-ibiza-food-delivery","16":"product_tag-rucula","17":"product_tag-tienda-online-en-ibiza","18":"product_tag-venta-de-verduras-y-frutas","19":"product_tag-verduras-a-domicilio-en-ibiza","20":"product_shipping_class-envio-gratuito","22":"first","23":"instock","24":"taxable","25":"shipping-taxable","26":"purchasable","27":"product-type-simple"},"uagb_featured_image_src":{"full":["https:\/\/florsivioles.marketingempresas.es\/wp-content\/uploads\/2020\/03\/mezclum.jpg",600,600,false],"thumbnail":["https:\/\/florsivioles.marketingempresas.es\/wp-content\/uploads\/2020\/03\/mezclum-150x150.jpg",150,150,true],"medium":["https:\/\/florsivioles.marketingempresas.es\/wp-content\/uploads\/2020\/03\/mezclum-364x364.jpg",364,364,true],"medium_large":["https:\/\/florsivioles.marketingempresas.es\/wp-content\/uploads\/2020\/03\/mezclum.jpg",600,600,false],"large":["https:\/\/florsivioles.marketingempresas.es\/wp-content\/uploads\/2020\/03\/mezclum.jpg",600,600,false],"1536x1536":["https:\/\/florsivioles.marketingempresas.es\/wp-content\/uploads\/2020\/03\/mezclum.jpg",600,600,false],"2048x2048":["https:\/\/florsivioles.marketingempresas.es\/wp-content\/uploads\/2020\/03\/mezclum.jpg",600,600,false],"trp-custom-language-flag":["https:\/\/florsivioles.marketingempresas.es\/wp-content\/uploads\/2020\/03\/mezclum-12x12.jpg",12,12,true],"woocommerce_thumbnail":["https:\/\/florsivioles.marketingempresas.es\/wp-content\/uploads\/2020\/03\/mezclum-260x260.jpg",260,260,true],"woocommerce_single":["https:\/\/florsivioles.marketingempresas.es\/wp-content\/uploads\/2020\/03\/mezclum-360x360.jpg",360,360,true],"woocommerce_gallery_thumbnail":["https:\/\/florsivioles.marketingempresas.es\/wp-content\/uploads\/2020\/03\/mezclum-100x100.jpg",100,100,true]},"uagb_author_info":{"display_name":"Christian Roig Brown","author_link":"https:\/\/florsivioles.marketingempresas.es\/en\/author\/"},"uagb_comment_info":0,"uagb_excerpt":"Bandeja de 100 gramos","_links":{"self":[{"href":"https:\/\/florsivioles.marketingempresas.es\/en\/wp-json\/wp\/v2\/product\/1742","targetHints":{"allow":["GET"]}}],"collection":[{"href":"https:\/\/florsivioles.marketingempresas.es\/en\/wp-json\/wp\/v2\/product"}],"about":[{"href":"https:\/\/florsivioles.marketingempresas.es\/en\/wp-json\/wp\/v2\/types\/product"}],"wp:featuredmedia":[{"embeddable":true,"href":"https:\/\/florsivioles.marketingempresas.es\/en\/wp-json\/wp\/v2\/media\/3518"}],"wp:attachment":[{"href":"https:\/\/florsivioles.marketingempresas.es\/en\/wp-json\/wp\/v2\/media?parent=1742"}],"wp:term":[{"taxonomy":"product_brand","embeddable":true,"href":"https:\/\/florsivioles.marketingempresas.es\/en\/wp-json\/wp\/v2\/product_brand?post=1742"},{"taxonomy":"product_cat","embeddable":true,"href":"https:\/\/florsivioles.marketingempresas.es\/en\/wp-json\/wp\/v2\/product_cat?post=1742"},{"taxonomy":"product_tag","embeddable":true,"href":"https:\/\/florsivioles.marketingempresas.es\/en\/wp-json\/wp\/v2\/product_tag?post=1742"},{"taxonomy":"receta","embeddable":true,"href":"https:\/\/florsivioles.marketingempresas.es\/en\/wp-json\/wp\/v2\/taxonomy\/receta?post=1742"}],"curies":[{"name":"wp","href":"https:\/\/api.w.org\/{rel}","templated":true}]}}