{"id":1718,"date":"2020-03-28T10:49:34","date_gmt":"2020-03-28T09:49:34","guid":{"rendered":"https:\/\/florsivioles.marketingempresas.es\/producto\/import-placeholder-for-124\/"},"modified":"2023-09-09T07:37:53","modified_gmt":"2023-09-09T05:37:53","slug":"melon-verde-piel-de-sapo","status":"publish","type":"product","link":"https:\/\/florsivioles.marketingempresas.es\/en\/product\/melon-verde-piel-de-sapo\/","title":{"rendered":"Toad Skin Melon"},"content":{"rendered":"<p>El Mel\u00f3n Verde Piel De Sapo es muy hidratante dado que el 85% de su carne es agua, un porcentaje muy similar al cuerpo humano. Tiene un aporte cal\u00f3rico y de grasas muy reducido.<\/p>\n<p>Las vitaminas que almacena esta fruta destacar; el alto contenido en betacaroteno, que se convierte en vitamina A en el cuerpo, altas y significativas cantidades de vitamina C y B9 o \u00e1cido f\u00f3lico, en menor medida la E.<\/p>\n<p>Tanto la vitamina C, La A Y la E son importantes antioxidantes que refuerzan el sistema inmunitario, ayudan a la prevenci\u00f3n del c\u00e1ncer y algunas enfermedades cardiovasculares.\u00a0El contenido en \u00e1cido pantot\u00e9nico o vitamina B5 que esta fruta dispone, ayuda a la transformaci\u00f3n de los nutrientes en energ\u00eda, a reducir los triglic\u00e9ridos y los niveles elevados de colesterol. Sumando a la protecci\u00f3n de la salud cardiovascular.<\/p>","protected":false},"excerpt":{"rendered":"<p>Precio por unidad. Peso aproximado de 4 kilogramos.<\/p>","protected":false},"featured_media":585,"template":"","meta":{"_uag_custom_page_level_css":""},"product_brand":[],"product_cat":[16,21,77],"product_tag":[199,190,113,130,116,204,380,226,65,386,207,173],"taxonomy\/receta":[],"class_list":{"0":"post-1718","1":"product","2":"type-product","3":"status-publish","4":"has-post-thumbnail","6":"product_cat-convencional","7":"product_cat-frutas","8":"product_cat-local-bio","9":"product_tag-delivery-ibiza-food","10":"product_tag-entrega-a-domicilio-en-ibiza","11":"product_tag-envio-a-domicilio-en-ibiza","12":"product_tag-free-delivery-in-ibiza","13":"product_tag-frutas-y-verduras-en-ibiza","14":"product_tag-fruteria-y-verduleria","15":"product_tag-melon-verde-piel-de-sapo","16":"product_tag-online-vegetables","17":"product_tag-producto-local","18":"product_tag-toad-skin-melon","19":"product_tag-vegetables-delivery-in-ibiza","20":"product_tag-verduras-online","21":"product_shipping_class-envio-gratuito","23":"first","24":"instock","25":"taxable","26":"shipping-taxable","27":"purchasable","28":"product-type-simple"},"uagb_featured_image_src":{"full":["https:\/\/florsivioles.marketingempresas.es\/wp-content\/uploads\/2020\/03\/Mel\u00f3n-Verde-Piel-De-Sapo.jpg",569,320,false],"thumbnail":["https:\/\/florsivioles.marketingempresas.es\/wp-content\/uploads\/2020\/03\/Mel\u00f3n-Verde-Piel-De-Sapo-150x84.jpg",150,84,true],"medium":["https:\/\/florsivioles.marketingempresas.es\/wp-content\/uploads\/2020\/03\/Mel\u00f3n-Verde-Piel-De-Sapo-364x205.jpg",364,205,true],"medium_large":["https:\/\/florsivioles.marketingempresas.es\/wp-content\/uploads\/2020\/03\/Mel\u00f3n-Verde-Piel-De-Sapo.jpg",569,320,false],"large":["https:\/\/florsivioles.marketingempresas.es\/wp-content\/uploads\/2020\/03\/Mel\u00f3n-Verde-Piel-De-Sapo.jpg",569,320,false],"1536x1536":["https:\/\/florsivioles.marketingempresas.es\/wp-content\/uploads\/2020\/03\/Mel\u00f3n-Verde-Piel-De-Sapo.jpg",569,320,false],"2048x2048":["https:\/\/florsivioles.marketingempresas.es\/wp-content\/uploads\/2020\/03\/Mel\u00f3n-Verde-Piel-De-Sapo.jpg",569,320,false],"trp-custom-language-flag":["https:\/\/florsivioles.marketingempresas.es\/wp-content\/uploads\/2020\/03\/Mel\u00f3n-Verde-Piel-De-Sapo-18x10.jpg",18,10,true],"woocommerce_thumbnail":["https:\/\/florsivioles.marketingempresas.es\/wp-content\/uploads\/2020\/03\/Mel\u00f3n-Verde-Piel-De-Sapo-260x260.jpg",260,260,true],"woocommerce_single":["https:\/\/florsivioles.marketingempresas.es\/wp-content\/uploads\/2020\/03\/Mel\u00f3n-Verde-Piel-De-Sapo-360x202.jpg",360,202,true],"woocommerce_gallery_thumbnail":["https:\/\/florsivioles.marketingempresas.es\/wp-content\/uploads\/2020\/03\/Mel\u00f3n-Verde-Piel-De-Sapo-100x100.jpg",100,100,true]},"uagb_author_info":{"display_name":"Christian Roig Brown","author_link":"https:\/\/florsivioles.marketingempresas.es\/en\/author\/"},"uagb_comment_info":0,"uagb_excerpt":"Precio por unidad. Peso aproximado de 4 kilogramos.","_links":{"self":[{"href":"https:\/\/florsivioles.marketingempresas.es\/en\/wp-json\/wp\/v2\/product\/1718","targetHints":{"allow":["GET"]}}],"collection":[{"href":"https:\/\/florsivioles.marketingempresas.es\/en\/wp-json\/wp\/v2\/product"}],"about":[{"href":"https:\/\/florsivioles.marketingempresas.es\/en\/wp-json\/wp\/v2\/types\/product"}],"wp:featuredmedia":[{"embeddable":true,"href":"https:\/\/florsivioles.marketingempresas.es\/en\/wp-json\/wp\/v2\/media\/585"}],"wp:attachment":[{"href":"https:\/\/florsivioles.marketingempresas.es\/en\/wp-json\/wp\/v2\/media?parent=1718"}],"wp:term":[{"taxonomy":"product_brand","embeddable":true,"href":"https:\/\/florsivioles.marketingempresas.es\/en\/wp-json\/wp\/v2\/product_brand?post=1718"},{"taxonomy":"product_cat","embeddable":true,"href":"https:\/\/florsivioles.marketingempresas.es\/en\/wp-json\/wp\/v2\/product_cat?post=1718"},{"taxonomy":"product_tag","embeddable":true,"href":"https:\/\/florsivioles.marketingempresas.es\/en\/wp-json\/wp\/v2\/product_tag?post=1718"},{"taxonomy":"receta","embeddable":true,"href":"https:\/\/florsivioles.marketingempresas.es\/en\/wp-json\/wp\/v2\/taxonomy\/receta?post=1718"}],"curies":[{"name":"wp","href":"https:\/\/api.w.org\/{rel}","templated":true}]}}