{"id":1700,"date":"2020-03-28T11:17:15","date_gmt":"2020-03-28T10:17:15","guid":{"rendered":"https:\/\/florsivioles.marketingempresas.es\/producto\/import-placeholder-for-106\/"},"modified":"2023-07-25T20:42:51","modified_gmt":"2023-07-25T18:42:51","slug":"freson","status":"publish","type":"product","link":"https:\/\/florsivioles.marketingempresas.es\/en\/product\/freson\/","title":{"rendered":"Strawberry"},"content":{"rendered":"<p>El\u00a0<strong>Strawberry<\/strong>\u00a0es una fruta que <strong>aporta pocas calor\u00edas<\/strong> porque se compone fundamentalmente de agua. Contiene gran cantidad de sales minerales (<strong>potasio, magnesio y calcio<\/strong>), as\u00ed como\u00a0<strong>vitaminas (C y E)<\/strong>. Es de f\u00e1cil digesti\u00f3n, sumamente nutritivo y aumenta las defensas org\u00e1nicas.<\/p>\n<p>Entre los principales beneficios podemos comentar que cuida<strong>\u00a0tus dientes<\/strong> (gracias al xilitol que ataca a las bacterias de la boca, refuerza el esmalte y estimula la circulaci\u00f3n sangu\u00ednea de las enc\u00edas), posee acci\u00f3n<strong>\u00a0anti-inflamatoria\u00a0<\/strong>y<strong>\u00a0anti-coagulante<\/strong> por el \u00e1cido salic\u00edlico que contiene y protege el aparato<strong>\u00a0cardiovascular y cerebrovascular<\/strong> dado que las vitaminas C y E tienen acci\u00f3n antioxidante que bloquea el efecto da\u00f1ino de los denominados \u201cradicales libres\u201d.<\/p>\n<p>&nbsp;<\/p>","protected":false},"excerpt":{"rendered":"<p>Caja de 0,50 Kg.<\/p>","protected":false},"featured_media":2869,"template":"","meta":{"_uag_custom_page_level_css":""},"product_brand":[],"product_cat":[16,21],"product_tag":[175,160,199,190,113,133,130,83,127,222,178,209,116,204,205,880],"taxonomy\/receta":[],"class_list":{"0":"post-1700","1":"product","2":"type-product","3":"status-publish","4":"has-post-thumbnail","6":"product_cat-convencional","7":"product_cat-frutas","8":"product_tag-comprar-verduras-online","9":"product_tag-delivery-en-ibiza","10":"product_tag-delivery-ibiza-food","11":"product_tag-entrega-a-domicilio-en-ibiza","12":"product_tag-envio-a-domicilio-en-ibiza","13":"product_tag-free-delivery","14":"product_tag-free-delivery-in-ibiza","15":"product_tag-fruits-and-vegetables","16":"product_tag-fruits-and-vegetables-in-ibiza","17":"product_tag-fruits-and-vegetables-near-me","18":"product_tag-fruta-y-verdura-ecologica-a-domicilio","19":"product_tag-frutas-y-verduras-a-domicilio","20":"product_tag-frutas-y-verduras-en-ibiza","21":"product_tag-fruteria-y-verduleria","22":"product_tag-fruteria-y-verduleria-en-ibiza","23":"product_tag-frutos-rojos","24":"product_shipping_class-envio-gratuito","26":"first","27":"instock","28":"taxable","29":"shipping-taxable","30":"purchasable","31":"product-type-simple"},"uagb_featured_image_src":{"full":["https:\/\/florsivioles.marketingempresas.es\/wp-content\/uploads\/2020\/03\/Fres\u00f3n-01.jpg",1920,1080,false],"thumbnail":["https:\/\/florsivioles.marketingempresas.es\/wp-content\/uploads\/2020\/03\/Fres\u00f3n-01-150x84.jpg",150,84,true],"medium":["https:\/\/florsivioles.marketingempresas.es\/wp-content\/uploads\/2020\/03\/Fres\u00f3n-01-364x205.jpg",364,205,true],"medium_large":["https:\/\/florsivioles.marketingempresas.es\/wp-content\/uploads\/2020\/03\/Fres\u00f3n-01-768x432.jpg",768,432,true],"large":["https:\/\/florsivioles.marketingempresas.es\/wp-content\/uploads\/2020\/03\/Fres\u00f3n-01-1024x576.jpg",1024,576,true],"1536x1536":["https:\/\/florsivioles.marketingempresas.es\/wp-content\/uploads\/2020\/03\/Fres\u00f3n-01-1536x864.jpg",1536,864,true],"2048x2048":["https:\/\/florsivioles.marketingempresas.es\/wp-content\/uploads\/2020\/03\/Fres\u00f3n-01.jpg",1920,1080,false],"trp-custom-language-flag":["https:\/\/florsivioles.marketingempresas.es\/wp-content\/uploads\/2020\/03\/Fres\u00f3n-01-18x10.jpg",18,10,true],"woocommerce_thumbnail":["https:\/\/florsivioles.marketingempresas.es\/wp-content\/uploads\/2020\/03\/Fres\u00f3n-01-260x260.jpg",260,260,true],"woocommerce_single":["https:\/\/florsivioles.marketingempresas.es\/wp-content\/uploads\/2020\/03\/Fres\u00f3n-01-360x203.jpg",360,203,true],"woocommerce_gallery_thumbnail":["https:\/\/florsivioles.marketingempresas.es\/wp-content\/uploads\/2020\/03\/Fres\u00f3n-01-100x100.jpg",100,100,true]},"uagb_author_info":{"display_name":"Christian Roig Brown","author_link":"https:\/\/florsivioles.marketingempresas.es\/en\/author\/"},"uagb_comment_info":0,"uagb_excerpt":"Caja de 0,50 Kg.","_links":{"self":[{"href":"https:\/\/florsivioles.marketingempresas.es\/en\/wp-json\/wp\/v2\/product\/1700","targetHints":{"allow":["GET"]}}],"collection":[{"href":"https:\/\/florsivioles.marketingempresas.es\/en\/wp-json\/wp\/v2\/product"}],"about":[{"href":"https:\/\/florsivioles.marketingempresas.es\/en\/wp-json\/wp\/v2\/types\/product"}],"wp:featuredmedia":[{"embeddable":true,"href":"https:\/\/florsivioles.marketingempresas.es\/en\/wp-json\/wp\/v2\/media\/2869"}],"wp:attachment":[{"href":"https:\/\/florsivioles.marketingempresas.es\/en\/wp-json\/wp\/v2\/media?parent=1700"}],"wp:term":[{"taxonomy":"product_brand","embeddable":true,"href":"https:\/\/florsivioles.marketingempresas.es\/en\/wp-json\/wp\/v2\/product_brand?post=1700"},{"taxonomy":"product_cat","embeddable":true,"href":"https:\/\/florsivioles.marketingempresas.es\/en\/wp-json\/wp\/v2\/product_cat?post=1700"},{"taxonomy":"product_tag","embeddable":true,"href":"https:\/\/florsivioles.marketingempresas.es\/en\/wp-json\/wp\/v2\/product_tag?post=1700"},{"taxonomy":"receta","embeddable":true,"href":"https:\/\/florsivioles.marketingempresas.es\/en\/wp-json\/wp\/v2\/taxonomy\/receta?post=1700"}],"curies":[{"name":"wp","href":"https:\/\/api.w.org\/{rel}","templated":true}]}}