{"id":1658,"date":"2020-03-28T10:39:49","date_gmt":"2020-03-28T09:39:49","guid":{"rendered":"https:\/\/florsivioles.marketingempresas.es\/producto\/import-placeholder-for-64\/"},"modified":"2023-08-24T22:09:58","modified_gmt":"2023-08-24T20:09:58","slug":"physalis","status":"publish","type":"product","link":"https:\/\/florsivioles.marketingempresas.es\/en\/product\/physalis\/","title":{"rendered":"Physalis"},"content":{"rendered":"<p>El Physalis posee excelentes propiedades curativas y nutricionales. Fruta originaria de las zonas c\u00e1lidas de Sudam\u00e9rica, por lo que se le considera una fruta ex\u00f3tica. Tienen un alto contenido en pectina, y la hacen ideal para mermeladas, salsas, \u00a0para preparar helados, yogurt, glaseados y chutneys. Se puede consumir solo, en postres, en zumo y en alm\u00edbar.<\/p>\n<p>El Physalis es rico en vitamina C, elimina la alb\u00famina de los ri\u00f1ones; reconstruye y fortifica el nervio \u00f3ptico, eficaz en el tratamiento de las afecciones de la boca y garganta. Tiene un alto porcentaje de calcio y pueden comerlo los\u00a0diab\u00e9ticos.<\/p>\n<p>El Physalis purifica la sangre, por sus excelentes antioxidantes y ayuda al buen\u00a0 funcionamiento del sistema inmunol\u00f3gico, tonifica el nervio \u00f3ptico y es eficaz en el tratamiento de cataratas. Adem\u00e1s se emplea contra los par\u00e1sitos intestinales, y gracias a sus propiedades diur\u00e9ticas, favorece el tratamiento de las personas con problemas de \u00a0pr\u00f3stata. Tambi\u00e9n es utilizada como tranquilizante natural por su contenido de flavonoides<\/p>","protected":false},"excerpt":{"rendered":"<p>100gr tray<\/p>","protected":false},"featured_media":3521,"template":"","meta":{"_uag_custom_page_level_css":""},"product_brand":[],"product_cat":[16,21],"product_tag":[],"taxonomy\/receta":[],"class_list":{"0":"post-1658","1":"product","2":"type-product","3":"status-publish","4":"has-post-thumbnail","6":"product_cat-convencional","7":"product_cat-frutas","8":"product_shipping_class-envio-gratuito","10":"first","11":"instock","12":"taxable","13":"shipping-taxable","14":"purchasable","15":"product-type-simple"},"uagb_featured_image_src":{"full":["https:\/\/florsivioles.marketingempresas.es\/wp-content\/uploads\/2020\/03\/Physalis-peruviana.jpg",800,450,false],"thumbnail":["https:\/\/florsivioles.marketingempresas.es\/wp-content\/uploads\/2020\/03\/Physalis-peruviana-150x84.jpg",150,84,true],"medium":["https:\/\/florsivioles.marketingempresas.es\/wp-content\/uploads\/2020\/03\/Physalis-peruviana-364x205.jpg",364,205,true],"medium_large":["https:\/\/florsivioles.marketingempresas.es\/wp-content\/uploads\/2020\/03\/Physalis-peruviana-768x432.jpg",768,432,true],"large":["https:\/\/florsivioles.marketingempresas.es\/wp-content\/uploads\/2020\/03\/Physalis-peruviana.jpg",800,450,false],"1536x1536":["https:\/\/florsivioles.marketingempresas.es\/wp-content\/uploads\/2020\/03\/Physalis-peruviana.jpg",800,450,false],"2048x2048":["https:\/\/florsivioles.marketingempresas.es\/wp-content\/uploads\/2020\/03\/Physalis-peruviana.jpg",800,450,false],"trp-custom-language-flag":["https:\/\/florsivioles.marketingempresas.es\/wp-content\/uploads\/2020\/03\/Physalis-peruviana-18x10.jpg",18,10,true],"woocommerce_thumbnail":["https:\/\/florsivioles.marketingempresas.es\/wp-content\/uploads\/2020\/03\/Physalis-peruviana-260x260.jpg",260,260,true],"woocommerce_single":["https:\/\/florsivioles.marketingempresas.es\/wp-content\/uploads\/2020\/03\/Physalis-peruviana-360x203.jpg",360,203,true],"woocommerce_gallery_thumbnail":["https:\/\/florsivioles.marketingempresas.es\/wp-content\/uploads\/2020\/03\/Physalis-peruviana-100x100.jpg",100,100,true]},"uagb_author_info":{"display_name":"Christian Roig Brown","author_link":"https:\/\/florsivioles.marketingempresas.es\/en\/author\/"},"uagb_comment_info":0,"uagb_excerpt":"Bandeja de 100 gramos","_links":{"self":[{"href":"https:\/\/florsivioles.marketingempresas.es\/en\/wp-json\/wp\/v2\/product\/1658","targetHints":{"allow":["GET"]}}],"collection":[{"href":"https:\/\/florsivioles.marketingempresas.es\/en\/wp-json\/wp\/v2\/product"}],"about":[{"href":"https:\/\/florsivioles.marketingempresas.es\/en\/wp-json\/wp\/v2\/types\/product"}],"wp:featuredmedia":[{"embeddable":true,"href":"https:\/\/florsivioles.marketingempresas.es\/en\/wp-json\/wp\/v2\/media\/3521"}],"wp:attachment":[{"href":"https:\/\/florsivioles.marketingempresas.es\/en\/wp-json\/wp\/v2\/media?parent=1658"}],"wp:term":[{"taxonomy":"product_brand","embeddable":true,"href":"https:\/\/florsivioles.marketingempresas.es\/en\/wp-json\/wp\/v2\/product_brand?post=1658"},{"taxonomy":"product_cat","embeddable":true,"href":"https:\/\/florsivioles.marketingempresas.es\/en\/wp-json\/wp\/v2\/product_cat?post=1658"},{"taxonomy":"product_tag","embeddable":true,"href":"https:\/\/florsivioles.marketingempresas.es\/en\/wp-json\/wp\/v2\/product_tag?post=1658"},{"taxonomy":"receta","embeddable":true,"href":"https:\/\/florsivioles.marketingempresas.es\/en\/wp-json\/wp\/v2\/taxonomy\/receta?post=1658"}],"curies":[{"name":"wp","href":"https:\/\/api.w.org\/{rel}","templated":true}]}}