{"id":1628,"date":"2022-03-09T12:27:27","date_gmt":"2022-03-09T11:27:27","guid":{"rendered":"https:\/\/florsivioles.marketingempresas.es\/producto\/import-placeholder-for-34\/"},"modified":"2023-11-19T18:21:01","modified_gmt":"2023-11-19T17:21:01","slug":"tomillo-bandeja","status":"publish","type":"product","link":"https:\/\/florsivioles.marketingempresas.es\/en\/product\/tomillo-bandeja\/","title":{"rendered":"Thyme tray"},"content":{"rendered":"<p class=\"paragraph\" data-gtm-element-container=\"modulo-texto-link\">El\u00a0tomillo\u00a0es una planta arom\u00e1tica que se usa como condimento en el norte de \u00c1frica y el Mediterr\u00e1neo. Pero m\u00e1s all\u00e1 de su funci\u00f3n culinaria, esta hierba tambi\u00e9n tiene\u00a0propiedades medicinales\u00a0que combaten c\u00f3licos, dolores de est\u00f3mago o gases, entre otras cosas. De hecho, a lo largo de los siglos ha tenido diferentes usos. Desde ser usada por los egipcios para embalsamar hasta formar parte de los ba\u00f1os griegos.<\/p>\n<p class=\"paragraph\" data-gtm-element-container=\"modulo-texto-link\">La\u00a0hierba del tomillo proviene de un arbusto perenne y le\u00f1oso\u00a0que suele crecer silvestre en condiciones de sol, sin mayores cuidados. As\u00ed, sus hojas se usan para dar sabor a verduras, hacer m\u00e1s digestivos embutidos y quesos, o aromatizar carnes.<\/p>\n<p class=\"paragraph\" data-gtm-element-container=\"modulo-texto-link\">Adem\u00e1s del sabor agradable que aporta a las comidas, el tomillo es una\u00a0hierba rica en nutrientes. Contiene un alto aporte en fibra, que ayuda a combatir el estre\u00f1imiento y regula el tr\u00e1nsito intestinal.<\/p>\n<p class=\"paragraph\" data-gtm-element-container=\"modulo-texto-link\">Por otra parte, aunque el\u00a0calcio\u00a0de los vegetales no se absorbe igual de bien que otros como el de la leche, el tomillo cuenta con un alto contenido en calcio y f\u00f3sforo, necesarios para el mantenimiento de huesos y dientes.<\/p>\n<p class=\"paragraph\" data-gtm-element-container=\"modulo-texto-link\">El tomillo tambi\u00e9n se puede tomar como\u00a0infusi\u00f3n\u00a0para combatir problemas como dolores de est\u00f3mago, diarreas, o como diur\u00e9tico, eliminando toxinas a trav\u00e9s de la orina. Tambi\u00e9n es aconsejable en casos de asma, dolor de garganta y tos.<\/p>\n<p class=\"paragraph\" data-gtm-element-container=\"modulo-texto-link\">Asimismo, su jugo se emplea como\u00a0bactericida\u00a0para enjuagues bucales.<\/p>","protected":false},"excerpt":{"rendered":"<p>40gr tray<\/p>","protected":false},"featured_media":3527,"template":"","meta":{"_uag_custom_page_level_css":""},"product_brand":[],"product_cat":[1553,16,1548],"product_tag":[506,510,508,507,511,131,509],"taxonomy\/receta":[],"class_list":{"0":"post-1628","1":"product","2":"type-product","3":"status-publish","4":"has-post-thumbnail","6":"product_cat-aromaticas","7":"product_cat-convencional","8":"product_cat-frutas-y-verduras","9":"product_tag-aderezo","10":"product_tag-arquitectura-aromatica","11":"product_tag-chef","12":"product_tag-condimento","13":"product_tag-free-delivery-ibiza","14":"product_tag-hierbas-aromaticas","15":"product_tag-receta","16":"product_shipping_class-envio-gratuito","18":"first","19":"instock","20":"taxable","21":"shipping-taxable","22":"purchasable","23":"product-type-simple"},"uagb_featured_image_src":{"full":["https:\/\/florsivioles.marketingempresas.es\/wp-content\/uploads\/2020\/03\/tomillo-1.jpg",1000,667,false],"thumbnail":["https:\/\/florsivioles.marketingempresas.es\/wp-content\/uploads\/2020\/03\/tomillo-1-150x100.jpg",150,100,true],"medium":["https:\/\/florsivioles.marketingempresas.es\/wp-content\/uploads\/2020\/03\/tomillo-1-364x243.jpg",364,243,true],"medium_large":["https:\/\/florsivioles.marketingempresas.es\/wp-content\/uploads\/2020\/03\/tomillo-1-768x512.jpg",768,512,true],"large":["https:\/\/florsivioles.marketingempresas.es\/wp-content\/uploads\/2020\/03\/tomillo-1.jpg",1000,667,false],"1536x1536":["https:\/\/florsivioles.marketingempresas.es\/wp-content\/uploads\/2020\/03\/tomillo-1.jpg",1000,667,false],"2048x2048":["https:\/\/florsivioles.marketingempresas.es\/wp-content\/uploads\/2020\/03\/tomillo-1.jpg",1000,667,false],"trp-custom-language-flag":["https:\/\/florsivioles.marketingempresas.es\/wp-content\/uploads\/2020\/03\/tomillo-1-18x12.jpg",18,12,true],"woocommerce_thumbnail":["https:\/\/florsivioles.marketingempresas.es\/wp-content\/uploads\/2020\/03\/tomillo-1-260x260.jpg",260,260,true],"woocommerce_single":["https:\/\/florsivioles.marketingempresas.es\/wp-content\/uploads\/2020\/03\/tomillo-1-360x240.jpg",360,240,true],"woocommerce_gallery_thumbnail":["https:\/\/florsivioles.marketingempresas.es\/wp-content\/uploads\/2020\/03\/tomillo-1-100x100.jpg",100,100,true]},"uagb_author_info":{"display_name":"Christian Roig Brown","author_link":"https:\/\/florsivioles.marketingempresas.es\/en\/author\/"},"uagb_comment_info":0,"uagb_excerpt":"Bandeja de 40 gramos aprox.","_links":{"self":[{"href":"https:\/\/florsivioles.marketingempresas.es\/en\/wp-json\/wp\/v2\/product\/1628","targetHints":{"allow":["GET"]}}],"collection":[{"href":"https:\/\/florsivioles.marketingempresas.es\/en\/wp-json\/wp\/v2\/product"}],"about":[{"href":"https:\/\/florsivioles.marketingempresas.es\/en\/wp-json\/wp\/v2\/types\/product"}],"wp:featuredmedia":[{"embeddable":true,"href":"https:\/\/florsivioles.marketingempresas.es\/en\/wp-json\/wp\/v2\/media\/3527"}],"wp:attachment":[{"href":"https:\/\/florsivioles.marketingempresas.es\/en\/wp-json\/wp\/v2\/media?parent=1628"}],"wp:term":[{"taxonomy":"product_brand","embeddable":true,"href":"https:\/\/florsivioles.marketingempresas.es\/en\/wp-json\/wp\/v2\/product_brand?post=1628"},{"taxonomy":"product_cat","embeddable":true,"href":"https:\/\/florsivioles.marketingempresas.es\/en\/wp-json\/wp\/v2\/product_cat?post=1628"},{"taxonomy":"product_tag","embeddable":true,"href":"https:\/\/florsivioles.marketingempresas.es\/en\/wp-json\/wp\/v2\/product_tag?post=1628"},{"taxonomy":"receta","embeddable":true,"href":"https:\/\/florsivioles.marketingempresas.es\/en\/wp-json\/wp\/v2\/taxonomy\/receta?post=1628"}],"curies":[{"name":"wp","href":"https:\/\/api.w.org\/{rel}","templated":true}]}}