{"id":1609,"date":"2023-11-29T06:26:11","date_gmt":"2023-11-29T05:26:11","guid":{"rendered":"https:\/\/florsivioles.marketingempresas.es\/producto\/import-placeholder-for-15\/"},"modified":"2023-11-29T06:49:12","modified_gmt":"2023-11-29T05:49:12","slug":"hierbabuena-manojo-bio","status":"publish","type":"product","link":"https:\/\/florsivioles.marketingempresas.es\/en\/product\/hierbabuena-manojo-bio\/","title":{"rendered":"Bio Peppermint Bunch"},"content":{"rendered":"<p>\u00bfBuscas un toque fresco y saludable para tus comidas y bebidas? \u00a1No busques m\u00e1s! Nuestra Hierbabuena Manojo B\u00edo es la soluci\u00f3n. Cultivada en la hermosa isla de Ibiza, esta hierbabuena es 100% org\u00e1nica, lo que significa que est\u00e1 libre de pesticidas y OMG (Organismos Modificados Gen\u00e9ticamente). Ideal para tus mojitos, t\u00e9s o incluso para darle un toque especial a tus platos.<\/p>\n<p>Pero espera, hay m\u00e1s. Al elegir nuestra Hierbabuena Manojo B\u00edo, tambi\u00e9n est\u00e1s apoyando la agricultura sostenible y el comercio justo. \u00bfTe preocupa el medio ambiente? Nosotros tambi\u00e9n. Por eso, nuestra hierbabuena viene en envases Zero Waste (Cero Residuos).<\/p>\n<p>Adem\u00e1s, la hierbabuena tiene propiedades medicinales. Ayuda en la digesti\u00f3n, alivia dolores de cabeza y es excelente para el sistema respiratorio. As\u00ed que no solo est\u00e1s comprando un producto delicioso, sino tambi\u00e9n un superalimento que beneficia tu bienestar.<\/p>\n<p>En resumen, si te importa lo que comes y de d\u00f3nde viene, la Hierbabuena Manojo B\u00edo es la elecci\u00f3n perfecta. \u00a1A\u00f1\u00e1dela a tu despensa ecol\u00f3gica hoy mismo!<\/p>","protected":false},"excerpt":{"rendered":"<p>100gr bunch<\/p>","protected":false},"featured_media":7200,"template":"","meta":{"_uag_custom_page_level_css":""},"product_brand":[],"product_cat":[1552,27,1538],"product_tag":[1511,131,30,65],"taxonomy\/receta":[],"class_list":{"0":"post-1609","1":"product","2":"type-product","3":"status-publish","4":"has-post-thumbnail","6":"product_cat-aromaticas-bio","7":"product_cat-bio","8":"product_cat-frutas-y-verduras-ecologicas","9":"product_tag-hierbabuena-manojo-bio","10":"product_tag-hierbas-aromaticas","11":"product_tag-plantas-aromaticas-en-ibiza","12":"product_tag-producto-local","13":"product_shipping_class-envio-gratuito","15":"first","16":"instock","17":"taxable","18":"shipping-taxable","19":"purchasable","20":"product-type-simple"},"uagb_featured_image_src":{"full":["https:\/\/florsivioles.marketingempresas.es\/wp-content\/uploads\/2022\/03\/hierbabuena-2.webp",1000,523,false],"thumbnail":["https:\/\/florsivioles.marketingempresas.es\/wp-content\/uploads\/2022\/03\/hierbabuena-2-150x78.webp",150,78,true],"medium":["https:\/\/florsivioles.marketingempresas.es\/wp-content\/uploads\/2022\/03\/hierbabuena-2-364x190.webp",364,190,true],"medium_large":["https:\/\/florsivioles.marketingempresas.es\/wp-content\/uploads\/2022\/03\/hierbabuena-2-768x402.webp",768,402,true],"large":["https:\/\/florsivioles.marketingempresas.es\/wp-content\/uploads\/2022\/03\/hierbabuena-2.webp",1000,523,false],"1536x1536":["https:\/\/florsivioles.marketingempresas.es\/wp-content\/uploads\/2022\/03\/hierbabuena-2.webp",1000,523,false],"2048x2048":["https:\/\/florsivioles.marketingempresas.es\/wp-content\/uploads\/2022\/03\/hierbabuena-2.webp",1000,523,false],"trp-custom-language-flag":["https:\/\/florsivioles.marketingempresas.es\/wp-content\/uploads\/2022\/03\/hierbabuena-2-18x9.webp",18,9,true],"woocommerce_thumbnail":["https:\/\/florsivioles.marketingempresas.es\/wp-content\/uploads\/2022\/03\/hierbabuena-2-260x260.webp",260,260,true],"woocommerce_single":["https:\/\/florsivioles.marketingempresas.es\/wp-content\/uploads\/2022\/03\/hierbabuena-2-360x188.webp",360,188,true],"woocommerce_gallery_thumbnail":["https:\/\/florsivioles.marketingempresas.es\/wp-content\/uploads\/2022\/03\/hierbabuena-2-100x100.webp",100,100,true]},"uagb_author_info":{"display_name":"Christian Roig Brown","author_link":"https:\/\/florsivioles.marketingempresas.es\/en\/author\/"},"uagb_comment_info":0,"uagb_excerpt":"Manojo de 100 gramos.","_links":{"self":[{"href":"https:\/\/florsivioles.marketingempresas.es\/en\/wp-json\/wp\/v2\/product\/1609","targetHints":{"allow":["GET"]}}],"collection":[{"href":"https:\/\/florsivioles.marketingempresas.es\/en\/wp-json\/wp\/v2\/product"}],"about":[{"href":"https:\/\/florsivioles.marketingempresas.es\/en\/wp-json\/wp\/v2\/types\/product"}],"wp:featuredmedia":[{"embeddable":true,"href":"https:\/\/florsivioles.marketingempresas.es\/en\/wp-json\/wp\/v2\/media\/7200"}],"wp:attachment":[{"href":"https:\/\/florsivioles.marketingempresas.es\/en\/wp-json\/wp\/v2\/media?parent=1609"}],"wp:term":[{"taxonomy":"product_brand","embeddable":true,"href":"https:\/\/florsivioles.marketingempresas.es\/en\/wp-json\/wp\/v2\/product_brand?post=1609"},{"taxonomy":"product_cat","embeddable":true,"href":"https:\/\/florsivioles.marketingempresas.es\/en\/wp-json\/wp\/v2\/product_cat?post=1609"},{"taxonomy":"product_tag","embeddable":true,"href":"https:\/\/florsivioles.marketingempresas.es\/en\/wp-json\/wp\/v2\/product_tag?post=1609"},{"taxonomy":"receta","embeddable":true,"href":"https:\/\/florsivioles.marketingempresas.es\/en\/wp-json\/wp\/v2\/taxonomy\/receta?post=1609"}],"curies":[{"name":"wp","href":"https:\/\/api.w.org\/{rel}","templated":true}]}}