{"id":1604,"date":"2022-03-09T12:52:09","date_gmt":"2022-03-09T11:52:09","guid":{"rendered":"https:\/\/florsivioles.marketingempresas.es\/producto\/import-placeholder-for-10\/"},"modified":"2024-02-07T12:15:28","modified_gmt":"2024-02-07T11:15:28","slug":"cilantro-manojo","status":"publish","type":"product","link":"https:\/\/florsivioles.marketingempresas.es\/en\/product\/cilantro-manojo\/","title":{"rendered":"Coriander Bunch"},"content":{"rendered":"<p>El Cilantro es un alimento que destaca por ser rico en aceites que act\u00faan sobre el sistema digestivo, lo cual estimula el apetito y alivia la irritaci\u00f3n. Adem\u00e1s, es una <strong>gran fuente de vitaminas<\/strong>!\u00a0Otra de las propiedades importantes del cilantro es su contenido en minerales, como lo son el potasio, calcio, magnesio y f\u00f3sforo.<\/p>","protected":false},"excerpt":{"rendered":"<p>80gr bunch<\/p>","protected":false},"featured_media":5975,"template":"","meta":{"_uag_custom_page_level_css":""},"product_brand":[],"product_cat":[1553,16,1548,77],"product_tag":[103,108,199,190,113,130,83,203,227,65,236,92,258],"taxonomy\/receta":[],"class_list":{"0":"post-1604","1":"product","2":"type-product","3":"status-publish","4":"has-post-thumbnail","6":"product_cat-aromaticas","7":"product_cat-convencional","8":"product_cat-frutas-y-verduras","9":"product_cat-local-bio","10":"product_tag-cilantro","11":"product_tag-coriander","12":"product_tag-delivery-ibiza-food","13":"product_tag-entrega-a-domicilio-en-ibiza","14":"product_tag-envio-a-domicilio-en-ibiza","15":"product_tag-free-delivery-in-ibiza","16":"product_tag-fruits-and-vegetables","17":"product_tag-fruteria-a-domicilio","18":"product_tag-local-product","19":"product_tag-producto-local","20":"product_tag-vegetables-delivery","21":"product_tag-verduras-a-domicilio","22":"product_tag-verduras-kilometro-cero","23":"product_shipping_class-envio-gratuito","25":"first","26":"instock","27":"taxable","28":"shipping-taxable","29":"purchasable","30":"product-type-simple"},"uagb_featured_image_src":{"full":["https:\/\/florsivioles.marketingempresas.es\/wp-content\/uploads\/2022\/03\/Ar-cilantro-manojo.jpg",1000,667,false],"thumbnail":["https:\/\/florsivioles.marketingempresas.es\/wp-content\/uploads\/2022\/03\/Ar-cilantro-manojo-150x100.jpg",150,100,true],"medium":["https:\/\/florsivioles.marketingempresas.es\/wp-content\/uploads\/2022\/03\/Ar-cilantro-manojo-364x243.jpg",364,243,true],"medium_large":["https:\/\/florsivioles.marketingempresas.es\/wp-content\/uploads\/2022\/03\/Ar-cilantro-manojo-768x512.jpg",768,512,true],"large":["https:\/\/florsivioles.marketingempresas.es\/wp-content\/uploads\/2022\/03\/Ar-cilantro-manojo.jpg",1000,667,false],"1536x1536":["https:\/\/florsivioles.marketingempresas.es\/wp-content\/uploads\/2022\/03\/Ar-cilantro-manojo.jpg",1000,667,false],"2048x2048":["https:\/\/florsivioles.marketingempresas.es\/wp-content\/uploads\/2022\/03\/Ar-cilantro-manojo.jpg",1000,667,false],"trp-custom-language-flag":["https:\/\/florsivioles.marketingempresas.es\/wp-content\/uploads\/2022\/03\/Ar-cilantro-manojo-18x12.jpg",18,12,true],"woocommerce_thumbnail":["https:\/\/florsivioles.marketingempresas.es\/wp-content\/uploads\/2022\/03\/Ar-cilantro-manojo-260x260.jpg",260,260,true],"woocommerce_single":["https:\/\/florsivioles.marketingempresas.es\/wp-content\/uploads\/2022\/03\/Ar-cilantro-manojo-360x240.jpg",360,240,true],"woocommerce_gallery_thumbnail":["https:\/\/florsivioles.marketingempresas.es\/wp-content\/uploads\/2022\/03\/Ar-cilantro-manojo-100x100.jpg",100,100,true]},"uagb_author_info":{"display_name":"Christian Roig Brown","author_link":"https:\/\/florsivioles.marketingempresas.es\/en\/author\/"},"uagb_comment_info":0,"uagb_excerpt":"Manojo de 80 gramos.","_links":{"self":[{"href":"https:\/\/florsivioles.marketingempresas.es\/en\/wp-json\/wp\/v2\/product\/1604","targetHints":{"allow":["GET"]}}],"collection":[{"href":"https:\/\/florsivioles.marketingempresas.es\/en\/wp-json\/wp\/v2\/product"}],"about":[{"href":"https:\/\/florsivioles.marketingempresas.es\/en\/wp-json\/wp\/v2\/types\/product"}],"wp:featuredmedia":[{"embeddable":true,"href":"https:\/\/florsivioles.marketingempresas.es\/en\/wp-json\/wp\/v2\/media\/5975"}],"wp:attachment":[{"href":"https:\/\/florsivioles.marketingempresas.es\/en\/wp-json\/wp\/v2\/media?parent=1604"}],"wp:term":[{"taxonomy":"product_brand","embeddable":true,"href":"https:\/\/florsivioles.marketingempresas.es\/en\/wp-json\/wp\/v2\/product_brand?post=1604"},{"taxonomy":"product_cat","embeddable":true,"href":"https:\/\/florsivioles.marketingempresas.es\/en\/wp-json\/wp\/v2\/product_cat?post=1604"},{"taxonomy":"product_tag","embeddable":true,"href":"https:\/\/florsivioles.marketingempresas.es\/en\/wp-json\/wp\/v2\/product_tag?post=1604"},{"taxonomy":"receta","embeddable":true,"href":"https:\/\/florsivioles.marketingempresas.es\/en\/wp-json\/wp\/v2\/taxonomy\/receta?post=1604"}],"curies":[{"name":"wp","href":"https:\/\/api.w.org\/{rel}","templated":true}]}}