{"id":6983,"date":"2022-12-25T18:12:30","date_gmt":"2022-12-25T17:12:30","guid":{"rendered":"https:\/\/florsivioles.marketingempresas.es\/consejos\/"},"modified":"2023-10-06T09:28:21","modified_gmt":"2023-10-06T07:28:21","slug":"consejos","status":"publish","type":"page","link":"https:\/\/florsivioles.marketingempresas.es\/en\/consejos\/","title":{"rendered":"Consejos"},"content":{"rendered":"<p>En nuestra vida cotidiana tenemos un sinf\u00edn de dudas acerca determinadas situaciones. Aqu\u00ed te damos algunos consejos para mejorar y hacer tu vida m\u00e1s ecol\u00f3gica.<\/p>","protected":false},"excerpt":{"rendered":"<p>En nuestra vida cotidiana tenemos un sinf\u00edn de dudas acerca determinadas situaciones. Aqu\u00ed te damos algunos consejos para mejorar y hacer tu vida m\u00e1s ecol\u00f3gica.<\/p>","protected":false},"author":93,"featured_media":0,"parent":0,"menu_order":0,"comment_status":"closed","ping_status":"closed","template":"","meta":{"_uag_custom_page_level_css":"","footnotes":""},"class_list":["post-6983","page","type-page","status-publish","hentry"],"uagb_featured_image_src":{"full":false,"thumbnail":false,"medium":false,"medium_large":false,"large":false,"1536x1536":false,"2048x2048":false,"trp-custom-language-flag":false,"woocommerce_thumbnail":false,"woocommerce_single":false,"woocommerce_gallery_thumbnail":false},"uagb_author_info":{"display_name":"Christian Roig Brown","author_link":"https:\/\/florsivioles.marketingempresas.es\/en\/author\/christian-roig-brown\/"},"uagb_comment_info":0,"uagb_excerpt":"En nuestra vida cotidiana tenemos un sinf\u00edn de dudas acerca determinadas situaciones. Aqu\u00ed te damos algunos consejos para mejorar y hacer tu vida m\u00e1s ecol\u00f3gica.","_links":{"self":[{"href":"https:\/\/florsivioles.marketingempresas.es\/en\/wp-json\/wp\/v2\/pages\/6983","targetHints":{"allow":["GET"]}}],"collection":[{"href":"https:\/\/florsivioles.marketingempresas.es\/en\/wp-json\/wp\/v2\/pages"}],"about":[{"href":"https:\/\/florsivioles.marketingempresas.es\/en\/wp-json\/wp\/v2\/types\/page"}],"author":[{"embeddable":true,"href":"https:\/\/florsivioles.marketingempresas.es\/en\/wp-json\/wp\/v2\/users\/93"}],"replies":[{"embeddable":true,"href":"https:\/\/florsivioles.marketingempresas.es\/en\/wp-json\/wp\/v2\/comments?post=6983"}],"version-history":[{"count":0,"href":"https:\/\/florsivioles.marketingempresas.es\/en\/wp-json\/wp\/v2\/pages\/6983\/revisions"}],"wp:attachment":[{"href":"https:\/\/florsivioles.marketingempresas.es\/en\/wp-json\/wp\/v2\/media?parent=6983"}],"curies":[{"name":"wp","href":"https:\/\/api.w.org\/{rel}","templated":true}]}}