{"id":6,"date":"2020-03-24T20:25:17","date_gmt":"2020-03-24T19:25:17","guid":{"rendered":"https:\/\/florsivioles.marketingempresas.es\/?page_id=6"},"modified":"2023-10-06T08:47:05","modified_gmt":"2023-10-06T06:47:05","slug":"index","status":"publish","type":"page","link":"https:\/\/florsivioles.marketingempresas.es\/en\/","title":{"rendered":"Frutas y Verduras en Ibiza"},"content":{"rendered":"<div style=\"height:50px\" aria-hidden=\"true\" class=\"wp-block-spacer\"><\/div>\n\n\n\n<p>Compra frutas y verduras y mucho m\u00e1s, al mejor precio y con env\u00edo gratis, en tu tienda ecol\u00f3gica online en Ibiza! Productos locales, ecol\u00f3gicos y sin gluten.<\/p>\n\n\n\n<p>Productos Frescos: Frutas y verduras en Ibiza. Adem\u00e1s de huevos, leches y mantequillas, quesos, mieles y m\u00e1s! <a href=\"\/en\/categoria\/frescos-bio\/\">Comprar ahora!<\/a><\/p>\n\n\n\n<p>Productos Sin Gluten: Pastas, galletas, snacks, cereales, chocolates, harinas y mucho m\u00e1s. Productos sin gluten en ibiza y con env\u00edo a domicilio. <a href=\"\/en\/categoria\/sin-gluten-bio\/\">\u00a1Cu\u00eddate!<\/a><\/p>\n\n\n\n<p>Productos de la Despensa: Arroces, frutos secos,&nbsp;pastas y salsas, snacks, aceites, galletas, pat\u00e9s\u2026 y mucho m\u00e1s! <a href=\"\/en\/categoria\/despensa-bio\/\">Llena tu alacena!<\/a><\/p>\n\n\n\n<p>Productos de la Bodega: Cervezas, vinos blancos, rosados y tintos\u2026 <a href=\"\/en\/categoria\/bodega-bio\/\">\u00a1A disfrutar!<\/a><\/p>\n\n\n\n<div style=\"height:50px\" aria-hidden=\"true\" class=\"wp-block-spacer\"><\/div>\n\n\n\n<p>Env\u00edo Gratis para compras desde 30\u20ac. Siempre disponible. Compra en cualquier momento y desde donde quieras! Atenci\u00f3n al cliente \u00bfTienes alguna duda? Ll\u00e1manos o escr\u00edbenos. Pasarela bancaria de Pago Seguro.<\/p>\n\n\n\n<div style=\"height:50px\" aria-hidden=\"true\" class=\"wp-block-spacer\"><\/div>\n\n\n\n<p class=\"has-text-align-center\">Compra frutas y verduras en Ibiza al mejor precio con env\u00edo a domicilio gratis! Frutas y Verduras. Productos locales y ecol\u00f3gicos.<\/p>\n\n\n\n<figure class=\"w-richtext-figure-type-image w-richtext-align-fullwidth wp-block-image size-full\"><img decoding=\"async\" width=\"851\" height=\"315\" src=\"https:\/\/florsivioles.marketingempresas.es\/wp-content\/uploads\/2022\/07\/Portada-Facebook.jpg\" alt=\"Flors i Violes - Tienda online de frutas y verduras\" class=\"wp-image-5596\" title=\"\" srcset=\"https:\/\/florsivioles.marketingempresas.es\/wp-content\/uploads\/2022\/07\/Portada-Facebook.jpg 851w, https:\/\/florsivioles.marketingempresas.es\/wp-content\/uploads\/2022\/07\/Portada-Facebook-364x135.jpg 364w, https:\/\/florsivioles.marketingempresas.es\/wp-content\/uploads\/2022\/07\/Portada-Facebook-150x56.jpg 150w, https:\/\/florsivioles.marketingempresas.es\/wp-content\/uploads\/2022\/07\/Portada-Facebook-768x284.jpg 768w, https:\/\/florsivioles.marketingempresas.es\/wp-content\/uploads\/2022\/07\/Portada-Facebook-18x7.jpg 18w, https:\/\/florsivioles.marketingempresas.es\/wp-content\/uploads\/2022\/07\/Portada-Facebook-360x133.jpg 360w\" sizes=\"(max-width: 851px) 100vw, 851px\" \/><\/figure>\n\n\n\n<p class=\"has-text-align-center\">Crea una lista con tus productos favoritos \ud83d\udc98 para que ya no tengas que buscarlos cada vez que los necesites.Ten tu supermercado online en Ibiza, con todo a mano!<\/p>\n\n\n\n<h2 class=\"wp-block-heading\">Novedades!<\/h2>\n\n\n\n<p>\u00a1Consigue productos b\u00edo y 100% ibicencos al mejor precio sin salir de casa!Sigue nuestras novedades de tutienda ecol\u00f3gica y prueba las exquisiteces que a\u00f1adimos regularmente para ti.<\/p>\n\n\n\n<div class=\"wp-block-buttons is-layout-flex wp-block-buttons-is-layout-flex\">\n<div class=\"wp-block-button aligncenter\"><a class=\"wp-block-button__link wp-element-button\" href=\"\/en\/categoria\/frescos-bio\/\">ir a la Tienda!<\/a><\/div>\n<\/div>\n\n\n\n<h2 class=\"wp-block-heading\">Compras r\u00e1pidas<\/h2>\n\n\n\n<p>Hemos creado paquetes de productos para facilitar tu compra. Tienes desde Cajas Regalo, Selecci\u00f3n de productos de temporada y hasta para cada momento del d\u00eda. Elige las cantidades seg\u00fan tus necesidades y haz la compra en menos de 5 minutos!<\/p>\n\n\n\n<h3 class=\"wp-block-heading\">Verduras de Temporada!<\/h3>\n\n\n\n<p>Todo el sabor y la frescura de los productos reci\u00e9n cosechados, con un -10% de descuento! <a href=\"\/en\/product\/verduras-de-temporada\/\">\u00a1Tr\u00e1emelas!<\/a><\/p>\n\n\n\n<h3 class=\"wp-block-heading\">Batidos Energ\u00e9ticos<\/h3>\n\n\n\n<p>-10% de descuento en este pack &nbsp;nutritivo y saludable! <a href=\"\/en\/receta\/batidos-energeticos\/\">\u00a1Lo quiero ya!<\/a><\/p>\n\n\n\n<h3 class=\"wp-block-heading\">Tabla de Quesos<\/h3>\n\n\n\n<p>Diferentes variedades de quesos B\u00edo, de cabra o vaca, con un -10%de descuento! <a href=\"\/en\/product\/tabla-de-quesos\/\">Elegir Quesos!<\/a><\/p>\n\n\n\n<h3 class=\"wp-block-heading\">Snacks &amp; Dips<\/h3>\n\n\n\n<p>Crackers, nachos, cruditex, salsas, pat\u00e9s y conservas. -10% de descuento! <a href=\"\/en\/product\/snacks-dips\/\">\u00bfCu\u00e1les quieres?<\/a><\/p>\n\n\n\n<h3 class=\"wp-block-heading\">Seasonal Fruits<\/h3>\n\n\n\n<p>Pack &nbsp;de frutas reci\u00e9n cortadas. Nutritivas, deliciosas y saludables a un 10% menos! <a href=\"\/en\/product\/frutas-de-temporada\/\">\u00a1Con entrega a domicilio!<\/a><\/p>\n\n\n\n<div style=\"height:100px\" aria-hidden=\"true\" class=\"wp-block-spacer\"><\/div>\n\n\n\n<h2 class=\"wp-block-heading\">\u00bfQu\u00e9 tenemos en la tienda?<\/h2>\n\n\n\n<p>En Flors i Violes podr\u00e1s encontrar una gran variedad de productos b\u00edo en Ibiza. Somos una tienda online con env\u00edo a domicilio gratuito.<\/p>\n\n\n\n<p>Adem\u00e1s, tambi\u00e9n tienes los productos de cultivo convencional, siempre disponibles y productos sin gluten ecol\u00f3gicos.<\/p>\n\n\n\n<h3 class=\"wp-block-heading\">Productos Ecol\u00f3gicos<\/h3>\n\n\n\n<p>100% naturales, libres de qu\u00edmicos y de modificaciones transg\u00e9nicas. Adem\u00e1s, somos plastic free!<br>Mantienen <strong>todo el sabor y sus cualidades nutritivas<\/strong> porque se respetan sus ciclos naturales y crecen en entornos sostenibles!<\/p>\n\n\n\n<div style=\"height:30px\" aria-hidden=\"true\" class=\"wp-block-spacer\"><\/div>\n\n\n\n<h3 class=\"wp-block-heading\">Producto Convencional<\/h3>\n\n\n\n<p>Productos seleccionados y disponibles en cualquier \u00e9poca del a\u00f1o.Disponemos de una amplia gama de productos gourmet, de Ibiza para el hogar, villas, chefs y restaurantes.<\/p>\n\n\n\n<div style=\"height:30px\" aria-hidden=\"true\" class=\"wp-block-spacer\"><\/div>\n\n\n\n<h3 class=\"wp-block-heading\">Producto Local<\/h3>\n\n\n\n<p>Ibiza produce frutas, verduras y productos ecol\u00f3gicos, muy recomendables por <strong>su frescura, sabor y calidad<\/strong> y el apoyo que suponen a la agricultura de nuestras islas.<br>Por eso, desde Flors i Violes, priorizamos el producto de cercan\u00eda, o de <strong>Km&nbsp;0<\/strong>. \u00a1Prueba los Sabores de Ibiza!<\/p>\n\n\n\n<div style=\"height:50px\" aria-hidden=\"true\" class=\"wp-block-spacer\"><\/div>\n\n\n\n<h2 class=\"wp-block-heading has-text-align-center\">Recetas para ti!<\/h2>\n\n\n\n<p class=\"has-text-align-center\">Un sinf\u00edn de usos para los productos m\u00e1s variados. \u00a1Programa tus comidas de la semana con platos para todos los gustos!En cada receta podr\u00e1s encontrar todo lo que necesitas para prepararla y comprar los ingredientes individualmente, o todos en un s\u00f3lo clic!<\/p>\n\n\n\n<div style=\"height:100px\" aria-hidden=\"true\" class=\"wp-block-spacer\"><\/div>\n\n\n\n<h2 class=\"wp-block-heading\">Profesionales<\/h2>\n\n\n\n<h3 class=\"wp-block-heading\">Servicios creados para ti<\/h3>\n\n\n\n<p>Chefs privados, servicio a barcos, escuelas y guarder\u00edas, restaurantes y agroturismos, etc.Conocemos tu negocio y sus necesidades. Estamos all\u00ed cuando nos necesites.<\/p>\n\n\n\n<h3 class=\"wp-block-heading\">Restaurantes<\/h3>\n\n\n\n<p>Somos conocedores de la importancia de recibir un g\u00e9nero en perfectas condiciones de frescura y sabor cada ma\u00f1ana. Estamos all\u00ed siempre a tiempo.<\/p>\n\n\n\n<h3 class=\"wp-block-heading\">Colegios &amp; Guarder\u00edas<\/h3>\n\n\n\n<p>La alimentaci\u00f3n de nuestros hijos e hijas es vital. En estos primeros a\u00f1os de vida es sumamente importante la presencia de frutas y verduras de proximidad y, si son ecol\u00f3gicas mucho mejor, ya que aportan las vitaminas y minerales necesarios para su perfecto desarrollo.<\/p>\n\n\n\n<h3 class=\"wp-block-heading\">Servicio a Barcos<\/h3>\n\n\n\n<p>Sorprende a tus clientes con una selecta y variada gama de productos frescos. Frutas y verduras locales, de temporada, cestas ex\u00f3ticas y los mejores complementos para cocteler\u00eda.<\/p>\n\n\n\n<h3 class=\"wp-block-heading\">Chefs privados<\/h3>\n\n\n\n<p>Desde mini vegetales, arom\u00e1ticas, frutas ex\u00f3ticas, flores comestibles, hojas de lima Kaffir\u2026 Un sin f\u00edn de opciones para dar presencia a tus platos. Prepara tus menues y nosotros te llevamos los ingredientes seleccionados.<\/p>\n\n\n\n<h3 class=\"wp-block-heading\">Agroturismos<\/h3>\n\n\n\n<p>No hay nada como las frutas y verduras reci\u00e9n cosechadas, y lo sabes. Pero adem\u00e1s, disponemos de mermeladas y compotas, panes ecol\u00f3gicos y sin gluten y un largo etc\u00e9tera para satisfacer las necesidades particulares de tu tipo de clientes<\/p>\n\n\n\n<div style=\"height:100px\" aria-hidden=\"true\" class=\"wp-block-spacer\"><\/div>\n\n\n\n<h2 class=\"wp-block-heading\">Distinci\u00f3n en sus platos<\/h2>\n\n\n\n<p>Los matices de los aromas cautivan por la suave presencia natural apenas se posan en su mesa.Consigue una inmejorable primera impresi\u00f3n con los nobles productos de nuestra tierra.<\/p>\n\n\n\n<div class=\"wp-block-buttons is-layout-flex wp-block-buttons-is-layout-flex\">\n<div class=\"wp-block-button aligncenter\"><a class=\"wp-block-button__link wp-element-button\" href=\"\/en\/categoria\/frescos-bio\/\">go to Shop<\/a><\/div>\n<\/div>","protected":false},"excerpt":{"rendered":"<p>Compra frutas y verduras y mucho m\u00e1s, al mejor precio y con env\u00edo gratis, en tu tienda ecol\u00f3gica online en Ibiza! Productos locales, ecol\u00f3gicos y sin gluten. Productos Frescos: Frutas y verduras en Ibiza. Adem\u00e1s de huevos, leches y mantequillas, quesos, mieles y m\u00e1s! Comprar ahora! Productos Sin Gluten: Pastas, galletas, snacks, cereales, chocolates, harinas [&hellip;]<\/p>","protected":false},"author":93,"featured_media":6247,"parent":0,"menu_order":0,"comment_status":"closed","ping_status":"closed","template":"","meta":{"_uag_custom_page_level_css":"","footnotes":""},"class_list":["post-6","page","type-page","status-publish","has-post-thumbnail","hentry"],"uagb_featured_image_src":{"full":["https:\/\/florsivioles.marketingempresas.es\/wp-content\/uploads\/2022\/11\/Portada-Facebook.jpg",851,315,false],"thumbnail":["https:\/\/florsivioles.marketingempresas.es\/wp-content\/uploads\/2022\/11\/Portada-Facebook-150x56.jpg",150,56,true],"medium":["https:\/\/florsivioles.marketingempresas.es\/wp-content\/uploads\/2022\/11\/Portada-Facebook-364x135.jpg",364,135,true],"medium_large":["https:\/\/florsivioles.marketingempresas.es\/wp-content\/uploads\/2022\/11\/Portada-Facebook-768x284.jpg",768,284,true],"large":["https:\/\/florsivioles.marketingempresas.es\/wp-content\/uploads\/2022\/11\/Portada-Facebook.jpg",851,315,false],"1536x1536":["https:\/\/florsivioles.marketingempresas.es\/wp-content\/uploads\/2022\/11\/Portada-Facebook.jpg",851,315,false],"2048x2048":["https:\/\/florsivioles.marketingempresas.es\/wp-content\/uploads\/2022\/11\/Portada-Facebook.jpg",851,315,false],"trp-custom-language-flag":["https:\/\/florsivioles.marketingempresas.es\/wp-content\/uploads\/2022\/11\/Portada-Facebook-18x7.jpg",18,7,true],"woocommerce_thumbnail":["https:\/\/florsivioles.marketingempresas.es\/wp-content\/uploads\/2022\/11\/Portada-Facebook-260x260.jpg",260,260,true],"woocommerce_single":["https:\/\/florsivioles.marketingempresas.es\/wp-content\/uploads\/2022\/11\/Portada-Facebook-360x133.jpg",360,133,true],"woocommerce_gallery_thumbnail":["https:\/\/florsivioles.marketingempresas.es\/wp-content\/uploads\/2022\/11\/Portada-Facebook-100x100.jpg",100,100,true]},"uagb_author_info":{"display_name":"Christian Roig Brown","author_link":"https:\/\/florsivioles.marketingempresas.es\/en\/author\/christian-roig-brown\/"},"uagb_comment_info":0,"uagb_excerpt":"Compra frutas y verduras y mucho m\u00e1s, al mejor precio y con env\u00edo gratis, en tu tienda ecol\u00f3gica online en Ibiza! Productos locales, ecol\u00f3gicos y sin gluten. Productos Frescos: Frutas y verduras en Ibiza. Adem\u00e1s de huevos, leches y mantequillas, quesos, mieles y m\u00e1s! Comprar ahora! Productos Sin Gluten: Pastas, galletas, snacks, cereales, chocolates, harinas&hellip;","_links":{"self":[{"href":"https:\/\/florsivioles.marketingempresas.es\/en\/wp-json\/wp\/v2\/pages\/6","targetHints":{"allow":["GET"]}}],"collection":[{"href":"https:\/\/florsivioles.marketingempresas.es\/en\/wp-json\/wp\/v2\/pages"}],"about":[{"href":"https:\/\/florsivioles.marketingempresas.es\/en\/wp-json\/wp\/v2\/types\/page"}],"author":[{"embeddable":true,"href":"https:\/\/florsivioles.marketingempresas.es\/en\/wp-json\/wp\/v2\/users\/93"}],"replies":[{"embeddable":true,"href":"https:\/\/florsivioles.marketingempresas.es\/en\/wp-json\/wp\/v2\/comments?post=6"}],"version-history":[{"count":0,"href":"https:\/\/florsivioles.marketingempresas.es\/en\/wp-json\/wp\/v2\/pages\/6\/revisions"}],"wp:featuredmedia":[{"embeddable":true,"href":"https:\/\/florsivioles.marketingempresas.es\/en\/wp-json\/wp\/v2\/media\/6247"}],"wp:attachment":[{"href":"https:\/\/florsivioles.marketingempresas.es\/en\/wp-json\/wp\/v2\/media?parent=6"}],"curies":[{"name":"wp","href":"https:\/\/api.w.org\/{rel}","templated":true}]}}