{"id":2848,"date":"2020-07-21T22:16:02","date_gmt":"2020-07-21T20:16:02","guid":{"rendered":"https:\/\/florsivioles.marketingempresas.es\/responsabilidad-corporativa\/"},"modified":"2023-09-29T18:48:48","modified_gmt":"2023-09-29T16:48:48","slug":"responsabilidad-corporativa","status":"publish","type":"page","link":"https:\/\/florsivioles.marketingempresas.es\/en\/responsabilidad-corporativa\/","title":{"rendered":"Responsabilidad Corporativa"},"content":{"rendered":"<p>La preocupaci\u00f3n por el medio ambiente ha propiciado cambios importantes en nuestro entorno. Uno de ellos ha sido, por ejemplo, la introducci\u00f3n y el desarrollo del concepto de\u00a0<strong>Responsabilidad Corporativa respecto del Medioambiente<\/strong>, que sirve para evaluar hasta qu\u00e9 punto nuestras pr\u00e1cticas ayudan al equilibrio del planeta. En otras palabras, este t\u00e9rmino habla del grado de compromiso que, como empresa, tenemos hacia el entorno que nos rodea.<\/p>\n\n\n\n<p>\u00bfCu\u00e1nto minimizamos el impacto que nuestra actividad tiene sobre el territorio?<br>Desde Flors i Violes desarrollamos una serie de principios y acciones encaminadas a reducir al m\u00ednimo nuestra huella ecol\u00f3gica y nuestro impacto negativo sobre el entorno.<\/p>\n\n\n\n<div style=\"height:100px\" aria-hidden=\"true\" class=\"wp-block-spacer\"><\/div>\n\n\n\n<h2 class=\"wp-block-heading\"><strong>Producto local y producto ecol\u00f3gico<\/strong><\/h2>\n\n\n\n<p>Como distribuidora comprometida con el medio ambiente, intentamos dar prioridad al producto local o ecol\u00f3gico por tener numerosos beneficios sociales y ambientales.<br>\u200d<br>El producto local, adem\u00e1s de ser un producto de elevada calidad, posee una serie de atractivos que lo hacen m\u00e1s sostenible. Por ejemplo, permiten el desarrollo de la agricultura local, fomentan la conservaci\u00f3n del territorio y el paisaje, y es un producto cuya huella ecol\u00f3gica esta muy por debajo de todos aquellos productos que son importados.<\/p>\n\n\n\n<p>Como distribuidora comprometida con el medio ambiente, intentamos dar prioridad al producto local o ecol\u00f3gico por tener numerosos beneficios sociales y ambientales. El producto local, adem\u00e1s de ser un producto de elevada calidad, posee una serie de atractivos que lo hacen m\u00e1s sostenible.<\/p>\n\n\n\n<p>Asimismo, el producto ecol\u00f3gico, posee los mismos beneficios que el producto local, a las que hay que sumar la ausencia de fitosanitarios, con lo que&nbsp;<strong>se evita la contaminaci\u00f3n de suelos, agua, aire<\/strong>&nbsp;y asimismo, la contaminaci\u00f3n de los propios alimentos.<\/p>\n\n\n\n<p>Por estos motivos, intentamos priorizar el suministro de productos de proximidad o Km 0, sin embargo, la elevada demanda existente en los meses estivales hace que siga habiendo una fuerte dependencia a la importaci\u00f3n de productos frescos procedentes de la pen\u00ednsula.<\/p>\n\n\n\n<p>Cuanto m\u00e1s apoyemos la agricultura local menor ser\u00e1 la dependencia con las importaciones y por lo tanto, menor ser\u00e1 la huella ecol\u00f3gica asociada.<\/p>\n\n\n\n<div style=\"height:100px\" aria-hidden=\"true\" class=\"wp-block-spacer\"><\/div>\n\n\n\n<h2 class=\"wp-block-heading\"><strong>Huella ecol\u00f3gica<\/strong><\/h2>\n\n\n\n<p>Como empresa, somo conscientes que nuestra actividad genera unas emisiones de CO2. Desde la Responsabilidad Ambiental corporativa calculamos nuestra huella de CO2 anual y la compensamos con la donaci\u00f3n del importe correspondiente a diferentes proyectos nacionales e internacionales de preservaci\u00f3n del Medio ambiente.<\/p>\n\n\n\n<div style=\"height:100px\" aria-hidden=\"true\" class=\"wp-block-spacer\"><\/div>\n\n\n\n<h2 class=\"wp-block-heading\"><strong>Residuos<\/strong><\/h2>\n\n\n\n<p>Para sumarnos al movimiento \u201cZero Waste\u201d o \u201cCero Residuos\u201d ponemos todo nuestro empe\u00f1o en reducir al m\u00ednimo la presencia de residuos en la cadena de transporte. De esta manera, y cumpliendo siempre con las condiciones sanitarias, los productos son suministrados a granel, evitando la presencia y el uso de pl\u00e1sticos en la medida de lo posible.<\/p>\n\n\n\n<p>Adem\u00e1s, los productos son suministrados en cajas de pl\u00e1stico duro reciclado y reutilizable, de manera que el producto se entrega en un soporte c\u00edclico que evita la generaci\u00f3n de residuo.<\/p>\n\n\n\n<div style=\"height:100px\" aria-hidden=\"true\" class=\"wp-block-spacer\"><\/div>\n\n\n\n<h2 class=\"wp-block-heading\"><strong>Digitalizaci\u00f3n del sistema de pedidos<\/strong><\/h2>\n\n\n\n<p>En la l\u00ednea del compromiso \u201cZero Waste\u201d, ponemos a disposici\u00f3n del cliente la posibilidad de realizar los pedidos de forma r\u00e1pida, c\u00f3moda y sencilla, sin que intervenga en ella, consumo alguno de papel.<\/p>\n\n\n\n<p>La entrega diaria de albaranes para la comprobaci\u00f3n en la recepci\u00f3n del pedido hace que se genere una gran cantidad de papel pero gracias al sistema&nbsp;<strong><em>Click to Receive<\/em><\/strong>, nuestros pedidos se realizan de forma \u00e1gil y sencilla en formato digital y una vez comprobados en la recepci\u00f3n, se env\u00eda una copia del albar\u00e1n digital a la direcci\u00f3n de correo electr\u00f3nico que la empresa facilita.<\/p>\n\n\n\n<p>De esta manera evitamos generar un futuro residuo y se facilita la gesti\u00f3n de albaranes para la facturaci\u00f3n.<\/p>\n\n\n\n<div style=\"height:100px\" aria-hidden=\"true\" class=\"wp-block-spacer\"><\/div>\n\n\n\n<h2 class=\"wp-block-heading\"><strong>Segunda Vida<\/strong><\/h2>\n\n\n\n<p>Como distribuidora de productos frescos perecederos, es f\u00e1cil encontrarse con productos que no re\u00fanen los est\u00e1ndares de consumo, pues pasados unos d\u00edas, los productos que no son vendidos van perdiendo firmeza o presencia.<\/p>\n\n\n\n<p>Estos productos est\u00e1n en&nbsp;<strong>perfecto estado de consumo<\/strong>, sin embargo, su presencia ha dejado de ser atrayente para el cliente.<\/p>\n\n\n\n<p>Para que esta mercanc\u00eda no acabe en la basura, desde la responsabilidad corporativa, hemos buscado la manera de darle una segunda oportunidad, una segunda vida.<\/p>\n\n\n\n<p>As\u00ed pues,&nbsp;<strong>estos productos son entregados a diferentes organizaciones o entidades a coste cero<\/strong>, para que puedan ser empleados y no acaben en el vertedero.<\/p>\n\n\n\n<p>En Espa\u00f1a, en 2019, se tiraron m\u00e1s de 1.300 millones de kilos de comida a la basura, dato que sigue increment\u00e1ndose a\u00f1o tras a\u00f1o. Por eso, es nuestra responsabilidad no sumar ni un kilo m\u00e1s, en la medida de lo posible.<\/p>\n\n\n\n<div style=\"height:100px\" aria-hidden=\"true\" class=\"wp-block-spacer\"><\/div>\n\n\n\n<h2 class=\"wp-block-heading\"><strong>Apoyo a instituciones<\/strong><br><\/h2>\n\n\n\n<p>Hasta ahora hemos nombrado alguna de las acciones que llevamos a cabo de forma interna y propia de la empresa para reducir al m\u00e1ximo nuestro impacto negativo sobre el Medio ambiente. Sin embargo, nuestro compromiso no acaba ah\u00ed, pues somos conscientes de que&nbsp;<strong>no solo se trata de minimizar los impactos negativos<\/strong>, tambi\u00e9n se puede contribuir para generar impactos positivos.<br><br>En esta l\u00ednea de acci\u00f3n, Flors i violes realiza cada a\u00f1o&nbsp;<strong>donaciones econ\u00f3micas a diferentes entidades de la Isla<\/strong>&nbsp;para apoyar toda acci\u00f3n encaminada a la preservaci\u00f3n y conservaci\u00f3n del territorio. Este a\u00f1o colaboramos con Proartso e Ibiza Conciencia.<\/p>\n\n\n\n<p>Flors i Violes es, en primera instancia, un medio para conseguir estos fines, una forma de trabajar en pos de un objetivo solidario, ecol\u00f3gico y mancomunado. Es una forma que, con peque\u00f1os gestos nos permite alcanzar grandes metas.<br><br>Si t\u00fa tambi\u00e9n deseas ser parte de este movimiento, \u00fanete nosotros comprando productos ecol\u00f3gicos y de otras empresas locales en nuestra&nbsp;<a href=\"https:\/\/florsivioles.marketingempresas.es\/en\/responsabilidad-corporativa\/\">tienda<\/a>. De esta forma, puedes aportar tu granito de arena. Simplemente lo haces impulsando una econom\u00eda local y circular que nos beneficia a todos y todas.<br>Queremos que los recursos se queden en la isla, en manos de los actores del cambio, de las personas, empresas e instituciones locales.<br>\u200d<br>Queremos trabajar por y para Ibiza.<\/p>","protected":false},"excerpt":{"rendered":"<p>La preocupaci\u00f3n por el medio ambiente ha propiciado cambios importantes en nuestro entorno. Uno de ellos ha sido, por ejemplo, la introducci\u00f3n y el desarrollo del concepto de\u00a0Responsabilidad Corporativa respecto del Medioambiente, que sirve para evaluar hasta qu\u00e9 punto nuestras pr\u00e1cticas ayudan al equilibrio del planeta. En otras palabras, este t\u00e9rmino habla del grado de [&hellip;]<\/p>","protected":false},"author":93,"featured_media":6247,"parent":0,"menu_order":0,"comment_status":"closed","ping_status":"closed","template":"","meta":{"_uag_custom_page_level_css":"","footnotes":""},"class_list":["post-2848","page","type-page","status-publish","has-post-thumbnail","hentry"],"uagb_featured_image_src":{"full":["https:\/\/florsivioles.marketingempresas.es\/wp-content\/uploads\/2022\/11\/Portada-Facebook.jpg",851,315,false],"thumbnail":["https:\/\/florsivioles.marketingempresas.es\/wp-content\/uploads\/2022\/11\/Portada-Facebook-150x56.jpg",150,56,true],"medium":["https:\/\/florsivioles.marketingempresas.es\/wp-content\/uploads\/2022\/11\/Portada-Facebook-364x135.jpg",364,135,true],"medium_large":["https:\/\/florsivioles.marketingempresas.es\/wp-content\/uploads\/2022\/11\/Portada-Facebook-768x284.jpg",768,284,true],"large":["https:\/\/florsivioles.marketingempresas.es\/wp-content\/uploads\/2022\/11\/Portada-Facebook.jpg",851,315,false],"1536x1536":["https:\/\/florsivioles.marketingempresas.es\/wp-content\/uploads\/2022\/11\/Portada-Facebook.jpg",851,315,false],"2048x2048":["https:\/\/florsivioles.marketingempresas.es\/wp-content\/uploads\/2022\/11\/Portada-Facebook.jpg",851,315,false],"trp-custom-language-flag":["https:\/\/florsivioles.marketingempresas.es\/wp-content\/uploads\/2022\/11\/Portada-Facebook-18x7.jpg",18,7,true],"woocommerce_thumbnail":["https:\/\/florsivioles.marketingempresas.es\/wp-content\/uploads\/2022\/11\/Portada-Facebook-260x260.jpg",260,260,true],"woocommerce_single":["https:\/\/florsivioles.marketingempresas.es\/wp-content\/uploads\/2022\/11\/Portada-Facebook-360x133.jpg",360,133,true],"woocommerce_gallery_thumbnail":["https:\/\/florsivioles.marketingempresas.es\/wp-content\/uploads\/2022\/11\/Portada-Facebook-100x100.jpg",100,100,true]},"uagb_author_info":{"display_name":"Christian Roig Brown","author_link":"https:\/\/florsivioles.marketingempresas.es\/en\/author\/christian-roig-brown\/"},"uagb_comment_info":0,"uagb_excerpt":"La preocupaci\u00f3n por el medio ambiente ha propiciado cambios importantes en nuestro entorno. Uno de ellos ha sido, por ejemplo, la introducci\u00f3n y el desarrollo del concepto de\u00a0Responsabilidad Corporativa respecto del Medioambiente, que sirve para evaluar hasta qu\u00e9 punto nuestras pr\u00e1cticas ayudan al equilibrio del planeta. En otras palabras, este t\u00e9rmino habla del grado de&hellip;","_links":{"self":[{"href":"https:\/\/florsivioles.marketingempresas.es\/en\/wp-json\/wp\/v2\/pages\/2848","targetHints":{"allow":["GET"]}}],"collection":[{"href":"https:\/\/florsivioles.marketingempresas.es\/en\/wp-json\/wp\/v2\/pages"}],"about":[{"href":"https:\/\/florsivioles.marketingempresas.es\/en\/wp-json\/wp\/v2\/types\/page"}],"author":[{"embeddable":true,"href":"https:\/\/florsivioles.marketingempresas.es\/en\/wp-json\/wp\/v2\/users\/93"}],"replies":[{"embeddable":true,"href":"https:\/\/florsivioles.marketingempresas.es\/en\/wp-json\/wp\/v2\/comments?post=2848"}],"version-history":[{"count":0,"href":"https:\/\/florsivioles.marketingempresas.es\/en\/wp-json\/wp\/v2\/pages\/2848\/revisions"}],"wp:featuredmedia":[{"embeddable":true,"href":"https:\/\/florsivioles.marketingempresas.es\/en\/wp-json\/wp\/v2\/media\/6247"}],"wp:attachment":[{"href":"https:\/\/florsivioles.marketingempresas.es\/en\/wp-json\/wp\/v2\/media?parent=2848"}],"curies":[{"name":"wp","href":"https:\/\/api.w.org\/{rel}","templated":true}]}}