{"id":24,"date":"2020-03-24T20:25:17","date_gmt":"2020-03-24T19:25:17","guid":{"rendered":"https:\/\/florsivioles.marketingempresas.es\/?page_id=24"},"modified":"2023-09-29T18:43:35","modified_gmt":"2023-09-29T16:43:35","slug":"politica-de-privacidad","status":"publish","type":"page","link":"https:\/\/florsivioles.marketingempresas.es\/en\/politica-de-privacidad\/","title":{"rendered":"Politica De Privacidad"},"content":{"rendered":"<p>Lee nuestra pol\u00edtica de privacidad para sentirte segur@ acerca de c\u00f3mo gestionamos tu informaci\u00f3n.<\/p>","protected":false},"excerpt":{"rendered":"<p>Lee nuestra pol\u00edtica de privacidad para sentirte segur@ acerca de c\u00f3mo gestionamos tu informaci\u00f3n.<\/p>","protected":false},"author":93,"featured_media":6247,"parent":0,"menu_order":0,"comment_status":"closed","ping_status":"closed","template":"","meta":{"_uag_custom_page_level_css":"","footnotes":""},"class_list":["post-24","page","type-page","status-publish","has-post-thumbnail","hentry"],"uagb_featured_image_src":{"full":["https:\/\/florsivioles.marketingempresas.es\/wp-content\/uploads\/2022\/11\/Portada-Facebook.jpg",851,315,false],"thumbnail":["https:\/\/florsivioles.marketingempresas.es\/wp-content\/uploads\/2022\/11\/Portada-Facebook-150x56.jpg",150,56,true],"medium":["https:\/\/florsivioles.marketingempresas.es\/wp-content\/uploads\/2022\/11\/Portada-Facebook-364x135.jpg",364,135,true],"medium_large":["https:\/\/florsivioles.marketingempresas.es\/wp-content\/uploads\/2022\/11\/Portada-Facebook-768x284.jpg",768,284,true],"large":["https:\/\/florsivioles.marketingempresas.es\/wp-content\/uploads\/2022\/11\/Portada-Facebook.jpg",851,315,false],"1536x1536":["https:\/\/florsivioles.marketingempresas.es\/wp-content\/uploads\/2022\/11\/Portada-Facebook.jpg",851,315,false],"2048x2048":["https:\/\/florsivioles.marketingempresas.es\/wp-content\/uploads\/2022\/11\/Portada-Facebook.jpg",851,315,false],"trp-custom-language-flag":["https:\/\/florsivioles.marketingempresas.es\/wp-content\/uploads\/2022\/11\/Portada-Facebook-18x7.jpg",18,7,true],"woocommerce_thumbnail":["https:\/\/florsivioles.marketingempresas.es\/wp-content\/uploads\/2022\/11\/Portada-Facebook-260x260.jpg",260,260,true],"woocommerce_single":["https:\/\/florsivioles.marketingempresas.es\/wp-content\/uploads\/2022\/11\/Portada-Facebook-360x133.jpg",360,133,true],"woocommerce_gallery_thumbnail":["https:\/\/florsivioles.marketingempresas.es\/wp-content\/uploads\/2022\/11\/Portada-Facebook-100x100.jpg",100,100,true]},"uagb_author_info":{"display_name":"Christian Roig Brown","author_link":"https:\/\/florsivioles.marketingempresas.es\/en\/author\/christian-roig-brown\/"},"uagb_comment_info":0,"uagb_excerpt":"Lee nuestra pol\u00edtica de privacidad para sentirte segur@ acerca de c\u00f3mo gestionamos tu informaci\u00f3n.","_links":{"self":[{"href":"https:\/\/florsivioles.marketingempresas.es\/en\/wp-json\/wp\/v2\/pages\/24","targetHints":{"allow":["GET"]}}],"collection":[{"href":"https:\/\/florsivioles.marketingempresas.es\/en\/wp-json\/wp\/v2\/pages"}],"about":[{"href":"https:\/\/florsivioles.marketingempresas.es\/en\/wp-json\/wp\/v2\/types\/page"}],"author":[{"embeddable":true,"href":"https:\/\/florsivioles.marketingempresas.es\/en\/wp-json\/wp\/v2\/users\/93"}],"replies":[{"embeddable":true,"href":"https:\/\/florsivioles.marketingempresas.es\/en\/wp-json\/wp\/v2\/comments?post=24"}],"version-history":[{"count":0,"href":"https:\/\/florsivioles.marketingempresas.es\/en\/wp-json\/wp\/v2\/pages\/24\/revisions"}],"wp:featuredmedia":[{"embeddable":true,"href":"https:\/\/florsivioles.marketingempresas.es\/en\/wp-json\/wp\/v2\/media\/6247"}],"wp:attachment":[{"href":"https:\/\/florsivioles.marketingempresas.es\/en\/wp-json\/wp\/v2\/media?parent=24"}],"curies":[{"name":"wp","href":"https:\/\/api.w.org\/{rel}","templated":true}]}}