{"id":12,"date":"2020-03-24T20:25:17","date_gmt":"2020-03-24T19:25:17","guid":{"rendered":"https:\/\/florsivioles.marketingempresas.es\/?page_id=12"},"modified":"2022-11-25T22:52:32","modified_gmt":"2022-11-25T21:52:32","slug":"sobre-nosotros","status":"publish","type":"page","link":"https:\/\/florsivioles.marketingempresas.es\/en\/sobre-nosotros\/","title":{"rendered":"Sobre Nosotros"},"content":{"rendered":"<p>Elegir un buen distribuidor de fruta y verdura es esencial para contar con una materia prima de calidad y para garantizar la seguridad en los alimentos que ofreces en tu negocio.<br><br>Sabemos que el consumidor es gran demandante del producto local, pues lo valora muy por encima de otros, por eso priorizamos el producto local y de cercan\u00eda. Trabajamos con numerosos productores locales pero adem\u00e1s contamos con los mejores importadores nacionales e internacionales, ya que la variedad de productos demandados es tan elevada que necesitamos contar con excelentes puntos de referencia para seguir suministrando el mejor producto sin rebajar ni un \u00e1pice la calidad del mismo.<\/p>\n\n\n\n<p>Es por eso por lo que en Flors i Violes ponemos todo nuestro empe\u00f1o en suministrar el mejor g\u00e9nero a nuestros clientes para que sus elaboraciones cuenten con un sabor excelente y logren satisfacer al consumidor final. Trabajamos con profesionales del sector de la hosteler\u00eda, como bares, cafeter\u00edas, restaurantes, hoteles, adem\u00e1s de grandes colectivos, empresas, colegios y catering, a los que hacemos llegar nuestro g\u00e9nero con la m\u00e1xima frescura.<br><br>Ponemos a disposici\u00f3n de nuestros clientes riqu\u00edsimos productos de temporada y de todo el a\u00f1o. Contacta con nosotros, somos una empresa necesaria para tu cocina, comedor o catering. Con nosotros potenciar\u00e1s el sabor de tus platos y adem\u00e1s estar\u00e1s apoyando las iniciativas que proponemos para la preservaci\u00f3n y conservaci\u00f3n de nuestro territorio.<br><br>Flors i violes es una iniciativa privada con un fuerte car\u00e1cter solidario pues cada a\u00f1o destina parte de los beneficios a iniciativas medioambientales que entidades locales desarrollan en la isla. De esta manera, al recibir los productos desde esta distribuidora est\u00e1s generando un Patrimonio que se revierte en el cuidado y protecci\u00f3n de nuestros recursos naturales. (Ver m\u00e1s informaci\u00f3n sobre nuestra pol\u00edtica de&nbsp;<a href=\"https:\/\/florsivioles.marketingempresas.es\/en\/responsabilidad-corporativa\/\">Responsabilidad Ambiental Corporativa<\/a><strong><em><\/em><\/strong>). Si est\u00e1s implicado en la necesidad de generar un cambio, s\u00famate a esta propuesta.<br><br><em>\u201cDale vida a tus platos y le estar\u00e1s dando vida a la Isla\u201d<\/em><\/p>","protected":false},"excerpt":{"rendered":"<p>Elegir un buen distribuidor de fruta y verdura es esencial para contar con una materia prima de calidad y para garantizar la seguridad en los alimentos que ofreces en tu negocio. Sabemos que el consumidor es gran demandante del producto local, pues lo valora muy por encima de otros, por eso priorizamos el producto local [&hellip;]<\/p>","protected":false},"author":93,"featured_media":0,"parent":0,"menu_order":0,"comment_status":"closed","ping_status":"closed","template":"","meta":{"_uag_custom_page_level_css":"","footnotes":""},"class_list":["post-12","page","type-page","status-publish","hentry"],"uagb_featured_image_src":{"full":false,"thumbnail":false,"medium":false,"medium_large":false,"large":false,"1536x1536":false,"2048x2048":false,"trp-custom-language-flag":false,"woocommerce_thumbnail":false,"woocommerce_single":false,"woocommerce_gallery_thumbnail":false},"uagb_author_info":{"display_name":"Christian Roig Brown","author_link":"https:\/\/florsivioles.marketingempresas.es\/en\/author\/christian-roig-brown\/"},"uagb_comment_info":0,"uagb_excerpt":"Elegir un buen distribuidor de fruta y verdura es esencial para contar con una materia prima de calidad y para garantizar la seguridad en los alimentos que ofreces en tu negocio. Sabemos que el consumidor es gran demandante del producto local, pues lo valora muy por encima de otros, por eso priorizamos el producto local&hellip;","_links":{"self":[{"href":"https:\/\/florsivioles.marketingempresas.es\/en\/wp-json\/wp\/v2\/pages\/12","targetHints":{"allow":["GET"]}}],"collection":[{"href":"https:\/\/florsivioles.marketingempresas.es\/en\/wp-json\/wp\/v2\/pages"}],"about":[{"href":"https:\/\/florsivioles.marketingempresas.es\/en\/wp-json\/wp\/v2\/types\/page"}],"author":[{"embeddable":true,"href":"https:\/\/florsivioles.marketingempresas.es\/en\/wp-json\/wp\/v2\/users\/93"}],"replies":[{"embeddable":true,"href":"https:\/\/florsivioles.marketingempresas.es\/en\/wp-json\/wp\/v2\/comments?post=12"}],"version-history":[{"count":0,"href":"https:\/\/florsivioles.marketingempresas.es\/en\/wp-json\/wp\/v2\/pages\/12\/revisions"}],"wp:attachment":[{"href":"https:\/\/florsivioles.marketingempresas.es\/en\/wp-json\/wp\/v2\/media?parent=12"}],"curies":[{"name":"wp","href":"https:\/\/api.w.org\/{rel}","templated":true}]}}